{"id":10188,"date":"2020-03-18T10:13:05","date_gmt":"2020-03-18T10:13:05","guid":{"rendered":"https:\/\/www.treatwell.at\/inspiration\/?page_id=10188"},"modified":"2023-09-29T09:55:29","modified_gmt":"2023-09-29T07:55:29","slug":"affiliates","status":"publish","type":"page","link":"https:\/\/www.treatwell.at/inspiration\/affiliates\/","title":{"rendered":"Affiliates"},"content":{"rendered":"\nWerde Partner<br>\nvon Treatwell\n\t<p>Schlie\u00df dich uns an und werde ein Teil der Treatwell-Family. Es ist wirklich einfach und lohnt sich!<\/p>\n\t\t\t<a href=\"https:\/\/signup.linkshare.com\/publishers\/registration\/landing\" target=\"_blank\" role=\"button\" rel=\"noopener\">\n\t\t\t\t\t\t\tRegistrieren\n\t\t\t\t\t<\/a>\n\tIk doe mee!<br>\nHoe meld ik mij aan?\n\tEs ist supereinfach.<br>\nIn 4 Schritten zum Affiliate werden:\n\t<p>1<\/p>\n\t<p>Hier trittst du unserem Netzwerk bei<\/p>\n\t\t\t<a href=\"https:\/\/signup.linkshare.com\/publishers\/registration\/landing\" target=\"_blank\" role=\"button\" rel=\"noopener\">\n\t\t\t\t\t\t\tAnmelden\n\t\t\t\t\t<\/a>\n\t<p>2<\/p>\n\t<p>Erstelle deinen Affiliate-Link \u00fcber Impact und platziere ihn auf deinem Blog, Social Media Kanal, deiner Webseite oder App.<\/p>\n\t<p>3<\/p>\n\t<p>Erh\u00f6he die Besucherzahlen auf treatwell.at<\/p>\n\t<p>4<\/p>\n\t<p>Verdiene bis zu 5 % Provision auf alle Buchungen, die du uns gebracht hast!<\/p>\n\t<p>Wie zijn wij?<\/p>\n\t<p>Treatwell ist die gro\u00dfe europ\u00e4ische Online-Buchungsplattform f\u00fcr Friseur und Beauty. Wir erm\u00f6glichen es, den besten Salon zu finden und das perfekte Treatment zu buchen &#8211; auch in letzter Minute und rund um die Uhr. Unser Ziel ist es, jeden dazu zu bewegen, ihre individuelle Sch\u00f6nheit zum Ausdruck zu bringen.<\/p>\n\t\t\t\t<img loading=\"lazy\" decoding=\"async\" src=\"https:\/\/en-gb.twinspiration.wpengine.treatwell.com\/wp-content\/uploads\/sites\/9\/2019\/05\/Phone-image-2.jpg\" alt=\"Phone-image-2\" itemprop=\"image\" height=\"470\" width=\"540\" title=\"Phone-image-2\" onerror=\"this.style.display='none'\">\n","protected":false},"excerpt":{"rendered":"<p>Werde Partner von Treatwell Schlie\u00df dich uns an und werde ein Teil der Treatwell-Family. Es ist wirklich einfach und lohnt sich! Registrieren Ik doe mee! Hoe meld ik mij aan? Es ist supereinfach. In 4 Schritten zum Affiliate werden: 1 Hier trittst du unserem Netzwerk bei Anmelden 2 Erstelle deinen Affiliate-Link \u00fcber Impact und platziere&hellip;<\/p>\n","protected":false},"author":147,"featured_media":0,"parent":0,"menu_order":0,"comment_status":"closed","ping_status":"closed","template":"","meta":{"inline_featured_image":false,"footnotes":""},"class_list":["post-10188","page","type-page","status-publish","hentry"],"yoast_head":"<!-- This site is optimized with the Yoast SEO plugin v27.4 - https:\/\/yoast.com\/product\/yoast-seo-wordpress\/ -->\n<title>Affiliates - Treatwell AT<\/title>\n<meta name=\"robots\" content=\"index, follow, max-snippet:-1, max-image-preview:large, max-video-preview:-1\" \/>\n<link rel=\"canonical\" href=\"https:\/\/www.treatwell.at/inspiration\/affiliates\/\" \/>\n<meta property=\"og:locale\" content=\"de_DE\" \/>\n<meta property=\"og:type\" content=\"article\" \/>\n<meta property=\"og:title\" content=\"Affiliates - Treatwell AT\" \/>\n<meta property=\"og:description\" content=\"Werde Partner von Treatwell Schlie\u00df dich uns an und werde ein Teil der Treatwell-Family. Es ist wirklich einfach und lohnt sich! Registrieren Ik doe mee! Hoe meld ik mij aan? Es ist supereinfach. In 4 Schritten zum Affiliate werden: 1 Hier trittst du unserem Netzwerk bei Anmelden 2 Erstelle deinen Affiliate-Link \u00fcber Impact und platziere&hellip;\" \/>\n<meta property=\"og:url\" content=\"https:\/\/www.treatwell.at/inspiration\/affiliates\/\" \/>\n<meta property=\"og:site_name\" content=\"Treatwell AT\" \/>\n<meta property=\"article:modified_time\" content=\"2023-09-29T07:55:29+00:00\" \/>\n<meta property=\"og:image\" content=\"https:\/\/en-gb.twinspiration.wpengine.treatwell.com\/wp-content\/uploads\/sites\/9\/2019\/05\/Phone-image-2.jpg\" \/>\n<meta name=\"twitter:card\" content=\"summary_large_image\" \/>\n<meta name=\"twitter:label1\" content=\"Gesch\u00e4tzte Lesezeit\" \/>\n\t<meta name=\"twitter:data1\" content=\"1 Minute\" \/>\n<script type=\"application\/ld+json\" class=\"yoast-schema-graph\">{\"@context\":\"https:\\\/\\\/schema.org\",\"@graph\":[{\"@type\":\"WebPage\",\"@id\":\"https:\\\/\\\/www.treatwell.at/inspiration\\\/affiliates\\\/\",\"url\":\"https:\\\/\\\/www.treatwell.at/inspiration\\\/affiliates\\\/\",\"name\":\"Affiliates - Treatwell AT\",\"isPartOf\":{\"@id\":\"https:\\\/\\\/www.treatwell.at/inspiration\\\/#website\"},\"primaryImageOfPage\":{\"@id\":\"https:\\\/\\\/www.treatwell.at/inspiration\\\/affiliates\\\/#primaryimage\"},\"image\":{\"@id\":\"https:\\\/\\\/www.treatwell.at/inspiration\\\/affiliates\\\/#primaryimage\"},\"thumbnailUrl\":\"https:\\\/\\\/en-gb.twinspiration.wpengine.treatwell.com\\\/wp-content\\\/uploads\\\/sites\\\/9\\\/2019\\\/05\\\/Phone-image-2.jpg\",\"datePublished\":\"2020-03-18T10:13:05+00:00\",\"dateModified\":\"2023-09-29T07:55:29+00:00\",\"breadcrumb\":{\"@id\":\"https:\\\/\\\/www.treatwell.at/inspiration\\\/affiliates\\\/#breadcrumb\"},\"inLanguage\":\"de-DE\",\"potentialAction\":[{\"@type\":\"ReadAction\",\"target\":[\"https:\\\/\\\/www.treatwell.at/inspiration\\\/affiliates\\\/\"]}]},{\"@type\":\"ImageObject\",\"inLanguage\":\"de-DE\",\"@id\":\"https:\\\/\\\/www.treatwell.at/inspiration\\\/affiliates\\\/#primaryimage\",\"url\":\"https:\\\/\\\/en-gb.twinspiration.wpengine.treatwell.com\\\/wp-content\\\/uploads\\\/sites\\\/9\\\/2019\\\/05\\\/Phone-image-2.jpg\",\"contentUrl\":\"https:\\\/\\\/en-gb.twinspiration.wpengine.treatwell.com\\\/wp-content\\\/uploads\\\/sites\\\/9\\\/2019\\\/05\\\/Phone-image-2.jpg\"},{\"@type\":\"BreadcrumbList\",\"@id\":\"https:\\\/\\\/www.treatwell.at/inspiration\\\/affiliates\\\/#breadcrumb\",\"itemListElement\":[{\"@type\":\"ListItem\",\"position\":1,\"name\":\"Home\",\"item\":\"https:\\\/\\\/www.treatwell.at/inspiration\\\/\"},{\"@type\":\"ListItem\",\"position\":2,\"name\":\"Affiliates\"}]},{\"@type\":\"WebSite\",\"@id\":\"https:\\\/\\\/www.treatwell.at/inspiration\\\/#website\",\"url\":\"https:\\\/\\\/www.treatwell.at/inspiration\\\/\",\"name\":\"Treatwell AT\",\"description\":\"\",\"potentialAction\":[{\"@type\":\"SearchAction\",\"target\":{\"@type\":\"EntryPoint\",\"urlTemplate\":\"https:\\\/\\\/www.treatwell.at/inspiration\\\/?s={search_term_string}\"},\"query-input\":{\"@type\":\"PropertyValueSpecification\",\"valueRequired\":true,\"valueName\":\"search_term_string\"}}],\"inLanguage\":\"de-DE\"}]}<\/script>\n<!-- \/ Yoast SEO plugin. -->","yoast_head_json":{"title":"Affiliates - Treatwell AT","robots":{"index":"index","follow":"follow","max-snippet":"max-snippet:-1","max-image-preview":"max-image-preview:large","max-video-preview":"max-video-preview:-1"},"canonical":"https:\/\/www.treatwell.at/inspiration\/affiliates\/","og_locale":"de_DE","og_type":"article","og_title":"Affiliates - Treatwell AT","og_description":"Werde Partner von Treatwell Schlie\u00df dich uns an und werde ein Teil der Treatwell-Family. Es ist wirklich einfach und lohnt sich! Registrieren Ik doe mee! Hoe meld ik mij aan? Es ist supereinfach. In 4 Schritten zum Affiliate werden: 1 Hier trittst du unserem Netzwerk bei Anmelden 2 Erstelle deinen Affiliate-Link \u00fcber Impact und platziere&hellip;","og_url":"https:\/\/www.treatwell.at/inspiration\/affiliates\/","og_site_name":"Treatwell AT","article_modified_time":"2023-09-29T07:55:29+00:00","og_image":[{"url":"https:\/\/en-gb.twinspiration.wpengine.treatwell.com\/wp-content\/uploads\/sites\/9\/2019\/05\/Phone-image-2.jpg","type":"","width":"","height":""}],"twitter_card":"summary_large_image","twitter_misc":{"Gesch\u00e4tzte Lesezeit":"1 Minute"},"schema":{"@context":"https:\/\/schema.org","@graph":[{"@type":"WebPage","@id":"https:\/\/www.treatwell.at/inspiration\/affiliates\/","url":"https:\/\/www.treatwell.at/inspiration\/affiliates\/","name":"Affiliates - Treatwell AT","isPartOf":{"@id":"https:\/\/www.treatwell.at/inspiration\/#website"},"primaryImageOfPage":{"@id":"https:\/\/www.treatwell.at/inspiration\/affiliates\/#primaryimage"},"image":{"@id":"https:\/\/www.treatwell.at/inspiration\/affiliates\/#primaryimage"},"thumbnailUrl":"https:\/\/en-gb.twinspiration.wpengine.treatwell.com\/wp-content\/uploads\/sites\/9\/2019\/05\/Phone-image-2.jpg","datePublished":"2020-03-18T10:13:05+00:00","dateModified":"2023-09-29T07:55:29+00:00","breadcrumb":{"@id":"https:\/\/www.treatwell.at/inspiration\/affiliates\/#breadcrumb"},"inLanguage":"de-DE","potentialAction":[{"@type":"ReadAction","target":["https:\/\/www.treatwell.at/inspiration\/affiliates\/"]}]},{"@type":"ImageObject","inLanguage":"de-DE","@id":"https:\/\/www.treatwell.at/inspiration\/affiliates\/#primaryimage","url":"https:\/\/en-gb.twinspiration.wpengine.treatwell.com\/wp-content\/uploads\/sites\/9\/2019\/05\/Phone-image-2.jpg","contentUrl":"https:\/\/en-gb.twinspiration.wpengine.treatwell.com\/wp-content\/uploads\/sites\/9\/2019\/05\/Phone-image-2.jpg"},{"@type":"BreadcrumbList","@id":"https:\/\/www.treatwell.at/inspiration\/affiliates\/#breadcrumb","itemListElement":[{"@type":"ListItem","position":1,"name":"Home","item":"https:\/\/www.treatwell.at/inspiration\/"},{"@type":"ListItem","position":2,"name":"Affiliates"}]},{"@type":"WebSite","@id":"https:\/\/www.treatwell.at/inspiration\/#website","url":"https:\/\/www.treatwell.at/inspiration\/","name":"Treatwell AT","description":"","potentialAction":[{"@type":"SearchAction","target":{"@type":"EntryPoint","urlTemplate":"https:\/\/www.treatwell.at/inspiration\/?s={search_term_string}"},"query-input":{"@type":"PropertyValueSpecification","valueRequired":true,"valueName":"search_term_string"}}],"inLanguage":"de-DE"}]}},"_links":{"self":[{"href":"https:\/\/www.treatwell.at\/inspiration\/wp-json\/wp\/v2\/pages\/10188","targetHints":{"allow":["GET"]}}],"collection":[{"href":"https:\/\/www.treatwell.at\/inspiration\/wp-json\/wp\/v2\/pages"}],"about":[{"href":"https:\/\/www.treatwell.at\/inspiration\/wp-json\/wp\/v2\/types\/page"}],"author":[{"embeddable":true,"href":"https:\/\/www.treatwell.at\/inspiration\/wp-json\/wp\/v2\/users\/147"}],"replies":[{"embeddable":true,"href":"https:\/\/www.treatwell.at\/inspiration\/wp-json\/wp\/v2\/comments?post=10188"}],"version-history":[{"count":0,"href":"https:\/\/www.treatwell.at\/inspiration\/wp-json\/wp\/v2\/pages\/10188\/revisions"}],"wp:attachment":[{"href":"https:\/\/www.treatwell.at\/inspiration\/wp-json\/wp\/v2\/media?parent=10188"}],"curies":[{"name":"wp","href":"https:\/\/api.w.org\/{rel}","templated":true}]}}