{"id":4797,"date":"2017-04-13T12:58:03","date_gmt":"2017-04-13T12:58:03","guid":{"rendered":"https:\/\/www.treatwell.at\/inspiration\/?page_id=4797"},"modified":"2017-05-16T11:48:58","modified_gmt":"2017-05-16T11:48:58","slug":"dumusstmalwieder","status":"publish","type":"page","link":"https:\/\/www.treatwell.at/inspiration\/dumusstmalwieder\/","title":{"rendered":"dumusstmalwieder"},"content":{"rendered":"<h1>\n\t\tDu musst mal wieder&#8230;<br \/>\n\t<\/h1>\n<h2>\n\t\tbis zu 30% sparen?<br \/>\n\t<\/h2>\n<h2>\n\t\tUnsere unschlagbaren Angebote<br \/>\n\t<\/h2>\n<p>\t\t\t\t<a href=\"https:\/\/www.treatwell.at\/orte\/behandlung-damenhaarschnitt\/angebot-typ-lokal\/rabatte-flexibel\/in-wien-at\/ordnen-beliebteste-aufsteigend\/\" target=\"_self\"><br \/>\n\t\t\t\t<img decoding=\"async\" src=\"https:\/\/de-de.twinspiration.wpengine.treatwell.com\/wp-content\/uploads\/sites\/7\/2017\/04\/TW_DE_DUMUSSTMALWIEDER_Landingpage_KK_v01_05.jpg\" alt=\"TW_DE_#DUMUSSTMALWIEDER_Landingpage_KK_v01_05\" \/><br \/>\n\t\t\t\t<\/a><br \/>\n\t\t\t\t<a href=\"https:\/\/www.treatwell.at\/orte\/behandlung-gruppe-haarentfernung\/angebot-typ-lokal\/rabatte-flexibel\/in-wien-at\/ordnen-beliebteste-aufsteigend\/\" target=\"_self\"><br \/>\n\t\t\t\t<img decoding=\"async\" src=\"https:\/\/de-de.twinspiration.wpengine.treatwell.com\/wp-content\/uploads\/sites\/7\/2017\/04\/TW_DE_DUMUSSTMALWIEDER_Landingpage_KK_v01_07.jpg\" alt=\"TW_DE_#DUMUSSTMALWIEDER_Landingpage_KK_v01_07\" \/><br \/>\n\t\t\t\t<\/a><br \/>\n\t\t\t\t<a href=\"https:\/\/www.treatwell.at\/orte\/behandlung-gruppe-nagel\/angebot-typ-lokal\/rabatte-flexibel\/in-wien-at\/ordnen-beliebteste-aufsteigend\/\" target=\"_self\"><br \/>\n\t\t\t\t<img decoding=\"async\" src=\"https:\/\/de-de.twinspiration.wpengine.treatwell.com\/wp-content\/uploads\/sites\/7\/2017\/04\/TW_DE_DUMUSSTMALWIEDER_Landingpage_KK_v01_09.jpg\" alt=\"TW_DE_#DUMUSSTMALWIEDER_Landingpage_KK_v01_09\" \/><br \/>\n\t\t\t\t<\/a><br \/>\n\t\t\t\t<a href=\"https:\/\/www.treatwell.at\/orte\/behandlung-bart-trimmen-rasur,herren-farbe,maennerhaarschnitte\/angebot-typ-lokal\/rabatte-flexibel\/in-wien-at\/ordnen-beliebteste-aufsteigend\/\" target=\"_self\"><br \/>\n\t\t\t\t<img decoding=\"async\" src=\"https:\/\/de-de.twinspiration.wpengine.treatwell.com\/wp-content\/uploads\/sites\/7\/2017\/04\/TW_DE_DUMUSSTMALWIEDER_Landingpage_KK_v01_14_v02.jpg\" alt=\"TW_DE_#DUMUSSTMALWIEDER_Landingpage_KK_v01_14_v02\" \/><br \/>\n\t\t\t\t<\/a><br \/>\n\t\t\t\t<a href=\"https:\/\/www.treatwell.at\/orte\/behandlung-herren-waxing\/angebot-typ-lokal\/rabatte-flexibel\/in-wien-at\/ordnen-beliebteste-aufsteigend\/\" target=\"_self\"><br \/>\n\t\t\t\t<img decoding=\"async\" src=\"https:\/\/de-de.twinspiration.wpengine.treatwell.com\/wp-content\/uploads\/sites\/7\/2017\/04\/TW_DE_DUMUSSTMALWIEDER_Landingpage_KK_v01_15.jpg\" alt=\"TW_DE_#DUMUSSTMALWIEDER_Landingpage_KK_v01_15\" \/><br \/>\n\t\t\t\t<\/a><br \/>\n\t\t\t\t<a href=\"https:\/\/www.treatwell.at\/orte\/behandlung-manikuere,pedikuere\/angebot-typ-lokal\/rabatte-flexibel\/in-wien-at\/ordnen-beliebteste-aufsteigend\/\" target=\"_self\"><br \/>\n\t\t\t\t<img decoding=\"async\" src=\"https:\/\/de-de.twinspiration.wpengine.treatwell.com\/wp-content\/uploads\/sites\/7\/2017\/04\/TW_DE_DUMUSSTMALWIEDER_Landingpage_KK_v01_16.jpg\" alt=\"TW_DE_#DUMUSSTMALWIEDER_Landingpage_KK_v01_16\" \/><br \/>\n\t\t\t\t<\/a><br \/>\n\t\t\t\t<img decoding=\"async\" src=\"https:\/\/de-de.twinspiration.wpengine.treatwell.com\/wp-content\/uploads\/sites\/7\/2017\/04\/dumusstmalwieder3.png\" alt=\"dumusstmalwieder3\" \/><\/p>\n<h2>\n\t\tMit Treatwell geht &#8222;M\u00fcssen&#8220; besonders einfach.<br \/>\n\t<\/h2>\n<p style=\"text-align: justify\">\u201cDu musst mal wieder\u2026\u201d &#8211; viele S\u00e4tze beginnen auf diese Weise und verhei\u00dfen in den meisten F\u00e4llen Arbeit. Wir haben uns gedacht, diesen vier Worten einen angenehmen Anstrich zu verleihen.<\/p>\n<p style=\"text-align: justify\">Denn buchen kannst du bei uns immer, unabh\u00e4ngig von Zeit und Ort.\u00a0Freue dich auf einen klasse Haarschnitt, wundersch\u00f6n lackierte Fingern\u00e4gel oder traumhaft glatte Beine. Deinem \u201cMuss\u201d nach Beauty und Wellness sind bei uns keine Grenzen gesetzt.<\/p>\n<p>\t\t\t\t<img decoding=\"async\" src=\"https:\/\/de-de.twinspiration.wpengine.treatwell.com\/wp-content\/uploads\/sites\/7\/2017\/04\/dumusstmalwieder3.png\" alt=\"dumusstmalwieder3\" \/><br \/>\n\t\t\t<img decoding=\"async\" src=\"https:\/\/de-de.twinspiration.wpengine.treatwell.com\/wp-content\/uploads\/sites\/7\/2017\/04\/TW_DE_DUMUSSTMALWIEDER_slider_KK_v05.jpg\" alt=\"\" \/><a href=\"https:\/\/www.treatwell.at\/orte\/behandlung-kinderhaarschnitt\/angebot-typ-lokal\/in-wien-at\/ordnen-beliebteste-aufsteigend\/\" target=\"_blank\"><\/a><br \/>\n\t\t\t<img decoding=\"async\" src=\"https:\/\/de-de.twinspiration.wpengine.treatwell.com\/wp-content\/uploads\/sites\/7\/2017\/04\/TW_DE_DUMUSSTMALWIEDER_slider_KK_v03-1.jpg\" alt=\"\" \/><a href=\"https:\/\/www.treatwell.at\/inspiration\/sale\/\" target=\"_blank\"><\/a><br \/>\n\t\t\t\t<a href=\"#\"><\/p>\n<p><\/a><br \/>\n\t\t\t\t<a href=\"#\"><\/p>\n<p><\/a><br \/>\n\t\t\t\t<a href=\"https:\/\/www.treatwell.at\/orte\/angebot-typ-lokal\/in-wien-at\/ordnen-beliebteste-aufsteigend\/\" target=\"_blank\"><br \/>\n\t\t\t\t<img decoding=\"async\" src=\"https:\/\/de-de.twinspiration.wpengine.treatwell.com\/wp-content\/uploads\/sites\/7\/2017\/03\/TW_Spring-2017_Landingpage_DE_MP_v02_23.jpg\" alt=\"TW_Spring-2017_Landingpage_DE_MP_v02_23\" \/><br \/>\n\t\t\t\t<\/a><\/p>\n","protected":false},"excerpt":{"rendered":"<p>Du musst mal wieder&#8230; bis zu 30% sparen? Unsere unschlagbaren Angebote Mit Treatwell geht &#8222;M\u00fcssen&#8220; besonders einfach. \u201cDu musst mal wieder\u2026\u201d &#8211; viele S\u00e4tze beginnen auf diese Weise und verhei\u00dfen in den meisten F\u00e4llen Arbeit. Wir haben uns gedacht, diesen vier Worten einen angenehmen Anstrich zu verleihen. Denn buchen kannst du bei uns immer, unabh\u00e4ngig&hellip;<\/p>\n","protected":false},"author":51,"featured_media":4802,"parent":0,"menu_order":0,"comment_status":"closed","ping_status":"closed","template":"","meta":{"inline_featured_image":false,"footnotes":""},"class_list":["post-4797","page","type-page","status-publish","has-post-thumbnail","hentry"],"yoast_head":"<!-- This site is optimized with the Yoast SEO plugin v27.4 - https:\/\/yoast.com\/product\/yoast-seo-wordpress\/ -->\n<title>#dumusstmalwieder zum Friseur? Nagelstudio? Waxing?<\/title>\n<meta name=\"description\" content=\"Freu dich auf einen klasse Haarschnitt, inklusive Kopfmassage, wundersch\u00f6n lackierte Fingern\u00e4gel oder traumhaft glatte Beine.\" \/>\n<meta name=\"robots\" content=\"index, follow, max-snippet:-1, max-image-preview:large, max-video-preview:-1\" \/>\n<link rel=\"canonical\" href=\"https:\/\/www.treatwell.at/inspiration\/dumusstmalwieder\/\" \/>\n<meta property=\"og:locale\" content=\"de_DE\" \/>\n<meta property=\"og:type\" content=\"article\" \/>\n<meta property=\"og:title\" content=\"#dumusstmalwieder zum Friseur? Nagelstudio? Waxing?\" \/>\n<meta property=\"og:description\" content=\"Freu dich auf einen klasse Haarschnitt, inklusive Kopfmassage, wundersch\u00f6n lackierte Fingern\u00e4gel oder traumhaft glatte Beine.\" \/>\n<meta property=\"og:url\" content=\"https:\/\/www.treatwell.at/inspiration\/dumusstmalwieder\/\" \/>\n<meta property=\"og:site_name\" content=\"Treatwell AT\" \/>\n<meta property=\"article:modified_time\" content=\"2017-05-16T11:48:58+00:00\" \/>\n<meta property=\"og:image\" content=\"https:\/\/www.treatwell.at/inspiration\/wp-content\/uploads\/sites\/5\/2017\/04\/TW_DE_DUMUSSTMALWIEDER_Landingpage_hero2_KK_v01.jpg\" \/>\n\t<meta property=\"og:image:width\" content=\"2000\" \/>\n\t<meta property=\"og:image:height\" content=\"1100\" \/>\n\t<meta property=\"og:image:type\" content=\"image\/jpeg\" \/>\n<meta name=\"twitter:card\" content=\"summary_large_image\" \/>\n<script type=\"application\/ld+json\" class=\"yoast-schema-graph\">{\"@context\":\"https:\\\/\\\/schema.org\",\"@graph\":[{\"@type\":\"WebPage\",\"@id\":\"https:\\\/\\\/www.treatwell.at/inspiration\\\/dumusstmalwieder\\\/\",\"url\":\"https:\\\/\\\/www.treatwell.at/inspiration\\\/dumusstmalwieder\\\/\",\"name\":\"#dumusstmalwieder zum Friseur? Nagelstudio? Waxing?\",\"isPartOf\":{\"@id\":\"https:\\\/\\\/www.treatwell.at/inspiration\\\/#website\"},\"primaryImageOfPage\":{\"@id\":\"https:\\\/\\\/www.treatwell.at/inspiration\\\/dumusstmalwieder\\\/#primaryimage\"},\"image\":{\"@id\":\"https:\\\/\\\/www.treatwell.at/inspiration\\\/dumusstmalwieder\\\/#primaryimage\"},\"thumbnailUrl\":\"https:\\\/\\\/www.treatwell.at/inspiration\\\/wp-content\\\/uploads\\\/sites\\\/5\\\/2017\\\/04\\\/TW_DE_DUMUSSTMALWIEDER_Landingpage_hero2_KK_v01.jpg\",\"datePublished\":\"2017-04-13T12:58:03+00:00\",\"dateModified\":\"2017-05-16T11:48:58+00:00\",\"description\":\"Freu dich auf einen klasse Haarschnitt, inklusive Kopfmassage, wundersch\u00f6n lackierte Fingern\u00e4gel oder traumhaft glatte Beine.\",\"breadcrumb\":{\"@id\":\"https:\\\/\\\/www.treatwell.at/inspiration\\\/dumusstmalwieder\\\/#breadcrumb\"},\"inLanguage\":\"de-DE\",\"potentialAction\":[{\"@type\":\"ReadAction\",\"target\":[\"https:\\\/\\\/www.treatwell.at/inspiration\\\/dumusstmalwieder\\\/\"]}]},{\"@type\":\"ImageObject\",\"inLanguage\":\"de-DE\",\"@id\":\"https:\\\/\\\/www.treatwell.at/inspiration\\\/dumusstmalwieder\\\/#primaryimage\",\"url\":\"https:\\\/\\\/www.treatwell.at/inspiration\\\/wp-content\\\/uploads\\\/sites\\\/5\\\/2017\\\/04\\\/TW_DE_DUMUSSTMALWIEDER_Landingpage_hero2_KK_v01.jpg\",\"contentUrl\":\"https:\\\/\\\/www.treatwell.at/inspiration\\\/wp-content\\\/uploads\\\/sites\\\/5\\\/2017\\\/04\\\/TW_DE_DUMUSSTMALWIEDER_Landingpage_hero2_KK_v01.jpg\",\"width\":2000,\"height\":1100},{\"@type\":\"BreadcrumbList\",\"@id\":\"https:\\\/\\\/www.treatwell.at/inspiration\\\/dumusstmalwieder\\\/#breadcrumb\",\"itemListElement\":[{\"@type\":\"ListItem\",\"position\":1,\"name\":\"Home\",\"item\":\"https:\\\/\\\/www.treatwell.at/inspiration\\\/\"},{\"@type\":\"ListItem\",\"position\":2,\"name\":\"dumusstmalwieder\"}]},{\"@type\":\"WebSite\",\"@id\":\"https:\\\/\\\/www.treatwell.at/inspiration\\\/#website\",\"url\":\"https:\\\/\\\/www.treatwell.at/inspiration\\\/\",\"name\":\"Treatwell AT\",\"description\":\"\",\"potentialAction\":[{\"@type\":\"SearchAction\",\"target\":{\"@type\":\"EntryPoint\",\"urlTemplate\":\"https:\\\/\\\/www.treatwell.at/inspiration\\\/?s={search_term_string}\"},\"query-input\":{\"@type\":\"PropertyValueSpecification\",\"valueRequired\":true,\"valueName\":\"search_term_string\"}}],\"inLanguage\":\"de-DE\"}]}<\/script>\n<!-- \/ Yoast SEO plugin. -->","yoast_head_json":{"title":"#dumusstmalwieder zum Friseur? Nagelstudio? Waxing?","description":"Freu dich auf einen klasse Haarschnitt, inklusive Kopfmassage, wundersch\u00f6n lackierte Fingern\u00e4gel oder traumhaft glatte Beine.","robots":{"index":"index","follow":"follow","max-snippet":"max-snippet:-1","max-image-preview":"max-image-preview:large","max-video-preview":"max-video-preview:-1"},"canonical":"https:\/\/www.treatwell.at/inspiration\/dumusstmalwieder\/","og_locale":"de_DE","og_type":"article","og_title":"#dumusstmalwieder zum Friseur? Nagelstudio? Waxing?","og_description":"Freu dich auf einen klasse Haarschnitt, inklusive Kopfmassage, wundersch\u00f6n lackierte Fingern\u00e4gel oder traumhaft glatte Beine.","og_url":"https:\/\/www.treatwell.at/inspiration\/dumusstmalwieder\/","og_site_name":"Treatwell AT","article_modified_time":"2017-05-16T11:48:58+00:00","og_image":[{"width":2000,"height":1100,"url":"https:\/\/www.treatwell.at/inspiration\/wp-content\/uploads\/sites\/5\/2017\/04\/TW_DE_DUMUSSTMALWIEDER_Landingpage_hero2_KK_v01.jpg","type":"image\/jpeg"}],"twitter_card":"summary_large_image","schema":{"@context":"https:\/\/schema.org","@graph":[{"@type":"WebPage","@id":"https:\/\/www.treatwell.at/inspiration\/dumusstmalwieder\/","url":"https:\/\/www.treatwell.at/inspiration\/dumusstmalwieder\/","name":"#dumusstmalwieder zum Friseur? Nagelstudio? Waxing?","isPartOf":{"@id":"https:\/\/www.treatwell.at/inspiration\/#website"},"primaryImageOfPage":{"@id":"https:\/\/www.treatwell.at/inspiration\/dumusstmalwieder\/#primaryimage"},"image":{"@id":"https:\/\/www.treatwell.at/inspiration\/dumusstmalwieder\/#primaryimage"},"thumbnailUrl":"https:\/\/www.treatwell.at/inspiration\/wp-content\/uploads\/sites\/5\/2017\/04\/TW_DE_DUMUSSTMALWIEDER_Landingpage_hero2_KK_v01.jpg","datePublished":"2017-04-13T12:58:03+00:00","dateModified":"2017-05-16T11:48:58+00:00","description":"Freu dich auf einen klasse Haarschnitt, inklusive Kopfmassage, wundersch\u00f6n lackierte Fingern\u00e4gel oder traumhaft glatte Beine.","breadcrumb":{"@id":"https:\/\/www.treatwell.at/inspiration\/dumusstmalwieder\/#breadcrumb"},"inLanguage":"de-DE","potentialAction":[{"@type":"ReadAction","target":["https:\/\/www.treatwell.at/inspiration\/dumusstmalwieder\/"]}]},{"@type":"ImageObject","inLanguage":"de-DE","@id":"https:\/\/www.treatwell.at/inspiration\/dumusstmalwieder\/#primaryimage","url":"https:\/\/www.treatwell.at/inspiration\/wp-content\/uploads\/sites\/5\/2017\/04\/TW_DE_DUMUSSTMALWIEDER_Landingpage_hero2_KK_v01.jpg","contentUrl":"https:\/\/www.treatwell.at/inspiration\/wp-content\/uploads\/sites\/5\/2017\/04\/TW_DE_DUMUSSTMALWIEDER_Landingpage_hero2_KK_v01.jpg","width":2000,"height":1100},{"@type":"BreadcrumbList","@id":"https:\/\/www.treatwell.at/inspiration\/dumusstmalwieder\/#breadcrumb","itemListElement":[{"@type":"ListItem","position":1,"name":"Home","item":"https:\/\/www.treatwell.at/inspiration\/"},{"@type":"ListItem","position":2,"name":"dumusstmalwieder"}]},{"@type":"WebSite","@id":"https:\/\/www.treatwell.at/inspiration\/#website","url":"https:\/\/www.treatwell.at/inspiration\/","name":"Treatwell AT","description":"","potentialAction":[{"@type":"SearchAction","target":{"@type":"EntryPoint","urlTemplate":"https:\/\/www.treatwell.at/inspiration\/?s={search_term_string}"},"query-input":{"@type":"PropertyValueSpecification","valueRequired":true,"valueName":"search_term_string"}}],"inLanguage":"de-DE"}]}},"_links":{"self":[{"href":"https:\/\/www.treatwell.at\/inspiration\/wp-json\/wp\/v2\/pages\/4797","targetHints":{"allow":["GET"]}}],"collection":[{"href":"https:\/\/www.treatwell.at\/inspiration\/wp-json\/wp\/v2\/pages"}],"about":[{"href":"https:\/\/www.treatwell.at\/inspiration\/wp-json\/wp\/v2\/types\/page"}],"author":[{"embeddable":true,"href":"https:\/\/www.treatwell.at\/inspiration\/wp-json\/wp\/v2\/users\/51"}],"replies":[{"embeddable":true,"href":"https:\/\/www.treatwell.at\/inspiration\/wp-json\/wp\/v2\/comments?post=4797"}],"version-history":[{"count":0,"href":"https:\/\/www.treatwell.at\/inspiration\/wp-json\/wp\/v2\/pages\/4797\/revisions"}],"wp:featuredmedia":[{"embeddable":true,"href":"https:\/\/www.treatwell.at\/inspiration\/wp-json\/wp\/v2\/media\/4802"}],"wp:attachment":[{"href":"https:\/\/www.treatwell.at\/inspiration\/wp-json\/wp\/v2\/media?parent=4797"}],"curies":[{"name":"wp","href":"https:\/\/api.w.org\/{rel}","templated":true}]}}