{"id":5757,"date":"2016-10-09T12:08:13","date_gmt":"2016-10-09T12:08:13","guid":{"rendered":"https:\/\/www.treatwell.at\/inspiration\/?page_id=5757"},"modified":"2017-10-09T12:35:57","modified_gmt":"2017-10-09T12:35:57","slug":"teilnahmebedingungen","status":"publish","type":"page","link":"https:\/\/www.treatwell.at/inspiration\/teilnahmebedingungen\/","title":{"rendered":"Most Popular Voting Gewinnspiel \u2013 Teilnahmebedingungen"},"content":{"rendered":"<h1><b>Teilnahmebedingungen<\/b><\/h1>\n<ul>\n<li style=\"font-weight: 400\"><b>Veranstalter<\/b><\/li>\n<\/ul>\n<p>Das Gewinnspiel wird durchgef\u00fchrt von:<\/p>\n<p>Treatwell DACH GmbH, Treatwell &#8211; eine Marke der Treatwell DACH GmbH, Zweigniederlassung Wien, Badhausgasse 18-20, Top 1-3, Eingang: Lerchenfelderstra\u00dfe 95-97, 1070 Wien (+43) 7 20116 048<\/p>\n<ul>\n<li style=\"font-weight: 400\"><b>Teilnehmer<\/b><\/li>\n<\/ul>\n<p>Alle Personen, die sich auf der Gewinnspielseite (http:\/\/cloud.treatwell-beauty.com\/vote-uk?country=at) abstimmen, nehmen an der Verlosung teil. Teilnahmeberechtigt sind vollj\u00e4hrige Personen.<\/p>\n<p>Mit der Anmeldung wird einer Marketing-Kommunikation per E-Mail durch die Treatwell DACH GmbH zugestimmt.<\/p>\n<p>Mitarbeiter der Treatwell DACH GmbH, Zweigniederlassung Wien, Badhausgasse 18-20, \u00d6sterreich, sowie damit verbundene Unternehmen, Kooperationspartner und deren Angeh\u00f6rige sind von der Teilnahme ausgeschlossen.<\/p>\n<ol>\n<li style=\"font-weight: 400\"><b>Teilnahme<\/b><\/li>\n<\/ol>\n<p>Das Gewinnspiel beginnt am Tag, 10.10.2017 und endet am Tag, 31.10.2017 um 23:59 Uhr.<\/p>\n<p>Unter allen Teilnehmern des Gewinnspiels werden folgende Preise verlost:<\/p>\n<p>&nbsp;<\/p>\n<ul>\n<li style=\"font-weight: 400\">Treatwell stellt 3x 50\u20ac Gutscheine. Der Gutschein hat keinen Mindestbestellwert und ist \u00fcber treatwell.at oder die App einmalig bis zum 31.12.2017 verwendbar. Gilt nur bei Vorab-Zahlung und ist nicht kombinierbar.<\/li>\n<\/ul>\n<ol>\n<li style=\"font-weight: 400\"><b>Gewinnermittlung und Benachrichtigung<\/b><\/li>\n<\/ol>\n<p>Eine Barauszahlung des Gewinns oder die \u00dcbertragung des Gewinns auf andere Personen ist nicht m\u00f6glich.<\/p>\n<p>Es wird darauf hingewiesen, dass Beitr\u00e4ge keine Beleidigungen, falsche Tatsachen, Wettbewerbs-, Marken oder Urheberrechtsverst\u00f6\u00dfe enthalten d\u00fcrfen. Teilnehmer(innen) des Gewinnspiels, welche gegen diese Teilnahmebedingungen versto\u00dfen werden ohne weiteres vom Gewinnspiel ausgeschlossen und haften eigens f\u00fcr etwaige Rechtsverst\u00f6\u00dfe bzw. Sch\u00e4den, die dadurch entstanden sind oder entstehen k\u00f6nnen. Der entsprechende Beitrag wird von der Treatwell DE Facebook-Unternehmensseite oder den Seiten der Kooperationspartner gel\u00f6scht.<\/p>\n<p>Der bzw. die Gewinner(-in) des Treatwell Gewinnspiels wird bis Tag, 14.11.2017 per E-Mail informiert. Die Gewinner erkl\u00e4ren sich mit der Ver\u00f6ffentlichung seines Namens auf Facebook einverstanden.<\/p>\n<p>Sofern sich die Gewinner nicht innerhalb von 5 Tagen nach Bekanntgabe der Gewinnerermittlung per E-Mail zur\u00fcck meldet, um seinen\/ihren Anspruch auf den Gewinn geltend zu machen, sind die Treatwell DACH GmbH und Kooperationspartner berechtigt, einen\/eine Ersatz Gewinner(-in) zu ziehen.<\/p>\n<p>Mit der Teilnahme am Gewinnspiel erkl\u00e4rt der bzw. die Teilnehmer(-in) sein\/ihr Einverst\u00e4ndnis dazu, dass die Treatwell DACH GmbH oder Kooperationspartner den Namen des Gewinners \u00f6ffentlich bekannt gibt. Der Rechtsweg ist ausgeschlossen.<\/p>\n<ol>\n<li style=\"font-weight: 400\"><b>Ausschluss von Teilnehmern<\/b><\/li>\n<\/ol>\n<p>Mehrfacheintr\u00e4ge sowie automatische Eintr\u00e4ge von Gewinnspielrobots sind nicht zul\u00e4ssig und werden bei der Verlosung der Gewinne nicht ber\u00fccksichtigt und vom Gewinnspiel ausgeschlossen.<\/p>\n<ol>\n<li style=\"font-weight: 400\"><b>Datenschutz<\/b><\/li>\n<\/ol>\n<p>F\u00fcr die Teilnahme am Gewinnspiel ist die Angabe von pers\u00f6nlichen Daten notwendig. Der Teilnehmer versichert, dass die von ihm gemachten Angaben zur Person, insbesondere E-Mail Adresse wahrheitsgem\u00e4\u00df und richtig sind.<\/p>\n<p>Der Veranstalter weist darauf hin, dass s\u00e4mtliche personenbezogenen Daten des Teilnehmers ohne Einverst\u00e4ndnis weder an Dritte weitergegeben noch diesen zur Nutzung \u00fcberlassen werden. Die ausf\u00fchrlichen Datenschutzbestimmungen sind <a href=\"https:\/\/www.treatwell.at\/info\/datenschutz\/\">HIER<\/a> zu finden.<\/p>\n<ol>\n<li style=\"font-weight: 400\"><b>Sonstiges<\/b><\/li>\n<\/ol>\n<p>Sollten einzelne Bestimmungen dieser Teilnahmebedingungen ung\u00fcltig sein oder ung\u00fcltig werden, bleibt die G\u00fcltigkeit der \u00fcbrigen Teilnahmebedingungen unber\u00fchrt. An ihre Stelle tritt eine angemessene Regelung, die dem Zweck der unwirksamen Bestimmung am ehesten entspricht. Bei Gewinnspielen und Verlosungen der Treatwell DACH GmbH und Kooperationspartnern ist der Rechtsweg ausgeschlossen.<\/p>\n<ol>\n<li style=\"font-weight: 400\"><b>Kontakt<\/b><\/li>\n<\/ol>\n<p>Treatwell DACH GmbH, Zweigniederlassung Wien, Badhausgasse 18-20, Top 1-3, Eingang: Lerchenfelderstra\u00dfe 95-97, 1070 Wien , treatwell.at<\/p>\n<p>Telefon: (+43) 7 20116 048<\/p>\n<p>E-Mail: koenigkunde@treatwell.de<\/p>\n<p>Kundenservice Montag bis Freitag von 8-19 Uhr und Samstag von 9-15 Uhr unter (+43) 7 20116 048<\/p>\n<p>&nbsp;<\/p>\n<h1><\/h1>\n","protected":false},"excerpt":{"rendered":"<p>Teilnahmebedingungen Veranstalter Das Gewinnspiel wird durchgef\u00fchrt von: Treatwell DACH GmbH, Treatwell &#8211; eine Marke der Treatwell DACH GmbH, Zweigniederlassung Wien, Badhausgasse 18-20, Top 1-3, Eingang: Lerchenfelderstra\u00dfe 95-97, 1070 Wien (+43) 7 20116 048 Teilnehmer Alle Personen, die sich auf der Gewinnspielseite (http:\/\/cloud.treatwell-beauty.com\/vote-uk?country=at) abstimmen, nehmen an der Verlosung teil. Teilnahmeberechtigt sind vollj\u00e4hrige Personen. Mit der Anmeldung&hellip;<\/p>\n","protected":false},"author":117,"featured_media":0,"parent":0,"menu_order":0,"comment_status":"closed","ping_status":"closed","template":"","meta":{"inline_featured_image":false,"footnotes":""},"class_list":["post-5757","page","type-page","status-publish","hentry"],"yoast_head":"<!-- This site is optimized with the Yoast SEO plugin v27.5 - https:\/\/yoast.com\/product\/yoast-seo-wordpress\/ -->\n<title>Most Popular Voting Gewinnspiel \u2013 Teilnahmebedingungen - Treatwell AT<\/title>\n<meta name=\"robots\" content=\"index, follow, max-snippet:-1, max-image-preview:large, max-video-preview:-1\" \/>\n<link rel=\"canonical\" href=\"https:\/\/www.treatwell.at/inspiration\/teilnahmebedingungen\/\" \/>\n<meta property=\"og:locale\" content=\"de_DE\" \/>\n<meta property=\"og:type\" content=\"article\" \/>\n<meta property=\"og:title\" content=\"Most Popular Voting Gewinnspiel \u2013 Teilnahmebedingungen - Treatwell AT\" \/>\n<meta property=\"og:description\" content=\"Teilnahmebedingungen Veranstalter Das Gewinnspiel wird durchgef\u00fchrt von: Treatwell DACH GmbH, Treatwell &#8211; eine Marke der Treatwell DACH GmbH, Zweigniederlassung Wien, Badhausgasse 18-20, Top 1-3, Eingang: Lerchenfelderstra\u00dfe 95-97, 1070 Wien (+43) 7 20116 048 Teilnehmer Alle Personen, die sich auf der Gewinnspielseite (http:\/\/cloud.treatwell-beauty.com\/vote-uk?country=at) abstimmen, nehmen an der Verlosung teil. Teilnahmeberechtigt sind vollj\u00e4hrige Personen. Mit der Anmeldung&hellip;\" \/>\n<meta property=\"og:url\" content=\"https:\/\/www.treatwell.at/inspiration\/teilnahmebedingungen\/\" \/>\n<meta property=\"og:site_name\" content=\"Treatwell AT\" \/>\n<meta property=\"article:modified_time\" content=\"2017-10-09T12:35:57+00:00\" \/>\n<meta name=\"twitter:card\" content=\"summary_large_image\" \/>\n<meta name=\"twitter:label1\" content=\"Gesch\u00e4tzte Lesezeit\" \/>\n\t<meta name=\"twitter:data1\" content=\"3 Minuten\" \/>\n<script type=\"application\/ld+json\" class=\"yoast-schema-graph\">{\"@context\":\"https:\\\/\\\/schema.org\",\"@graph\":[{\"@type\":\"WebPage\",\"@id\":\"https:\\\/\\\/www.treatwell.at/inspiration\\\/teilnahmebedingungen\\\/\",\"url\":\"https:\\\/\\\/www.treatwell.at/inspiration\\\/teilnahmebedingungen\\\/\",\"name\":\"Most Popular Voting Gewinnspiel \u2013 Teilnahmebedingungen - Treatwell AT\",\"isPartOf\":{\"@id\":\"https:\\\/\\\/www.treatwell.at/inspiration\\\/#website\"},\"datePublished\":\"2016-10-09T12:08:13+00:00\",\"dateModified\":\"2017-10-09T12:35:57+00:00\",\"breadcrumb\":{\"@id\":\"https:\\\/\\\/www.treatwell.at/inspiration\\\/teilnahmebedingungen\\\/#breadcrumb\"},\"inLanguage\":\"de-DE\",\"potentialAction\":[{\"@type\":\"ReadAction\",\"target\":[\"https:\\\/\\\/www.treatwell.at/inspiration\\\/teilnahmebedingungen\\\/\"]}]},{\"@type\":\"BreadcrumbList\",\"@id\":\"https:\\\/\\\/www.treatwell.at/inspiration\\\/teilnahmebedingungen\\\/#breadcrumb\",\"itemListElement\":[{\"@type\":\"ListItem\",\"position\":1,\"name\":\"Home\",\"item\":\"https:\\\/\\\/www.treatwell.at/inspiration\\\/\"},{\"@type\":\"ListItem\",\"position\":2,\"name\":\"Most Popular Voting Gewinnspiel \u2013 Teilnahmebedingungen\"}]},{\"@type\":\"WebSite\",\"@id\":\"https:\\\/\\\/www.treatwell.at/inspiration\\\/#website\",\"url\":\"https:\\\/\\\/www.treatwell.at/inspiration\\\/\",\"name\":\"Treatwell AT\",\"description\":\"\",\"potentialAction\":[{\"@type\":\"SearchAction\",\"target\":{\"@type\":\"EntryPoint\",\"urlTemplate\":\"https:\\\/\\\/www.treatwell.at/inspiration\\\/?s={search_term_string}\"},\"query-input\":{\"@type\":\"PropertyValueSpecification\",\"valueRequired\":true,\"valueName\":\"search_term_string\"}}],\"inLanguage\":\"de-DE\"}]}<\/script>\n<!-- \/ Yoast SEO plugin. -->","yoast_head_json":{"title":"Most Popular Voting Gewinnspiel \u2013 Teilnahmebedingungen - Treatwell AT","robots":{"index":"index","follow":"follow","max-snippet":"max-snippet:-1","max-image-preview":"max-image-preview:large","max-video-preview":"max-video-preview:-1"},"canonical":"https:\/\/www.treatwell.at/inspiration\/teilnahmebedingungen\/","og_locale":"de_DE","og_type":"article","og_title":"Most Popular Voting Gewinnspiel \u2013 Teilnahmebedingungen - Treatwell AT","og_description":"Teilnahmebedingungen Veranstalter Das Gewinnspiel wird durchgef\u00fchrt von: Treatwell DACH GmbH, Treatwell &#8211; eine Marke der Treatwell DACH GmbH, Zweigniederlassung Wien, Badhausgasse 18-20, Top 1-3, Eingang: Lerchenfelderstra\u00dfe 95-97, 1070 Wien (+43) 7 20116 048 Teilnehmer Alle Personen, die sich auf der Gewinnspielseite (http:\/\/cloud.treatwell-beauty.com\/vote-uk?country=at) abstimmen, nehmen an der Verlosung teil. Teilnahmeberechtigt sind vollj\u00e4hrige Personen. Mit der Anmeldung&hellip;","og_url":"https:\/\/www.treatwell.at/inspiration\/teilnahmebedingungen\/","og_site_name":"Treatwell AT","article_modified_time":"2017-10-09T12:35:57+00:00","twitter_card":"summary_large_image","twitter_misc":{"Gesch\u00e4tzte Lesezeit":"3 Minuten"},"schema":{"@context":"https:\/\/schema.org","@graph":[{"@type":"WebPage","@id":"https:\/\/www.treatwell.at/inspiration\/teilnahmebedingungen\/","url":"https:\/\/www.treatwell.at/inspiration\/teilnahmebedingungen\/","name":"Most Popular Voting Gewinnspiel \u2013 Teilnahmebedingungen - Treatwell AT","isPartOf":{"@id":"https:\/\/www.treatwell.at/inspiration\/#website"},"datePublished":"2016-10-09T12:08:13+00:00","dateModified":"2017-10-09T12:35:57+00:00","breadcrumb":{"@id":"https:\/\/www.treatwell.at/inspiration\/teilnahmebedingungen\/#breadcrumb"},"inLanguage":"de-DE","potentialAction":[{"@type":"ReadAction","target":["https:\/\/www.treatwell.at/inspiration\/teilnahmebedingungen\/"]}]},{"@type":"BreadcrumbList","@id":"https:\/\/www.treatwell.at/inspiration\/teilnahmebedingungen\/#breadcrumb","itemListElement":[{"@type":"ListItem","position":1,"name":"Home","item":"https:\/\/www.treatwell.at/inspiration\/"},{"@type":"ListItem","position":2,"name":"Most Popular Voting Gewinnspiel \u2013 Teilnahmebedingungen"}]},{"@type":"WebSite","@id":"https:\/\/www.treatwell.at/inspiration\/#website","url":"https:\/\/www.treatwell.at/inspiration\/","name":"Treatwell AT","description":"","potentialAction":[{"@type":"SearchAction","target":{"@type":"EntryPoint","urlTemplate":"https:\/\/www.treatwell.at/inspiration\/?s={search_term_string}"},"query-input":{"@type":"PropertyValueSpecification","valueRequired":true,"valueName":"search_term_string"}}],"inLanguage":"de-DE"}]}},"_links":{"self":[{"href":"https:\/\/www.treatwell.at\/inspiration\/wp-json\/wp\/v2\/pages\/5757","targetHints":{"allow":["GET"]}}],"collection":[{"href":"https:\/\/www.treatwell.at\/inspiration\/wp-json\/wp\/v2\/pages"}],"about":[{"href":"https:\/\/www.treatwell.at\/inspiration\/wp-json\/wp\/v2\/types\/page"}],"author":[{"embeddable":true,"href":"https:\/\/www.treatwell.at\/inspiration\/wp-json\/wp\/v2\/users\/117"}],"replies":[{"embeddable":true,"href":"https:\/\/www.treatwell.at\/inspiration\/wp-json\/wp\/v2\/comments?post=5757"}],"version-history":[{"count":0,"href":"https:\/\/www.treatwell.at\/inspiration\/wp-json\/wp\/v2\/pages\/5757\/revisions"}],"wp:attachment":[{"href":"https:\/\/www.treatwell.at\/inspiration\/wp-json\/wp\/v2\/media?parent=5757"}],"curies":[{"name":"wp","href":"https:\/\/api.w.org\/{rel}","templated":true}]}}