{"id":6459,"date":"2018-01-12T11:50:27","date_gmt":"2018-01-12T11:50:27","guid":{"rendered":"https:\/\/www.treatwell.at\/inspiration\/?page_id=6459"},"modified":"2018-02-13T14:10:21","modified_gmt":"2018-02-13T14:10:21","slug":"love-hair","status":"publish","type":"page","link":"https:\/\/www.treatwell.at/inspiration\/love-hair\/","title":{"rendered":"Love-hair"},"content":{"rendered":"<p>Du buchst das erste Mal? Dann\u00a0l\u00f6se jetzt mit dem\u00a0<strong>Code:\u00a0LOVEHAIR10\u00a0<\/strong>deinen 10\u20ac Neukunden-Gutschein ein<br \/>\n<em>* Einmalig einl\u00f6sbar f\u00fcr Neukunden mit Buchung \u00fcber Treatwell mit Online-Zahlung. G\u00fcltig bis 30.06.18. Angebot begrenzt. 25\u20ac Mindestbestellwert. Gutscheinkosten tr\u00e4gt Treatwell. Es gelten die Treatwell AGB.<\/em><\/p>\n<p>Du buchst das erste Mal? Dann\u00a0l\u00f6se jetzt mit dem\u00a0<strong>Code:\u00a0LOVEHAIR10\u00a0<\/strong>deinen 10\u20ac Neukunden-Gutschein ein<br \/>\n<em>* Einmalig einl\u00f6sbar f\u00fcr Neukunden mit Buchung \u00fcber Treatwell mit Online-Zahlung. G\u00fcltig bis 30.06.18. Angebot begrenzt. 25\u20ac Mindestbestellwert. Gutscheinkosten tr\u00e4gt Treatwell.\u00a0<\/em><\/p>\n<h1>\n\t\tLove is<br \/>\n\t<\/h1>\n<h1>\n\t\tin the hair<br \/>\n\t<\/h1>\n<p>\t\t\t\t<img decoding=\"async\" src=\"https:\/\/www.treatwell.at/inspiration\/wp-content\/uploads\/sites\/5\/2018\/01\/Everywhere_01.jpg\" alt=\"Everywhere_01\" \/><\/p>\n<p style=\"text-align: justify\">Um Liebe in dein Haar zu bringen, brauchst du bei uns nicht lange zu suchen.\u00a0Hier findest du die Salons, die ihr Handwerk lieben und mit deiner Frisur erst zufrieden sind, wenn du es bist.<\/p>\n<p>\t\t\t\t<a href=\"https:\/\/www.treatwell.at\/orte\/behandlung-damenhaarschnitt\/angebot-typ-lokal\/in-at\/ordnen-beliebteste-aufsteigend\/\" target=\"_self\"><br \/>\n\t\t\t\t<img decoding=\"async\" src=\"https:\/\/www.treatwell.at/inspiration\/wp-content\/uploads\/sites\/5\/2018\/01\/DACH-LoveIsInTheHair-Landingpage-mockup_DTv01_07.jpg\" alt=\"DACH-LoveIsInTheHair-Landingpage-mockup_DTv01_07\" \/><br \/>\n\t\t\t\t<\/a><br \/>\n\t\t\t\t<a href=\"https:\/\/www.treatwell.at\/orte\/behandlung-maennerhaarschnitte\/angebot-typ-lokal\/in-at\/ordnen-beliebteste-aufsteigend\/\" target=\"_self\"><br \/>\n\t\t\t\t<img decoding=\"async\" src=\"https:\/\/www.treatwell.at/inspiration\/wp-content\/uploads\/sites\/5\/2018\/01\/DACH-LoveIsInTheHair-Landingpage-mockup_DTv01_09.jpg\" alt=\"DACH-LoveIsInTheHair-Landingpage-mockup_DTv01_09\" \/><br \/>\n\t\t\t\t<\/a><\/p>\n<h2>\n\t\tBring&#8216; Liebe in dein Haar<br \/>\n\t<\/h2>\n<p>\t\t\t\t<img decoding=\"async\" src=\"https:\/\/en-gb.twinspiration.wpengine.treatwell.com\/wp-content\/uploads\/sites\/9\/2018\/01\/Rectangle-972a.jpg\" alt=\"Rectangle 972a\" \/><\/p>\n<p><strong>\u00a0 Ein\u00a0neuer\u00a0<\/strong><\/p>\n<p><strong>\u00a0 \u00a0 \u00a0 \u00a0Haarschnitt&#8230;<\/strong><\/p>\n<p>&#8230; sagt\u00a0mehr als\u00a0tausend Worte.<\/p>\n<p>\t\t\t<a href=\"https:\/\/www.treatwell.at\/orte\/behandlung-damenhaarschnitt,maennerhaarschnitte\/angebot-typ-lokal\/in-at\/ordnen-beliebteste-aufsteigend\/\" target=\"_blank\" role=\"button\"><br \/>\n\t\t\t\t\t\t\tBuche deine neue Frisur<br \/>\n\t\t\t\t\t<\/a><br \/>\n\t\t\t\t<img decoding=\"async\" src=\"https:\/\/en-gb.twinspiration.wpengine.treatwell.com\/wp-content\/uploads\/sites\/9\/2018\/01\/Rectangle-972x.jpg\" alt=\"Rectangle 972x\" \/><\/p>\n<p><strong>Rosa-Rot oder Erdbeerblond? Alles in der Farbe der Liebe?<\/strong><\/p>\n<p>Muss nicht sein. Finde deine ideale Farbe beim n\u00e4chsten Friseur-Termin.<\/p>\n<p>\t\t\t<a href=\"https:\/\/www.treatwell.at\/orte\/behandlung-damen-farbe-toenung-straehnen,herren-farbe\/angebot-typ-lokal\/in-at\/ordnen-beliebteste-aufsteigend\/\" target=\"_blank\" role=\"button\"><br \/>\n\t\t\t\t\t\t\tBuche deine Lieblingsfarbe<br \/>\n\t\t\t\t\t<\/a><br \/>\n\t\t\t\t<img decoding=\"async\" src=\"https:\/\/en-gb.twinspiration.wpengine.treatwell.com\/wp-content\/uploads\/sites\/9\/2018\/01\/Rectangle-972.jpg\" alt=\"Rectangle 972\" \/><\/p>\n<p><strong>Du wei\u00dft genau, wie Schwung in die Sache kommt!<\/strong><\/p>\n<p>Nichts ist vergleichbar mit einem perfekten Styling, das du liebst.<\/p>\n<p>\t\t\t<a href=\"https:\/\/www.treatwell.at\/orte\/behandlung-herren-farbe,styling-foehnen\/angebot-typ-lokal\/in-at\/ordnen-beliebteste-aufsteigend\/\" target=\"_blank\" role=\"button\"><br \/>\n\t\t\t\t\t\t\tBuche deinen Blow Dry<br \/>\n\t\t\t\t\t<\/a><\/p>\n<h2>\n\t\tMit Liebe f\u00fcr dich&#8230;<br \/>\n\t<\/h2>\n<p>\t\t\t\t<img decoding=\"async\" src=\"https:\/\/www.treatwell.at/inspiration\/wp-content\/uploads\/sites\/5\/2018\/01\/04-1.jpg\" alt=\"04-1\" \/><\/p>\n<p><strong>Haarkuren\u00a0<\/strong><\/p>\n<p><strong>\u00a0 \u00a0 \u00a0 \u00a0 \u00a0 \u00a0 \u00a0&amp; Pflege<\/strong><\/p>\n<p>\t\t\t\t<img decoding=\"async\" src=\"https:\/\/de-de.twinspiration.wpengine.treatwell.com\/wp-content\/uploads\/sites\/7\/2017\/12\/06.png\" alt=\"06\" \/><\/p>\n<p>Diese Kuren\u00a0werfen keinen\u00a0Schatten. Verliebe dich in dein neues Haar-Gef\u00fchl.<\/p>\n<p>\t\t\t<a href=\"https:\/\/www.treatwell.at\/orte\/behandlung-haarkuren-pflege\/angebot-typ-lokal\/in-at\/\" target=\"_blank\" role=\"button\"><br \/>\n\t\t\t\t\t\t\tBuche Pflege f\u00fcr dein Haar<br \/>\n\t\t\t\t\t<\/a><br \/>\n\t\t\t\t<img decoding=\"async\" src=\"https:\/\/www.treatwell.at/inspiration\/wp-content\/uploads\/sites\/5\/2018\/01\/03.jpg\" alt=\"03\" \/><\/p>\n<p><strong>Waxing, Sugaring\u00a0<\/strong><\/p>\n<p><strong>\u00a0 \u00a0 \u00a0 \u00a0 \u00a0 \u00a0 &amp; Co.<\/strong><\/p>\n<p>\t\t\t\t<img decoding=\"async\" src=\"https:\/\/de-de.twinspiration.wpengine.treatwell.com\/wp-content\/uploads\/sites\/7\/2017\/12\/06.png\" alt=\"06\" \/><\/p>\n<p>Weniger ist manchmal\u00a0mehr. Dieses Gl\u00e4ttegef\u00fchl wirst du lieben.<\/p>\n<p>\t\t\t<a href=\"https:\/\/www.treatwell.at\/orte\/behandlung-gruppe-haarentfernung\/angebot-typ-lokal\/in-at\/ordnen-beliebteste-aufsteigend\/\" target=\"_blank\" role=\"button\"><br \/>\n\t\t\t\t\t\t\tHaarentfernung buchen<br \/>\n\t\t\t\t\t<\/a><br \/>\n\t\t\t\t<img decoding=\"async\" src=\"https:\/\/www.treatwell.at/inspiration\/wp-content\/uploads\/sites\/5\/2018\/01\/05-1.jpg\" alt=\"05-1\" \/><\/p>\n<p><strong>Balayage<\/strong><\/p>\n<p><strong>\u00a0 \u00a0 \u00a0 \u00a0 \u00a0&amp; Ombre<\/strong><\/p>\n<p>\t\t\t\t<img decoding=\"async\" src=\"https:\/\/de-de.twinspiration.wpengine.treatwell.com\/wp-content\/uploads\/sites\/7\/2017\/12\/06.png\" alt=\"06\" \/><\/p>\n<p>Du liebst den Sommer-Urlaubs-Look? Hier kannst du ihn auch im Winter bekommen.<\/p>\n<p>\t\t\t<a href=\"https:\/\/www.treatwell.at\/orte\/behandlung-balayage-ombre\/angebot-typ-lokal\/in-at\/\" target=\"_blank\" role=\"button\"><br \/>\n\t\t\t\t\t\t\tBuche blonde Str\u00e4hnen<br \/>\n\t\t\t\t\t<\/a><\/p>\n<h2>\n\t\tDu liebst es zu sparen und die Wahl zu haben?<br \/>\n\t<\/h2>\n<p>\t\t\t\t<a href=\"https:\/\/www.treatwell.at\/orte\/behandlung-gruppe-friseur\/angebot-typ-lokal\/rabatte-flexibel\/in-at\/ordnen-rabatt-absteigend\/\" target=\"_self\"><br \/>\n\t\t\t\t<img decoding=\"async\" src=\"https:\/\/www.treatwell.at/inspiration\/wp-content\/uploads\/sites\/5\/2018\/01\/DACH-LoveIsInTheHair-Landingpage-mockup_DTv01_14.jpg\" alt=\"DACH-LoveIsInTheHair-Landingpage-mockup_DTv01_14\" \/><br \/>\n\t\t\t\t<\/a><br \/>\n\t\t\t<a href=\"https:\/\/www.treatwell.at\/orte\/behandlung-gruppe-friseur\/angebot-typ-lokal\/rabatte-flexibel\/in-at\/ordnen-rabatt-absteigend\/\" target=\"_self\" role=\"button\"><br \/>\n\t\t\t\t\t\t\tFriseur-Angebote finden<br \/>\n\t\t\t\t\t<\/a><br \/>\n\t\t\t\t<a href=\"https:\/\/www.treatwell.at\/orte\/behandlung-augenbrauen-wimpern-faerben\/angebot-typ-lokal\/rabatte-flexibel\/in-at\/ordnen-rabatt-absteigend\/\" target=\"_self\"><br \/>\n\t\t\t\t<img decoding=\"async\" src=\"https:\/\/www.treatwell.at/inspiration\/wp-content\/uploads\/sites\/5\/2018\/01\/DACH-LoveIsInTheHair-Landingpage-mockup_DTv01_16.jpg\" alt=\"DACH-LoveIsInTheHair-Landingpage-mockup_DTv01_16\" \/><br \/>\n\t\t\t\t<\/a><br \/>\n\t\t\t<a href=\"https:\/\/www.treatwell.at\/orte\/behandlung-augenbrauen-wimpern-faerben,augenbrauen-zupfen,augenbrauenkorrektur,wimpernverlaengerung,wimpernwelle\/angebot-typ-lokal\/rabatte-flexibel\/in-at\/ordnen-rabatt-absteigend\/\" target=\"_self\" role=\"button\"><br \/>\n\t\t\t\t\t\t\tBrows &amp; Lashes-Angebote finden<br \/>\n\t\t\t\t\t<\/a><br \/>\n\t\t\t\t<a href=\"https:\/\/www.treatwell.at\/orte\/behandlung-damen-waxing\/angebot-typ-lokal\/rabatte-flexibel\/in-at\/ordnen-rabatt-absteigend\/\" target=\"_self\"><br \/>\n\t\t\t\t<img decoding=\"async\" src=\"https:\/\/www.treatwell.at/inspiration\/wp-content\/uploads\/sites\/5\/2018\/01\/DACH-LoveIsInTheHair-Landingpage-mockup_DTv01_18.jpg\" alt=\"DACH-LoveIsInTheHair-Landingpage-mockup_DTv01_18\" \/><br \/>\n\t\t\t\t<\/a><br \/>\n\t\t\t<a href=\"https:\/\/www.treatwell.at\/orte\/behandlung-damen-waxing\/angebot-typ-lokal\/rabatte-flexibel\/in-at\/ordnen-rabatt-absteigend\/\" target=\"_self\" role=\"button\"><br \/>\n\t\t\t\t\t\t\tWaxing-Angebote finden<br \/>\n\t\t\t\t\t<\/a><br \/>\n\t\t\t\t<a href=\"https:\/\/www.treatwell.at\/orte\/award-top-rated\/angebot-typ-lokal\/in-at\/\" target=\"_self\"><br \/>\n\t\t\t\t<img decoding=\"async\" src=\"https:\/\/www.treatwell.at/inspiration\/wp-content\/uploads\/sites\/5\/2018\/01\/11Tipps_Kachel_LP-1.jpg\" alt=\"11Tipps_Kachel_LP\" \/><br \/>\n\t\t\t\t<\/a><\/p>\n<h3>Schenke Liebe &amp; Wohlgef\u00fchl<\/h3>\n<p>Verw\u00f6hne Deine Liebsten mit einem Treatwell Geschenkgutschein. Unser neuer, personalisierter Beauty-Gutschein erlaubt dem Beschenkten sein Geschenk selbst zu w\u00e4hlen.<\/p>\n<p>\t\t\t<a href=\"https:\/\/www.treatwell.at\/geschenkkarte\/\" target=\"_blank\" role=\"button\"><br \/>\n\t\t\t\t\t\t\tJetzt Gutschein kaufen<br \/>\n\t\t\t\t\t<\/a><br \/>\n\t\t\t\t<a href=\"https:\/\/www.treatwell.at\/orte\/award-top-rated\/angebot-typ-lokal\/in-at\/\" target=\"_self\"><br \/>\n\t\t\t\t<img decoding=\"async\" src=\"https:\/\/www.treatwell.at/inspiration\/wp-content\/uploads\/sites\/5\/2018\/01\/11Tipps_Kachel_LP-1.jpg\" alt=\"11Tipps_Kachel_LP\" \/><br \/>\n\t\t\t\t<\/a><br \/>\n\t\t\t\t<a href=\"https:\/\/www.treatwell.at\/orte\/award-top-rated\/angebot-typ-lokal\/in-at\/\" target=\"_self\"><br \/>\n\t\t\t\t<img decoding=\"async\" src=\"https:\/\/www.treatwell.at/inspiration\/wp-content\/uploads\/sites\/5\/2018\/01\/DACH-LoveIsInTheHair-Landingpage-mockup_DTv01_24.jpg\" alt=\"DACH-LoveIsInTheHair-Landingpage-mockup_DTv01_24\" \/><br \/>\n\t\t\t\t<\/a><\/p>\n<h3>Eure Lieblinge<\/h3>\n<p>Hier findest du die bestbewerteten Salons \u00d6sterreichs.<\/p>\n<p>\t\t\t<a href=\"https:\/\/www.treatwell.at\/orte\/award-top-rated\/angebot-typ-lokal\/in-at\/\" target=\"_blank\" role=\"button\"><br \/>\n\t\t\t\t\t\t\tJetzt ansehen<br \/>\n\t\t\t\t\t<\/a><\/p>\n","protected":false},"excerpt":{"rendered":"<p>Du buchst das erste Mal? Dann\u00a0l\u00f6se jetzt mit dem\u00a0Code:\u00a0LOVEHAIR10\u00a0deinen 10\u20ac Neukunden-Gutschein ein * Einmalig einl\u00f6sbar f\u00fcr Neukunden mit Buchung \u00fcber Treatwell mit Online-Zahlung. G\u00fcltig bis 30.06.18. Angebot begrenzt. 25\u20ac Mindestbestellwert. Gutscheinkosten tr\u00e4gt Treatwell. Es gelten die Treatwell AGB. Du buchst das erste Mal? Dann\u00a0l\u00f6se jetzt mit dem\u00a0Code:\u00a0LOVEHAIR10\u00a0deinen 10\u20ac Neukunden-Gutschein ein * Einmalig einl\u00f6sbar f\u00fcr Neukunden&hellip;<\/p>\n","protected":false},"author":51,"featured_media":6386,"parent":0,"menu_order":0,"comment_status":"closed","ping_status":"closed","template":"","meta":{"inline_featured_image":false,"footnotes":""},"class_list":["post-6459","page","type-page","status-publish","has-post-thumbnail","hentry"],"yoast_head":"<!-- This site is optimized with the Yoast SEO plugin v27.3 - https:\/\/yoast.com\/product\/yoast-seo-wordpress\/ -->\n<title>Love is in the hair - Liebevolle Angebote rund um Haare | treatwell.at<\/title>\n<meta name=\"description\" content=\"Hier findest du die Salons, die ihr Handwerk lieben und mit deiner Frisur erst zufrieden sind, wenn du es bist.\" \/>\n<meta name=\"robots\" content=\"index, follow, max-snippet:-1, max-image-preview:large, max-video-preview:-1\" \/>\n<link rel=\"canonical\" href=\"https:\/\/www.treatwell.at/inspiration\/love-hair\/\" \/>\n<meta property=\"og:locale\" content=\"de_DE\" \/>\n<meta property=\"og:type\" content=\"article\" \/>\n<meta property=\"og:title\" content=\"Love is in the hair - Liebevolle Angebote rund um Haare | treatwell.at\" \/>\n<meta property=\"og:description\" content=\"Hier findest du die Salons, die ihr Handwerk lieben und mit deiner Frisur erst zufrieden sind, wenn du es bist.\" \/>\n<meta property=\"og:url\" content=\"https:\/\/www.treatwell.at/inspiration\/love-hair\/\" \/>\n<meta property=\"og:site_name\" content=\"Treatwell AT\" \/>\n<meta property=\"article:modified_time\" content=\"2018-02-13T14:10:21+00:00\" \/>\n<meta property=\"og:image\" content=\"https:\/\/www.treatwell.at/inspiration\/wp-content\/uploads\/sites\/5\/2017\/12\/04-1.jpg\" \/>\n\t<meta property=\"og:image:width\" content=\"360\" \/>\n\t<meta property=\"og:image:height\" content=\"360\" \/>\n\t<meta property=\"og:image:type\" content=\"image\/jpeg\" \/>\n<meta name=\"twitter:card\" content=\"summary_large_image\" \/>\n<meta name=\"twitter:label1\" content=\"Gesch\u00e4tzte Lesezeit\" \/>\n\t<meta name=\"twitter:data1\" content=\"2 Minuten\" \/>\n<script type=\"application\/ld+json\" class=\"yoast-schema-graph\">{\"@context\":\"https:\\\/\\\/schema.org\",\"@graph\":[{\"@type\":\"WebPage\",\"@id\":\"https:\\\/\\\/www.treatwell.at/inspiration\\\/love-hair\\\/\",\"url\":\"https:\\\/\\\/www.treatwell.at/inspiration\\\/love-hair\\\/\",\"name\":\"Love is in the hair - Liebevolle Angebote rund um Haare | treatwell.at\",\"isPartOf\":{\"@id\":\"https:\\\/\\\/www.treatwell.at/inspiration\\\/#website\"},\"primaryImageOfPage\":{\"@id\":\"https:\\\/\\\/www.treatwell.at/inspiration\\\/love-hair\\\/#primaryimage\"},\"image\":{\"@id\":\"https:\\\/\\\/www.treatwell.at/inspiration\\\/love-hair\\\/#primaryimage\"},\"thumbnailUrl\":\"https:\\\/\\\/www.treatwell.at/inspiration\\\/wp-content\\\/uploads\\\/sites\\\/5\\\/2017\\\/12\\\/04-1.jpg\",\"datePublished\":\"2018-01-12T11:50:27+00:00\",\"dateModified\":\"2018-02-13T14:10:21+00:00\",\"description\":\"Hier findest du die Salons, die ihr Handwerk lieben und mit deiner Frisur erst zufrieden sind, wenn du es bist.\",\"breadcrumb\":{\"@id\":\"https:\\\/\\\/www.treatwell.at/inspiration\\\/love-hair\\\/#breadcrumb\"},\"inLanguage\":\"de-DE\",\"potentialAction\":[{\"@type\":\"ReadAction\",\"target\":[\"https:\\\/\\\/www.treatwell.at/inspiration\\\/love-hair\\\/\"]}]},{\"@type\":\"ImageObject\",\"inLanguage\":\"de-DE\",\"@id\":\"https:\\\/\\\/www.treatwell.at/inspiration\\\/love-hair\\\/#primaryimage\",\"url\":\"https:\\\/\\\/www.treatwell.at/inspiration\\\/wp-content\\\/uploads\\\/sites\\\/5\\\/2017\\\/12\\\/04-1.jpg\",\"contentUrl\":\"https:\\\/\\\/www.treatwell.at/inspiration\\\/wp-content\\\/uploads\\\/sites\\\/5\\\/2017\\\/12\\\/04-1.jpg\",\"width\":360,\"height\":360},{\"@type\":\"BreadcrumbList\",\"@id\":\"https:\\\/\\\/www.treatwell.at/inspiration\\\/love-hair\\\/#breadcrumb\",\"itemListElement\":[{\"@type\":\"ListItem\",\"position\":1,\"name\":\"Home\",\"item\":\"https:\\\/\\\/www.treatwell.at/inspiration\\\/\"},{\"@type\":\"ListItem\",\"position\":2,\"name\":\"Love-hair\"}]},{\"@type\":\"WebSite\",\"@id\":\"https:\\\/\\\/www.treatwell.at/inspiration\\\/#website\",\"url\":\"https:\\\/\\\/www.treatwell.at/inspiration\\\/\",\"name\":\"Treatwell AT\",\"description\":\"\",\"potentialAction\":[{\"@type\":\"SearchAction\",\"target\":{\"@type\":\"EntryPoint\",\"urlTemplate\":\"https:\\\/\\\/www.treatwell.at/inspiration\\\/?s={search_term_string}\"},\"query-input\":{\"@type\":\"PropertyValueSpecification\",\"valueRequired\":true,\"valueName\":\"search_term_string\"}}],\"inLanguage\":\"de-DE\"}]}<\/script>\n<!-- \/ Yoast SEO plugin. -->","yoast_head_json":{"title":"Love is in the hair - Liebevolle Angebote rund um Haare | treatwell.at","description":"Hier findest du die Salons, die ihr Handwerk lieben und mit deiner Frisur erst zufrieden sind, wenn du es bist.","robots":{"index":"index","follow":"follow","max-snippet":"max-snippet:-1","max-image-preview":"max-image-preview:large","max-video-preview":"max-video-preview:-1"},"canonical":"https:\/\/www.treatwell.at/inspiration\/love-hair\/","og_locale":"de_DE","og_type":"article","og_title":"Love is in the hair - Liebevolle Angebote rund um Haare | treatwell.at","og_description":"Hier findest du die Salons, die ihr Handwerk lieben und mit deiner Frisur erst zufrieden sind, wenn du es bist.","og_url":"https:\/\/www.treatwell.at/inspiration\/love-hair\/","og_site_name":"Treatwell AT","article_modified_time":"2018-02-13T14:10:21+00:00","og_image":[{"width":360,"height":360,"url":"https:\/\/www.treatwell.at/inspiration\/wp-content\/uploads\/sites\/5\/2017\/12\/04-1.jpg","type":"image\/jpeg"}],"twitter_card":"summary_large_image","twitter_misc":{"Gesch\u00e4tzte Lesezeit":"2 Minuten"},"schema":{"@context":"https:\/\/schema.org","@graph":[{"@type":"WebPage","@id":"https:\/\/www.treatwell.at/inspiration\/love-hair\/","url":"https:\/\/www.treatwell.at/inspiration\/love-hair\/","name":"Love is in the hair - Liebevolle Angebote rund um Haare | treatwell.at","isPartOf":{"@id":"https:\/\/www.treatwell.at/inspiration\/#website"},"primaryImageOfPage":{"@id":"https:\/\/www.treatwell.at/inspiration\/love-hair\/#primaryimage"},"image":{"@id":"https:\/\/www.treatwell.at/inspiration\/love-hair\/#primaryimage"},"thumbnailUrl":"https:\/\/www.treatwell.at/inspiration\/wp-content\/uploads\/sites\/5\/2017\/12\/04-1.jpg","datePublished":"2018-01-12T11:50:27+00:00","dateModified":"2018-02-13T14:10:21+00:00","description":"Hier findest du die Salons, die ihr Handwerk lieben und mit deiner Frisur erst zufrieden sind, wenn du es bist.","breadcrumb":{"@id":"https:\/\/www.treatwell.at/inspiration\/love-hair\/#breadcrumb"},"inLanguage":"de-DE","potentialAction":[{"@type":"ReadAction","target":["https:\/\/www.treatwell.at/inspiration\/love-hair\/"]}]},{"@type":"ImageObject","inLanguage":"de-DE","@id":"https:\/\/www.treatwell.at/inspiration\/love-hair\/#primaryimage","url":"https:\/\/www.treatwell.at/inspiration\/wp-content\/uploads\/sites\/5\/2017\/12\/04-1.jpg","contentUrl":"https:\/\/www.treatwell.at/inspiration\/wp-content\/uploads\/sites\/5\/2017\/12\/04-1.jpg","width":360,"height":360},{"@type":"BreadcrumbList","@id":"https:\/\/www.treatwell.at/inspiration\/love-hair\/#breadcrumb","itemListElement":[{"@type":"ListItem","position":1,"name":"Home","item":"https:\/\/www.treatwell.at/inspiration\/"},{"@type":"ListItem","position":2,"name":"Love-hair"}]},{"@type":"WebSite","@id":"https:\/\/www.treatwell.at/inspiration\/#website","url":"https:\/\/www.treatwell.at/inspiration\/","name":"Treatwell AT","description":"","potentialAction":[{"@type":"SearchAction","target":{"@type":"EntryPoint","urlTemplate":"https:\/\/www.treatwell.at/inspiration\/?s={search_term_string}"},"query-input":{"@type":"PropertyValueSpecification","valueRequired":true,"valueName":"search_term_string"}}],"inLanguage":"de-DE"}]}},"_links":{"self":[{"href":"https:\/\/www.treatwell.at\/inspiration\/wp-json\/wp\/v2\/pages\/6459","targetHints":{"allow":["GET"]}}],"collection":[{"href":"https:\/\/www.treatwell.at\/inspiration\/wp-json\/wp\/v2\/pages"}],"about":[{"href":"https:\/\/www.treatwell.at\/inspiration\/wp-json\/wp\/v2\/types\/page"}],"author":[{"embeddable":true,"href":"https:\/\/www.treatwell.at\/inspiration\/wp-json\/wp\/v2\/users\/51"}],"replies":[{"embeddable":true,"href":"https:\/\/www.treatwell.at\/inspiration\/wp-json\/wp\/v2\/comments?post=6459"}],"version-history":[{"count":0,"href":"https:\/\/www.treatwell.at\/inspiration\/wp-json\/wp\/v2\/pages\/6459\/revisions"}],"wp:featuredmedia":[{"embeddable":true,"href":"https:\/\/www.treatwell.at\/inspiration\/wp-json\/wp\/v2\/media\/6386"}],"wp:attachment":[{"href":"https:\/\/www.treatwell.at\/inspiration\/wp-json\/wp\/v2\/media?parent=6459"}],"curies":[{"name":"wp","href":"https:\/\/api.w.org\/{rel}","templated":true}]}}