{"id":7594,"date":"2018-05-25T11:55:16","date_gmt":"2018-05-25T11:55:16","guid":{"rendered":"https:\/\/www.treatwell.de\/inspiration\/?page_id=7594"},"modified":"2018-05-25T11:55:16","modified_gmt":"2018-05-25T11:55:16","slug":"angebote","status":"publish","type":"page","link":"https:\/\/www.treatwell.at/inspiration\/angebote\/","title":{"rendered":"Beauty Hour"},"content":{"rendered":"<h1 style=\"text-align: left\"><\/h1>\n<p>&nbsp;<\/p>\n<p>&nbsp;<\/p>\n<p>\u00a0Beauty-Termine\u00a0<\/p>\n<h1 style=\"text-align: left\">im Angebot<\/h1>\n<h1 style=\"text-align: left\">Entdecke Beauty-Termine<\/h1>\n<h1 style=\"text-align: left\">im Angebote<\/h1>\n<h2>\n\t\tEntdecke  Rabatte in<br \/>\n\t<\/h2>\n<h2>\n\t\tunserer Beauty Hour<br \/>\n\t<\/h2>\n<h2>\n\t\tEntdecke Beauty-Termine im Angebot<br \/>\n\t<\/h2>\n<p style=\"text-align: justify\">Wir haben f\u00fcr dich all&#8216; unsere Salons mit den besten Angeboten und Rabatten zusammengefasst. Klick dich durch und buche Friseur und Beauty.<\/p>\n<h2>\n\t\tDamenhaarschnitt<br \/>\n\t<\/h2>\n<p>\t\t\t\t<img decoding=\"async\" src=\"https:\/\/de-de.twinspiration.wpengine.treatwell.com\/wp-content\/uploads\/sites\/7\/2018\/05\/Landingpage_WeddingPrep_MP_v02_36.jpg\" alt=\"Landingpage_WeddingPrep_MP_v02_36\" \/><br \/>\n\t\t\tW\u00e4hle deine Stadt<\/p>\n<p><a href=\"https:\/\/www.treatwell.de\/orte\/behandlung-gruppe-friseur\/angebot-typ-lokal\/rabatte-flexibel\/in-berlin-de\/?mkt_params=GC~x_LC~beautyhour_PM~LP-slot_CM~wedding-hair\">Berlin<\/a><\/p>\n<p><a href=\"https:\/\/www.treatwell.de\/orte\/behandlung-gruppe-friseur\/angebot-typ-lokal\/rabatte-flexibel\/in-hamburg-de\/?mkt_params=GC~x_LC~beautyhour_PM~LP-slot_CM~wedding-hair\">Hamburg<\/a><\/p>\n<p><a href=\"https:\/\/www.treatwell.de\/orte\/behandlung-gruppe-friseur\/angebot-typ-lokal\/in-muenchen-de\/ordnen-rabatt-absteigend\/?mkt_params=GC~x_LC~beautyhour_PM~LP-slot_CM~wedding-hair\">M\u00fcnchen<\/a><\/p>\n<p><a href=\"https:\/\/www.treatwell.de\/orte\/behandlung-gruppe-friseur\/angebot-typ-lokal\/rabatte-flexibel\/in-duesseldorf-de\/?mkt_params=GC~x_LC~beautyhour_PM~LP-slot_CM~wedding-hair\">D\u00fcsseldorf<\/a><\/p>\n<p><a href=\"https:\/\/www.treatwell.de\/orte\/behandlung-gruppe-friseur\/angebot-typ-lokal\/in-koeln-de\/ordnen-rabatt-absteigend\/?mkt_params=GC~x_LC~beautyhour_PM~LP-slot_CM~wedding-hair\">K\u00f6ln<\/a><\/p>\n<h2>\n\t\tN\u00e4gel<br \/>\n\t<\/h2>\n<p>\t\t\t\t<img decoding=\"async\" src=\"https:\/\/de-de.twinspiration.wpengine.treatwell.com\/wp-content\/uploads\/sites\/7\/2018\/05\/180329_TREATWELL_HANDS_01_BLUE_004_RGB_F2-cropped-2.jpg\" alt=\"HyperFocal: 0\" \/><br \/>\n\t\t\tW\u00e4hle deine Stadt<\/p>\n<p><a href=\"https:\/\/www.treatwell.de\/orte\/behandlung-gruppe-nagel\/angebot-typ-lokal\/rabatte-flexibel\/in-berlin-de\/?mkt_params=GC~x_LC~beautyhour18_PM~LP-slot_CM~summer_nails\">Berlin<\/a><\/p>\n<p><a href=\"https:\/\/www.treatwell.de\/orte\/behandlung-gruppe-nagel\/angebot-typ-lokal\/rabatte-flexibel\/in-hamburg-de\/?mkt_params=GC~x_LC~beautyhour18_PM~LP-slot_CM~summer_nails\">Hamburg<\/a><\/p>\n<p><a href=\"https:\/\/www.treatwell.de\/orte\/behandlung-gruppe-nagel\/angebot-typ-lokal\/rabatte-flexibel\/in-muenchen-de\/?mkt_params=GC~x_LC~beautyhour18_PM~LP-slot_CM~summer_nails\">M\u00fcnchen<\/a><\/p>\n<p><a href=\"https:\/\/www.treatwell.de\/orte\/behandlung-gruppe-nagel\/angebot-typ-lokal\/in-duesseldorf-de\/ordnen-rabatt-absteigend\/?mkt_params=GC~x_LC~beautyhour18_PM~LP-slot_CM~summer_nails\">D\u00fcsseldorf<\/a><\/p>\n<p><a href=\"https:\/\/www.treatwell.de\/orte\/behandlung-gruppe-nagel\/angebot-typ-lokal\/in-koeln-de\/ordnen-rabatt-absteigend\/?mkt_params=GC~x_LC~beautyhour18_PM~LP-slot_CM~summer_nails\">K\u00f6ln<\/a><\/p>\n<h2>\n\t\tM\u00e4nnerhaarschnitt<br \/>\n\t<\/h2>\n<p>\t\t\t\t<img decoding=\"async\" src=\"https:\/\/de-de.twinspiration.wpengine.treatwell.com\/wp-content\/uploads\/sites\/7\/2018\/05\/180329_TREATWELL_MENS_HAIR_01_BLUE_019_RGB_F2-cropped-3.jpg\" alt=\"HyperFocal: 0\" \/><br \/>\n\t\t\tW\u00e4hle deine Stadt<\/p>\n<p><a href=\"https:\/\/www.treatwell.de\/orte\/behandlung-maennerhaarschnitte\/angebot-typ-lokal\/in-berlin-de\/ordnen-rabatt-absteigend\/?mkt_params=GC~x_LC~beautyhour18_PM~LP-slot_CM~summer_menshair\">Berlin<\/a><\/p>\n<p><a href=\"https:\/\/www.treatwell.de\/orte\/behandlung-maennerhaarschnitte\/angebot-typ-lokal\/in-hamburg-de\/ordnen-rabatt-absteigend\/?mkt_params=GC~x_LC~beautyhour18_PM~LP-slot_CM~summer_menshair\">Hamburg<\/a><\/p>\n<p><a href=\"https:\/\/www.treatwell.de\/orte\/behandlung-maennerhaarschnitte\/angebot-typ-lokal\/in-muenchen-de\/ordnen-rabatt-absteigend\/?mkt_params=GC~x_LC~beautyhour18_PM~LP-slot_CM~menshair\">M\u00fcnchen<\/a><\/p>\n<p><a href=\"https:\/\/www.treatwell.de\/orte\/behandlung-gruppe-friseur\/angebot-typ-lokal\/in-duesseldorf-de\/ordnen-beliebteste-aufsteigend\/?mkt_params=GC~x_LC~beautyhour18_PM~LP-slot_CM~menshair\">D\u00fcsseldorf<\/a><\/p>\n<p><a href=\"https:\/\/www.treatwell.de\/orte\/behandlung-gruppe-friseur\/angebot-typ-lokal\/in-koeln-de\/ordnen-beliebteste-aufsteigend\/?mkt_params=GC~x_LC~beautyhour18_PM~LP-slot_CM~menshair\">K\u00f6ln<\/a><\/p>\n<h2>\n\t\tWaxing<br \/>\n\t<\/h2>\n<p>\t\t\t\t<img decoding=\"async\" src=\"https:\/\/de-de.twinspiration.wpengine.treatwell.com\/wp-content\/uploads\/sites\/7\/2018\/05\/180329_TREATWELL_WAXING_01_GREEN_050_RGB_F2-cropped-2.jpg\" alt=\"HyperFocal: 0\" \/><br \/>\n\t\t\tW\u00e4hle deine Stadt<\/p>\n<p><a href=\"https:\/\/www.treatwell.de\/orte\/behandlung-gruppe-haarentfernung\/angebot-typ-lokal\/rabatte-flexibel\/in-berlin-de\/\">Berlin<\/a><\/p>\n<p><a href=\"https:\/\/www.treatwell.de\/orte\/behandlung-gruppe-haarentfernung\/angebot-typ-lokal\/rabatte-flexibel\/in-hamburg-de\/?mkt_params=GC~x_LC~beautyhour18_PM~LP-slot_CM~summer_waxing_legs\">Hamburg<\/a><\/p>\n<p><a href=\"https:\/\/www.treatwell.de\/orte\/behandlung-gruppe-haarentfernung\/angebot-typ-lokal\/in-muenchen-de\/ordnen-rabatt-absteigend\/?mkt_params=GC~x_LC~beautyhour18_PM~LP-slot_CM~summer_waxing_legs\">M\u00fcnchen<\/a><\/p>\n<p><a href=\"https:\/\/www.treatwell.de\/orte\/behandlung-gruppe-haarentfernung\/angebot-typ-lokal\/in-duesseldorf-de\/ordnen-rabatt-absteigend\/?mkt_params=GC~x_LC~beautyhour18_PM~LP-slot_CM~waxing_summer\">D\u00fcsseldorf<\/a><\/p>\n<p><a href=\"https:\/\/www.treatwell.de\/orte\/behandlung-gruppe-haarentfernung\/angebot-typ-lokal\/in-koeln-de\/ordnen-rabatt-absteigend\/?mkt_params=GC~x_LC~beautyhour18_PM~LP-slot_CM~waxing_summer\">K\u00f6ln<\/a><\/p>\n<h3>\n\t\tEntdecke noch mehr Behandlungen<br \/>\n\t<\/h3>\n<p>\t\t\t\t<a href=\"https:\/\/www.treatwell.de\/orte\/angebot-typ-lokal\/in-berlin-de\/\" target=\"_self\"><br \/>\n\t\t\t\t<img decoding=\"async\" src=\"https:\/\/de-de.twinspiration.wpengine.treatwell.com\/wp-content\/uploads\/sites\/7\/2017\/12\/DE-SmartDiscount-RegionTiles_Berlin1.jpg\" alt=\"DE-SmartDiscount-RegionTiles_Berlin1\" \/><br \/>\n\t\t\t\t<\/a><br \/>\n\t\t\t\t<a href=\"https:\/\/www.treatwell.de\/orte\/angebot-typ-lokal\/in-hamburg-de\/\" target=\"_self\"><br \/>\n\t\t\t\t<img decoding=\"async\" src=\"https:\/\/de-de.twinspiration.wpengine.treatwell.com\/wp-content\/uploads\/sites\/7\/2017\/12\/DE-SmartDiscount-RegionTiles_Hamburg2.jpg\" alt=\"DE-SmartDiscount-RegionTiles_Hamburg2\" \/><br \/>\n\t\t\t\t<\/a><br \/>\n\t\t\t\t<a href=\"https:\/\/www.treatwell.de\/orte\/angebot-typ-lokal\/in-muenchen-de\/\" target=\"_self\"><br \/>\n\t\t\t\t<img decoding=\"async\" src=\"https:\/\/de-de.twinspiration.wpengine.treatwell.com\/wp-content\/uploads\/sites\/7\/2017\/12\/DE-SmartDiscount-RegionTiles_Munchen1.jpg\" alt=\"DE-SmartDiscount-RegionTiles_Munchen1\" \/><br \/>\n\t\t\t\t<\/a><br \/>\n\t\t\t\t<a href=\"https:\/\/www.treatwell.de\/orte\/angebot-typ-lokal\/in-koeln-de\/\" target=\"_self\"><br \/>\n\t\t\t\t<img decoding=\"async\" src=\"https:\/\/de-de.twinspiration.wpengine.treatwell.com\/wp-content\/uploads\/sites\/7\/2017\/12\/DE-SmartDiscount-RegionTiles_Koln2.jpg\" alt=\"DE-SmartDiscount-RegionTiles_Koln2\" \/><br \/>\n\t\t\t\t<\/a><br \/>\n\t\t\t\t<a href=\"https:\/\/www.treatwell.de\/orte\/angebot-typ-lokal\/in-duesseldorf-de\/\" target=\"_self\"><br \/>\n\t\t\t\t<img decoding=\"async\" src=\"https:\/\/de-de.twinspiration.wpengine.treatwell.com\/wp-content\/uploads\/sites\/7\/2017\/12\/DE-SmartDiscount-RegionTiles_Dusseldorf1.jpg\" alt=\"DE-SmartDiscount-RegionTiles_Dusseldorf1\" \/><br \/>\n\t\t\t\t<\/a><\/p>\n","protected":false},"excerpt":{"rendered":"<p>&nbsp; &nbsp; \u00a0Beauty-Termine\u00a0 im Angebot Entdecke Beauty-Termine im Angebote Entdecke Rabatte in unserer Beauty Hour Entdecke Beauty-Termine im Angebot Wir haben f\u00fcr dich all&#8216; unsere Salons mit den besten Angeboten und Rabatten zusammengefasst. Klick dich durch und buche Friseur und Beauty. Damenhaarschnitt W\u00e4hle deine Stadt Berlin Hamburg M\u00fcnchen D\u00fcsseldorf K\u00f6ln N\u00e4gel W\u00e4hle deine Stadt Berlin&hellip;<\/p>\n","protected":false},"author":113,"featured_media":7546,"parent":0,"menu_order":0,"comment_status":"closed","ping_status":"closed","template":"","meta":{"inline_featured_image":false,"footnotes":""},"class_list":["post-7594","page","type-page","status-publish","has-post-thumbnail","hentry"],"yoast_head":"<!-- This site is optimized with the Yoast SEO plugin v27.1.1 - https:\/\/yoast.com\/product\/yoast-seo-wordpress\/ -->\n<title>Beauty-Termine im Angebot - Alle Salons auf Treatwell.de<\/title>\n<meta name=\"description\" content=\"Die besten Friseur- und Beauty-Salons Angebote auf einer Seite! Egal, ob Haarschnitt, Manik\u00fcre oder Kosmetik \u2013 Treatwell hat alles im Angebot f\u00fcr dich.\" \/>\n<meta name=\"robots\" content=\"index, follow, max-snippet:-1, max-image-preview:large, max-video-preview:-1\" \/>\n<link rel=\"canonical\" href=\"https:\/\/www.treatwell.at/inspiration\/angebote\/\" \/>\n<meta property=\"og:locale\" content=\"de_DE\" \/>\n<meta property=\"og:type\" content=\"article\" \/>\n<meta property=\"og:title\" content=\"Beauty-Termine im Angebot - Alle Salons auf Treatwell.de\" \/>\n<meta property=\"og:description\" content=\"Die besten Friseur- und Beauty-Salons Angebote auf einer Seite! Egal, ob Haarschnitt, Manik\u00fcre oder Kosmetik \u2013 Treatwell hat alles im Angebot f\u00fcr dich.\" \/>\n<meta property=\"og:url\" content=\"https:\/\/www.treatwell.at/inspiration\/angebote\/\" \/>\n<meta property=\"og:site_name\" content=\"Treatwell AT\" \/>\n<meta property=\"og:image\" content=\"https:\/\/www.treatwell.at/inspiration\/wp-content\/uploads\/sites\/5\/2016\/05\/Slot-02.jpg\" \/>\n\t<meta property=\"og:image:width\" content=\"360\" \/>\n\t<meta property=\"og:image:height\" content=\"360\" \/>\n\t<meta property=\"og:image:type\" content=\"image\/jpeg\" \/>\n<meta name=\"twitter:card\" content=\"summary_large_image\" \/>\n<meta name=\"twitter:label1\" content=\"Gesch\u00e4tzte Lesezeit\" \/>\n\t<meta name=\"twitter:data1\" content=\"1 Minute\" \/>\n<script type=\"application\/ld+json\" class=\"yoast-schema-graph\">{\"@context\":\"https:\/\/schema.org\",\"@graph\":[{\"@type\":\"WebPage\",\"@id\":\"https:\/\/www.treatwell.at/inspiration\/angebote\/\",\"url\":\"https:\/\/www.treatwell.at/inspiration\/angebote\/\",\"name\":\"Beauty-Termine im Angebot - Alle Salons auf Treatwell.de\",\"isPartOf\":{\"@id\":\"https:\/\/www.treatwell.at/inspiration\/#website\"},\"primaryImageOfPage\":{\"@id\":\"https:\/\/www.treatwell.at/inspiration\/angebote\/#primaryimage\"},\"image\":{\"@id\":\"https:\/\/www.treatwell.at/inspiration\/angebote\/#primaryimage\"},\"thumbnailUrl\":\"https:\/\/www.treatwell.at/inspiration\/wp-content\/uploads\/sites\/5\/2016\/05\/Slot-02.jpg\",\"datePublished\":\"2018-05-25T11:55:16+00:00\",\"description\":\"Die besten Friseur- und Beauty-Salons Angebote auf einer Seite! Egal, ob Haarschnitt, Manik\u00fcre oder Kosmetik \u2013 Treatwell hat alles im Angebot f\u00fcr dich.\",\"breadcrumb\":{\"@id\":\"https:\/\/www.treatwell.at/inspiration\/angebote\/#breadcrumb\"},\"inLanguage\":\"de-DE\",\"potentialAction\":[{\"@type\":\"ReadAction\",\"target\":[\"https:\/\/www.treatwell.at/inspiration\/angebote\/\"]}]},{\"@type\":\"ImageObject\",\"inLanguage\":\"de-DE\",\"@id\":\"https:\/\/www.treatwell.at/inspiration\/angebote\/#primaryimage\",\"url\":\"https:\/\/www.treatwell.at/inspiration\/wp-content\/uploads\/sites\/5\/2016\/05\/Slot-02.jpg\",\"contentUrl\":\"https:\/\/www.treatwell.at/inspiration\/wp-content\/uploads\/sites\/5\/2016\/05\/Slot-02.jpg\",\"width\":360,\"height\":360},{\"@type\":\"BreadcrumbList\",\"@id\":\"https:\/\/www.treatwell.at/inspiration\/angebote\/#breadcrumb\",\"itemListElement\":[{\"@type\":\"ListItem\",\"position\":1,\"name\":\"Home\",\"item\":\"https:\/\/www.treatwell.at/inspiration\/\"},{\"@type\":\"ListItem\",\"position\":2,\"name\":\"Beauty Hour\"}]},{\"@type\":\"WebSite\",\"@id\":\"https:\/\/www.treatwell.at/inspiration\/#website\",\"url\":\"https:\/\/www.treatwell.at/inspiration\/\",\"name\":\"Treatwell AT\",\"description\":\"\",\"potentialAction\":[{\"@type\":\"SearchAction\",\"target\":{\"@type\":\"EntryPoint\",\"urlTemplate\":\"https:\/\/www.treatwell.at/inspiration\/?s={search_term_string}\"},\"query-input\":{\"@type\":\"PropertyValueSpecification\",\"valueRequired\":true,\"valueName\":\"search_term_string\"}}],\"inLanguage\":\"de-DE\"}]}<\/script>\n<!-- \/ Yoast SEO plugin. -->","yoast_head_json":{"title":"Beauty-Termine im Angebot - Alle Salons auf Treatwell.de","description":"Die besten Friseur- und Beauty-Salons Angebote auf einer Seite! Egal, ob Haarschnitt, Manik\u00fcre oder Kosmetik \u2013 Treatwell hat alles im Angebot f\u00fcr dich.","robots":{"index":"index","follow":"follow","max-snippet":"max-snippet:-1","max-image-preview":"max-image-preview:large","max-video-preview":"max-video-preview:-1"},"canonical":"https:\/\/www.treatwell.at/inspiration\/angebote\/","og_locale":"de_DE","og_type":"article","og_title":"Beauty-Termine im Angebot - Alle Salons auf Treatwell.de","og_description":"Die besten Friseur- und Beauty-Salons Angebote auf einer Seite! Egal, ob Haarschnitt, Manik\u00fcre oder Kosmetik \u2013 Treatwell hat alles im Angebot f\u00fcr dich.","og_url":"https:\/\/www.treatwell.at/inspiration\/angebote\/","og_site_name":"Treatwell AT","og_image":[{"width":360,"height":360,"url":"https:\/\/www.treatwell.at/inspiration\/wp-content\/uploads\/sites\/5\/2016\/05\/Slot-02.jpg","type":"image\/jpeg"}],"twitter_card":"summary_large_image","twitter_misc":{"Gesch\u00e4tzte Lesezeit":"1 Minute"},"schema":{"@context":"https:\/\/schema.org","@graph":[{"@type":"WebPage","@id":"https:\/\/www.treatwell.at/inspiration\/angebote\/","url":"https:\/\/www.treatwell.at/inspiration\/angebote\/","name":"Beauty-Termine im Angebot - Alle Salons auf Treatwell.de","isPartOf":{"@id":"https:\/\/www.treatwell.at/inspiration\/#website"},"primaryImageOfPage":{"@id":"https:\/\/www.treatwell.at/inspiration\/angebote\/#primaryimage"},"image":{"@id":"https:\/\/www.treatwell.at/inspiration\/angebote\/#primaryimage"},"thumbnailUrl":"https:\/\/www.treatwell.at/inspiration\/wp-content\/uploads\/sites\/5\/2016\/05\/Slot-02.jpg","datePublished":"2018-05-25T11:55:16+00:00","description":"Die besten Friseur- und Beauty-Salons Angebote auf einer Seite! Egal, ob Haarschnitt, Manik\u00fcre oder Kosmetik \u2013 Treatwell hat alles im Angebot f\u00fcr dich.","breadcrumb":{"@id":"https:\/\/www.treatwell.at/inspiration\/angebote\/#breadcrumb"},"inLanguage":"de-DE","potentialAction":[{"@type":"ReadAction","target":["https:\/\/www.treatwell.at/inspiration\/angebote\/"]}]},{"@type":"ImageObject","inLanguage":"de-DE","@id":"https:\/\/www.treatwell.at/inspiration\/angebote\/#primaryimage","url":"https:\/\/www.treatwell.at/inspiration\/wp-content\/uploads\/sites\/5\/2016\/05\/Slot-02.jpg","contentUrl":"https:\/\/www.treatwell.at/inspiration\/wp-content\/uploads\/sites\/5\/2016\/05\/Slot-02.jpg","width":360,"height":360},{"@type":"BreadcrumbList","@id":"https:\/\/www.treatwell.at/inspiration\/angebote\/#breadcrumb","itemListElement":[{"@type":"ListItem","position":1,"name":"Home","item":"https:\/\/www.treatwell.at/inspiration\/"},{"@type":"ListItem","position":2,"name":"Beauty Hour"}]},{"@type":"WebSite","@id":"https:\/\/www.treatwell.at/inspiration\/#website","url":"https:\/\/www.treatwell.at/inspiration\/","name":"Treatwell AT","description":"","potentialAction":[{"@type":"SearchAction","target":{"@type":"EntryPoint","urlTemplate":"https:\/\/www.treatwell.at/inspiration\/?s={search_term_string}"},"query-input":{"@type":"PropertyValueSpecification","valueRequired":true,"valueName":"search_term_string"}}],"inLanguage":"de-DE"}]}},"_links":{"self":[{"href":"https:\/\/www.treatwell.at\/inspiration\/wp-json\/wp\/v2\/pages\/7594","targetHints":{"allow":["GET"]}}],"collection":[{"href":"https:\/\/www.treatwell.at\/inspiration\/wp-json\/wp\/v2\/pages"}],"about":[{"href":"https:\/\/www.treatwell.at\/inspiration\/wp-json\/wp\/v2\/types\/page"}],"author":[{"embeddable":true,"href":"https:\/\/www.treatwell.at\/inspiration\/wp-json\/wp\/v2\/users\/113"}],"replies":[{"embeddable":true,"href":"https:\/\/www.treatwell.at\/inspiration\/wp-json\/wp\/v2\/comments?post=7594"}],"version-history":[{"count":0,"href":"https:\/\/www.treatwell.at\/inspiration\/wp-json\/wp\/v2\/pages\/7594\/revisions"}],"wp:featuredmedia":[{"embeddable":true,"href":"https:\/\/www.treatwell.at\/inspiration\/wp-json\/wp\/v2\/media\/7546"}],"wp:attachment":[{"href":"https:\/\/www.treatwell.at\/inspiration\/wp-json\/wp\/v2\/media?parent=7594"}],"curies":[{"name":"wp","href":"https:\/\/api.w.org\/{rel}","templated":true}]}}