{"id":7687,"date":"2016-01-01T07:05:35","date_gmt":"2016-01-01T07:05:35","guid":{"rendered":"https:\/\/www.treatwell.co.uk\/inspiration\/?page_id=7687"},"modified":"2018-06-26T10:13:43","modified_gmt":"2018-06-26T10:13:43","slug":"summer-nails","status":"publish","type":"page","link":"https:\/\/www.treatwell.at/inspiration\/summer-nails\/","title":{"rendered":"Summer Nails"},"content":{"rendered":"<p><img decoding=\"async\" src=\"https:\/\/www.treatwell.at/inspiration\/wp-content\/uploads\/sites\/5\/2016\/01\/DACH_summer-campaign_CRM_Gif_hero_Nails_kk.gif\" alt=\"DACH_summer-campaign_CRM_Gif_hero_Nails_kk\" \/><\/p>\n<p style=\"text-align: center\"><strong>Wo es die guten Salons gibt, wisst ihr am Besten&#8230;<\/strong><\/p>\n<p>&nbsp;<\/p>\n<h1>&#8222;Super freundlich, sehr hygienisch und top Ergebnis.&#8220;<\/h1>\n<p>\u2013 Beauty Moments<\/p>\n<p><a href=\"https:\/\/www.treatwell.co.uk\/places\/offer-tag-summer-wax\/sort-best-sellers-asc\/?mkt_params=GC~summer18_LC~summerwaxing_PM~LP-slot_CM~ReviewsectionUK\" target=\"_self\"><img decoding=\"async\" src=\"https:\/\/en-gb.twinspiration.wpengine.treatwell.com\/wp-content\/uploads\/sites\/9\/2016\/01\/TW_stars-animation_small.gif\" alt=\"\" \/><\/a><\/p>\n<h1>&#8222;Alles sauber und perfekt. Die Mitarbeiterin war freundlich und geduldig, gerne wieder!&#8220;<\/h1>\n<p>\u2013 Manekii Japanese nails &amp; lashes<\/p>\n<p><a href=\"https:\/\/www.treatwell.co.uk\/places\/offer-tag-summer-wax\/sort-best-sellers-asc\/?mkt_params=GC~summer18_LC~summerwaxing_PM~LP-slot_CM~ReviewsectionUK\" target=\"_self\"><img decoding=\"async\" src=\"https:\/\/en-gb.twinspiration.wpengine.treatwell.com\/wp-content\/uploads\/sites\/9\/2016\/01\/TW_stars-animation_small.gif\" alt=\"\" \/><\/a><\/p>\n<h1>&#8222;Alles sauber und perfekt. Die Mitarbeiterin war freundlich und geduldig gerne wieder!&#8220;<\/h1>\n<p>\u2013 Die Nagelmanufaktur Lindenthal<\/p>\n<p><a href=\"https:\/\/www.treatwell.co.uk\/places\/offer-tag-summer-wax\/sort-best-sellers-asc\/?mkt_params=GC~summer18_LC~summerwaxing_PM~LP-slot_CM~ReviewsectionUK\" target=\"_self\"><img decoding=\"async\" src=\"https:\/\/en-gb.twinspiration.wpengine.treatwell.com\/wp-content\/uploads\/sites\/9\/2016\/01\/TW_stars-animation_small.gif\" alt=\"\" \/><\/a><br \/>\n<a href=\"https:\/\/www.treatwell.at\/orte\/angebot-typ-lokal\/in-at\/?mkt_params=GC~summer18_LC~sommer18_PM~LP-slot_CM~x\" target=\"_self\"><br \/>\nBewertungen lesen und buchen<br \/>\n<\/a><br \/>\n<img decoding=\"async\" src=\"https:\/\/en-gb.twinspiration.wpengine.treatwell.com\/wp-content\/uploads\/sites\/9\/2016\/01\/TW_Summer-Nails_Landingpage_MP_v03_20.jpg\" alt=\"TW_Summer-Nails_Landingpage_MP_v03_20\" \/><\/p>\n<p style=\"text-align: center\">Pedi fertig &#8211;<\/p>\n<p style=\"text-align: center\">her mit den Sandalen<\/p>\n<p>Pedi fertig &#8211;<\/p>\n<p>her mit den Sandalen<\/p>\n<p><a href=\"https:\/\/www.treatwell.at\/orte\/behandlung-pedikuere\/angebot-typ-lokal\/in-wien-at\/?mkt_params=GC~summer18_LC~sommer18_PM~LP-slot_CM~pedicure\" target=\"_self\"><br \/>\nSommer Pedi buchen<br \/>\n<\/a><br \/>\n<a href=\"https:\/\/www.treatwell.at\/orte\/behandlung-pedikuere\/angebot-typ-lokal\/in-wien-at\/ordnen-rabatt-absteigend\/?mkt_params=GC~summer18_LC~sommer18_PM~LP-slot_CM~pedicure\" target=\"_self\"><br \/>\nBis zu 30% im Nagelstudio sparen<br \/>\n<\/a><\/p>\n<p>Eine Urlaubsliebe&#8230;<\/p>\n<p>Nagellack der h\u00e4lt<\/p>\n<p>&nbsp;<\/p>\n<p>&nbsp;<\/p>\n<p><b>Eine<\/b><\/p>\n<p><b>\u00a0 Urlaubsliebe&#8230;<\/b><\/p>\n<p><a href=\"https:\/\/www.treatwell.at\/orte\/behandlung-gel-manikuere,gel-pedikuere,nagelmodellage\/angebot-typ-lokal\/in-wien-at\/?mkt_params=GC~summer18_LC~sommer18_PM~LP-slot_CM~pinkgirl\" target=\"_self\"><br \/>\nJetzt Gel &amp; Shellac buchen<br \/>\n<\/a><br \/>\n<a href=\"https:\/\/www.treatwell.at\/orte\/behandlung-gel-manikuere,gel-pedikuere,nagelmodellage\/angebot-typ-lokal\/in-wien-at\/?mkt_params=GC~summer18_LC~sommer18_PM~LP-slot_CM~pinkgirl\" target=\"_self\"><br \/>\nGel &amp; Shellac buchen<br \/>\n<\/a><br \/>\n<img decoding=\"async\" src=\"https:\/\/en-gb.twinspiration.wpengine.treatwell.com\/wp-content\/uploads\/sites\/9\/2016\/01\/TW_Summer-Nails_Landingpage_MP_v02_13.gif\" alt=\"TW_Summer-Nails_Landingpage_MP_v02_13\" \/><\/p>\n<p style=\"text-align: center\"><b>Die &#8217;normale&#8216;<\/b><\/p>\n<p style=\"text-align: center\"><b>Manik\u00fcre<\/b><\/p>\n<p style=\"text-align: center\">Die &#8217;normale&#8216;<\/p>\n<p>Manik\u00fcre<\/p>\n<p><a href=\"https:\/\/www.treatwell.at\/orte\/behandlung-manikuere\/angebot-typ-lokal\/in-wien-at\/?mkt_params=GC~summer18_LC~sommer18_PM~LP-slot_CM~greennails\" target=\"_self\"><br \/>\nJetzt Termin buchen<br \/>\n<\/a><\/p>\n<p style=\"text-align: center\">\u00a0Mehr Budget<\/p>\n<p style=\"text-align: left\">f\u00fcr\u00a0den Urlaub<\/p>\n<p>Mehr Budget<\/p>\n<p>f\u00fcr den Urlaub<\/p>\n<p><a href=\"https:\/\/www.treatwell.at\/orte\/behandlung-gel-manikuere,gel-pedikuere,nagelmodellage\/angebot-typ-lokal\/in-wien-at\/ordnen-rabatt-absteigend\/?mkt_params=GC~summer18_LC~sommer18_PM~LP-slot_CM~gif\" target=\"_self\"><br \/>\nBis zu 30% auf Gel &amp; Shellac<br \/>\n<\/a><br \/>\n<img decoding=\"async\" src=\"https:\/\/en-gb.twinspiration.wpengine.treatwell.com\/wp-content\/uploads\/sites\/9\/2016\/01\/TW_Summer-Nails_Landingpage_MP_v02_16.jpg\" alt=\"Phone_DACH\" \/><br \/>\n<img decoding=\"async\" src=\"https:\/\/www.treatwell.at/inspiration\/wp-content\/uploads\/sites\/5\/2016\/01\/14-Portrait-Green-2.jpg\" alt=\"14 Portrait Green 2\" \/><br \/>\n<img decoding=\"async\" src=\"https:\/\/en-gb.twinspiration.wpengine.treatwell.com\/wp-content\/uploads\/sites\/9\/2016\/01\/TW_Summer-Nails_Landingpage_MP_v02_05.jpg\" alt=\"TW_Summer-Nails_Landingpage_MP_v02_05\" \/><\/p>\n<p>Sei ein Mani-<\/p>\n<p>Wunder<\/p>\n<p>Sei ein Mani-Wunder<\/p>\n<p><a href=\"https:\/\/www.treatwell.at\/orte\/behandlung-manikuere\/angebot-typ-lokal\/in-wien-at\/ordnen-rabatt-absteigend\/?mkt_params=GC~summer18_LC~sommer18_PM~LP-slot_CM~greennails\" target=\"_self\"><br \/>\nBis zu 30% Rabatt auf Manik\u00fcren<br \/>\n<\/a><br \/>\n<img decoding=\"async\" src=\"https:\/\/en-gb.twinspiration.wpengine.treatwell.com\/wp-content\/uploads\/sites\/9\/2016\/01\/TW_Summer-Nails_Landingpage_MP_v02_29.jpg\" alt=\"TW_Summer-Nails_Landingpage_MP_v02_29\" \/><\/p>\n<p>Wir verraten&#8217;s<\/p>\n<p>nicht<\/p>\n<p>Wir verraten&#8217;s nicht<\/p>\n<p>Buche Beauty im Office, unauff\u00e4llig w\u00e4hrend eines Meetings.<\/p>\n<p><a href=\"https:\/\/itunes.apple.com\/gb\/app\/treatwell\/id814443140\/?mkt_params=GC~summer18_LC~sommer18_PM~LP-slot_CM~phone\" target=\"_self\"><br \/>\nApp herunterladen<br \/>\n<\/a><br \/>\n<img decoding=\"async\" src=\"https:\/\/www.treatwell.at/inspiration\/wp-content\/uploads\/sites\/5\/2016\/01\/Phone_DACH.png\" alt=\"Phone_DACH\" \/><\/p>\n<p><a style=\"color: #4d4d4d\" href=\"http:\/\/www.treatwell.co.uk\">www.treatwell.<\/a>at<\/p>\n","protected":false},"excerpt":{"rendered":"<p>Wo es die guten Salons gibt, wisst ihr am Besten&#8230; &nbsp; &#8222;Super freundlich, sehr hygienisch und top Ergebnis.&#8220; \u2013 Beauty Moments &#8222;Alles sauber und perfekt. Die Mitarbeiterin war freundlich und geduldig, gerne wieder!&#8220; \u2013 Manekii Japanese nails &amp; lashes &#8222;Alles sauber und perfekt. Die Mitarbeiterin war freundlich und geduldig gerne wieder!&#8220; \u2013 Die Nagelmanufaktur Lindenthal&hellip;<\/p>\n","protected":false},"author":35,"featured_media":7736,"parent":0,"menu_order":0,"comment_status":"closed","ping_status":"closed","template":"","meta":{"inline_featured_image":false,"footnotes":""},"class_list":["post-7687","page","type-page","status-publish","has-post-thumbnail","hentry"],"yoast_head":"<!-- This site is optimized with the Yoast SEO plugin v27.4 - https:\/\/yoast.com\/product\/yoast-seo-wordpress\/ -->\n<title>Sommer-N\u00e4gel | Bis zu 30% im Nagelstudio sparen<\/title>\n<meta name=\"description\" content=\"Jetzt mit bis zu 30% auf Manik\u00fcren, Pedik\u00fcren, Gel &amp; Shellac. Buch&#039; deinen Nageltermin online und mach dich bereit f\u00fcr den Sommer.\" \/>\n<meta name=\"robots\" content=\"index, follow, max-snippet:-1, max-image-preview:large, max-video-preview:-1\" \/>\n<link rel=\"canonical\" href=\"https:\/\/www.treatwell.at/inspiration\/summer-nails\/\" \/>\n<meta property=\"og:locale\" content=\"de_DE\" \/>\n<meta property=\"og:type\" content=\"article\" \/>\n<meta property=\"og:title\" content=\"Sommer-N\u00e4gel | Bis zu 30% im Nagelstudio sparen\" \/>\n<meta property=\"og:description\" content=\"Jetzt mit bis zu 30% auf Manik\u00fcren, Pedik\u00fcren, Gel &amp; Shellac. Buch&#039; deinen Nageltermin online und mach dich bereit f\u00fcr den Sommer.\" \/>\n<meta property=\"og:url\" content=\"https:\/\/www.treatwell.at/inspiration\/summer-nails\/\" \/>\n<meta property=\"og:site_name\" content=\"Treatwell AT\" \/>\n<meta property=\"article:modified_time\" content=\"2018-06-26T10:13:43+00:00\" \/>\n<meta property=\"og:image\" content=\"https:\/\/www.treatwell.at/inspiration\/wp-content\/uploads\/sites\/5\/2016\/01\/180329_TREATWELL_HANDS_01_BLUE_004_RGB_F2-cropped-1.jpg\" \/>\n\t<meta property=\"og:image:width\" content=\"700\" \/>\n\t<meta property=\"og:image:height\" content=\"700\" \/>\n\t<meta property=\"og:image:type\" content=\"image\/jpeg\" \/>\n<meta name=\"twitter:card\" content=\"summary_large_image\" \/>\n<meta name=\"twitter:title\" content=\"Sommer-N\u00e4gel | Bis zu 30% im Nagelstudio sparen\" \/>\n<meta name=\"twitter:description\" content=\"Jetzt mit bis zu 30% auf Manik\u00fcren, Pedik\u00fcren, Gel &amp; Shellac. Buch&#039; deinen Nageltermin online und mach dich bereit f\u00fcr den Sommer.\" \/>\n<meta name=\"twitter:label1\" content=\"Gesch\u00e4tzte Lesezeit\" \/>\n\t<meta name=\"twitter:data1\" content=\"1 Minute\" \/>\n<script type=\"application\/ld+json\" class=\"yoast-schema-graph\">{\"@context\":\"https:\\\/\\\/schema.org\",\"@graph\":[{\"@type\":\"WebPage\",\"@id\":\"https:\\\/\\\/www.treatwell.at/inspiration\\\/summer-nails\\\/\",\"url\":\"https:\\\/\\\/www.treatwell.at/inspiration\\\/summer-nails\\\/\",\"name\":\"Sommer-N\u00e4gel | Bis zu 30% im Nagelstudio sparen\",\"isPartOf\":{\"@id\":\"https:\\\/\\\/www.treatwell.at/inspiration\\\/#website\"},\"primaryImageOfPage\":{\"@id\":\"https:\\\/\\\/www.treatwell.at/inspiration\\\/summer-nails\\\/#primaryimage\"},\"image\":{\"@id\":\"https:\\\/\\\/www.treatwell.at/inspiration\\\/summer-nails\\\/#primaryimage\"},\"thumbnailUrl\":\"https:\\\/\\\/www.treatwell.at/inspiration\\\/wp-content\\\/uploads\\\/sites\\\/5\\\/2016\\\/01\\\/180329_TREATWELL_HANDS_01_BLUE_004_RGB_F2-cropped-1.jpg\",\"datePublished\":\"2016-01-01T07:05:35+00:00\",\"dateModified\":\"2018-06-26T10:13:43+00:00\",\"description\":\"Jetzt mit bis zu 30% auf Manik\u00fcren, Pedik\u00fcren, Gel & Shellac. Buch' deinen Nageltermin online und mach dich bereit f\u00fcr den Sommer.\",\"breadcrumb\":{\"@id\":\"https:\\\/\\\/www.treatwell.at/inspiration\\\/summer-nails\\\/#breadcrumb\"},\"inLanguage\":\"de-DE\",\"potentialAction\":[{\"@type\":\"ReadAction\",\"target\":[\"https:\\\/\\\/www.treatwell.at/inspiration\\\/summer-nails\\\/\"]}]},{\"@type\":\"ImageObject\",\"inLanguage\":\"de-DE\",\"@id\":\"https:\\\/\\\/www.treatwell.at/inspiration\\\/summer-nails\\\/#primaryimage\",\"url\":\"https:\\\/\\\/www.treatwell.at/inspiration\\\/wp-content\\\/uploads\\\/sites\\\/5\\\/2016\\\/01\\\/180329_TREATWELL_HANDS_01_BLUE_004_RGB_F2-cropped-1.jpg\",\"contentUrl\":\"https:\\\/\\\/www.treatwell.at/inspiration\\\/wp-content\\\/uploads\\\/sites\\\/5\\\/2016\\\/01\\\/180329_TREATWELL_HANDS_01_BLUE_004_RGB_F2-cropped-1.jpg\",\"width\":700,\"height\":700,\"caption\":\"HyperFocal: 0\"},{\"@type\":\"BreadcrumbList\",\"@id\":\"https:\\\/\\\/www.treatwell.at/inspiration\\\/summer-nails\\\/#breadcrumb\",\"itemListElement\":[{\"@type\":\"ListItem\",\"position\":1,\"name\":\"Home\",\"item\":\"https:\\\/\\\/www.treatwell.at/inspiration\\\/\"},{\"@type\":\"ListItem\",\"position\":2,\"name\":\"Summer Nails\"}]},{\"@type\":\"WebSite\",\"@id\":\"https:\\\/\\\/www.treatwell.at/inspiration\\\/#website\",\"url\":\"https:\\\/\\\/www.treatwell.at/inspiration\\\/\",\"name\":\"Treatwell AT\",\"description\":\"\",\"potentialAction\":[{\"@type\":\"SearchAction\",\"target\":{\"@type\":\"EntryPoint\",\"urlTemplate\":\"https:\\\/\\\/www.treatwell.at/inspiration\\\/?s={search_term_string}\"},\"query-input\":{\"@type\":\"PropertyValueSpecification\",\"valueRequired\":true,\"valueName\":\"search_term_string\"}}],\"inLanguage\":\"de-DE\"}]}<\/script>\n<!-- \/ Yoast SEO plugin. -->","yoast_head_json":{"title":"Sommer-N\u00e4gel | Bis zu 30% im Nagelstudio sparen","description":"Jetzt mit bis zu 30% auf Manik\u00fcren, Pedik\u00fcren, Gel & Shellac. Buch' deinen Nageltermin online und mach dich bereit f\u00fcr den Sommer.","robots":{"index":"index","follow":"follow","max-snippet":"max-snippet:-1","max-image-preview":"max-image-preview:large","max-video-preview":"max-video-preview:-1"},"canonical":"https:\/\/www.treatwell.at/inspiration\/summer-nails\/","og_locale":"de_DE","og_type":"article","og_title":"Sommer-N\u00e4gel | Bis zu 30% im Nagelstudio sparen","og_description":"Jetzt mit bis zu 30% auf Manik\u00fcren, Pedik\u00fcren, Gel & Shellac. Buch' deinen Nageltermin online und mach dich bereit f\u00fcr den Sommer.","og_url":"https:\/\/www.treatwell.at/inspiration\/summer-nails\/","og_site_name":"Treatwell AT","article_modified_time":"2018-06-26T10:13:43+00:00","og_image":[{"width":700,"height":700,"url":"https:\/\/www.treatwell.at/inspiration\/wp-content\/uploads\/sites\/5\/2016\/01\/180329_TREATWELL_HANDS_01_BLUE_004_RGB_F2-cropped-1.jpg","type":"image\/jpeg"}],"twitter_card":"summary_large_image","twitter_title":"Sommer-N\u00e4gel | Bis zu 30% im Nagelstudio sparen","twitter_description":"Jetzt mit bis zu 30% auf Manik\u00fcren, Pedik\u00fcren, Gel & Shellac. Buch' deinen Nageltermin online und mach dich bereit f\u00fcr den Sommer.","twitter_misc":{"Gesch\u00e4tzte Lesezeit":"1 Minute"},"schema":{"@context":"https:\/\/schema.org","@graph":[{"@type":"WebPage","@id":"https:\/\/www.treatwell.at/inspiration\/summer-nails\/","url":"https:\/\/www.treatwell.at/inspiration\/summer-nails\/","name":"Sommer-N\u00e4gel | Bis zu 30% im Nagelstudio sparen","isPartOf":{"@id":"https:\/\/www.treatwell.at/inspiration\/#website"},"primaryImageOfPage":{"@id":"https:\/\/www.treatwell.at/inspiration\/summer-nails\/#primaryimage"},"image":{"@id":"https:\/\/www.treatwell.at/inspiration\/summer-nails\/#primaryimage"},"thumbnailUrl":"https:\/\/www.treatwell.at/inspiration\/wp-content\/uploads\/sites\/5\/2016\/01\/180329_TREATWELL_HANDS_01_BLUE_004_RGB_F2-cropped-1.jpg","datePublished":"2016-01-01T07:05:35+00:00","dateModified":"2018-06-26T10:13:43+00:00","description":"Jetzt mit bis zu 30% auf Manik\u00fcren, Pedik\u00fcren, Gel & Shellac. Buch' deinen Nageltermin online und mach dich bereit f\u00fcr den Sommer.","breadcrumb":{"@id":"https:\/\/www.treatwell.at/inspiration\/summer-nails\/#breadcrumb"},"inLanguage":"de-DE","potentialAction":[{"@type":"ReadAction","target":["https:\/\/www.treatwell.at/inspiration\/summer-nails\/"]}]},{"@type":"ImageObject","inLanguage":"de-DE","@id":"https:\/\/www.treatwell.at/inspiration\/summer-nails\/#primaryimage","url":"https:\/\/www.treatwell.at/inspiration\/wp-content\/uploads\/sites\/5\/2016\/01\/180329_TREATWELL_HANDS_01_BLUE_004_RGB_F2-cropped-1.jpg","contentUrl":"https:\/\/www.treatwell.at/inspiration\/wp-content\/uploads\/sites\/5\/2016\/01\/180329_TREATWELL_HANDS_01_BLUE_004_RGB_F2-cropped-1.jpg","width":700,"height":700,"caption":"HyperFocal: 0"},{"@type":"BreadcrumbList","@id":"https:\/\/www.treatwell.at/inspiration\/summer-nails\/#breadcrumb","itemListElement":[{"@type":"ListItem","position":1,"name":"Home","item":"https:\/\/www.treatwell.at/inspiration\/"},{"@type":"ListItem","position":2,"name":"Summer Nails"}]},{"@type":"WebSite","@id":"https:\/\/www.treatwell.at/inspiration\/#website","url":"https:\/\/www.treatwell.at/inspiration\/","name":"Treatwell AT","description":"","potentialAction":[{"@type":"SearchAction","target":{"@type":"EntryPoint","urlTemplate":"https:\/\/www.treatwell.at/inspiration\/?s={search_term_string}"},"query-input":{"@type":"PropertyValueSpecification","valueRequired":true,"valueName":"search_term_string"}}],"inLanguage":"de-DE"}]}},"_links":{"self":[{"href":"https:\/\/www.treatwell.at\/inspiration\/wp-json\/wp\/v2\/pages\/7687","targetHints":{"allow":["GET"]}}],"collection":[{"href":"https:\/\/www.treatwell.at\/inspiration\/wp-json\/wp\/v2\/pages"}],"about":[{"href":"https:\/\/www.treatwell.at\/inspiration\/wp-json\/wp\/v2\/types\/page"}],"author":[{"embeddable":true,"href":"https:\/\/www.treatwell.at\/inspiration\/wp-json\/wp\/v2\/users\/35"}],"replies":[{"embeddable":true,"href":"https:\/\/www.treatwell.at\/inspiration\/wp-json\/wp\/v2\/comments?post=7687"}],"version-history":[{"count":0,"href":"https:\/\/www.treatwell.at\/inspiration\/wp-json\/wp\/v2\/pages\/7687\/revisions"}],"wp:featuredmedia":[{"embeddable":true,"href":"https:\/\/www.treatwell.at\/inspiration\/wp-json\/wp\/v2\/media\/7736"}],"wp:attachment":[{"href":"https:\/\/www.treatwell.at\/inspiration\/wp-json\/wp\/v2\/media?parent=7687"}],"curies":[{"name":"wp","href":"https:\/\/api.w.org\/{rel}","templated":true}]}}