{"id":7873,"date":"2018-07-24T08:02:54","date_gmt":"2018-07-24T08:02:54","guid":{"rendered":"https:\/\/www.treatwell.at\/inspiration\/?page_id=7873"},"modified":"2018-07-26T07:36:55","modified_gmt":"2018-07-26T07:36:55","slug":"summer-men","status":"publish","type":"page","link":"https:\/\/www.treatwell.at/inspiration\/summer-men\/","title":{"rendered":"Summer Men"},"content":{"rendered":"<p>\t\t\t<a href=\"https:\/\/www.treatwell.at\/orte\/angebot-typ-lokal\/in-at\/?mkt_params=GC~summer18_LC~menshairdach_PM~LP-slot_CM~\" target=\"_self\" role=\"button\"><br \/>\n\t\t\t\t\t\t\tFinde dein n\u00e4chstes Treatment<br \/>\n\t\t\t\t\t<\/a><br \/>\n\t\t\t\t<img decoding=\"async\" src=\"https:\/\/de-de.twinspiration.wpengine.treatwell.com\/wp-content\/uploads\/sites\/7\/2015\/07\/DEAT_Hero_module.gif\" alt=\"DEAT_Hero_module\" \/><br \/>\n\t\t\t<a href=\"https:\/\/www.treatwell.at\/?mkt_params=GC~summer18_LC~menshairdach_PM~LP-slot_CM~hero\" target=\"_self\" role=\"button\"><br \/>\n\t\t\t\t\t\t\tFinde dein n\u00e4chstes Treatment<br \/>\n\t\t\t\t\t<\/a><\/p>\n<p style=\"text-align: center\">Der unkomplizierte und stressfreie Weg, um Haarschnitt, Bartpflege oder Man(n)ik\u00fcre zu buchen (Ja, Mani).<\/p>\n<p>\t\t\t\t<img decoding=\"async\" src=\"https:\/\/en-gb.twinspiration.wpengine.treatwell.com\/wp-content\/uploads\/sites\/9\/2015\/07\/TW_Summer-Mens-Hair_Landingpage_MP_v02_03.gif\" alt=\"TW_Summer-Mens-Hair_Landingpage_MP_v02_03\" \/><\/p>\n<p style=\"text-align: center;color: #78d64b\">Friseur<\/p>\n<p style=\"text-align: center;font-weight: bold;color: #78d64b;font-size: 44px;line-height: 105%\">Wenn deine Haare <br \/>\n schon bis zu den<br \/>\n Schultern reichen<\/p>\n<p style=\"text-align: left;font-weight: bold;color: #78d64b;font-size: 40px;line-height: 105%\">Wenn deine Haare schon bis zu den Schultern reichen<\/p>\n<p>\t\t\t<a href=\"https:\/\/www.treatwell.at\/orte\/behandlung-maennerhaarschnitte\/angebot-typ-lokal\/in-at\/kaufen-als-buchung\/verfuegbar-in-den-naechsten-7-tage\/?mkt_params=GC~summer18_LC~menshairdach_PM~LP-slot_CM~hair\" target=\"_self\" role=\"button\"><br \/>\n\t\t\t\t\t\t\tBuche Last-Minute<br \/>\n\t\t\t\t\t<\/a><\/p>\n<p style=\"text-align: center;color: #00b0b9\">Bartpflege<\/p>\n<p style=\"text-align: center;font-weight: bold;color: #00b0b9;font-size: 44px;line-height: 105%\">Schenk&#8216; deinem<br \/>\nBart ein bisschen<br \/>\n Aufmerksamkeit<\/p>\n<p style=\"text-align: left;font-weight: bold;color: #00b0b9;font-size: 38px;line-height: 105%\">Schenk&#8216; deinem Bart ein bisschen Aufmerksamkeit<\/p>\n<p>\t\t\t<a href=\"https:\/\/www.treatwell.at\/orte\/behandlung-bart-trimmen-rasur,maennerhaarschnitte\/angebot-typ-lokal\/in-at\/?mkt_params=GC~summer18_LC~menshairdach_PM~LP-slot_CM~beard\" target=\"_self\" role=\"button\"><br \/>\n\t\t\t\t\t\t\tBarbiere in deiner N\u00e4he<br \/>\n\t\t\t\t\t<\/a><br \/>\n\t\t\t\t<img decoding=\"async\" src=\"https:\/\/en-gb.twinspiration.wpengine.treatwell.com\/wp-content\/uploads\/sites\/9\/2015\/07\/TW_Summer-Mens-Hair_Landingpage_MP_v02_07-1.jpg\" alt=\"TW_Summer-Mens-Hair_Landingpage_MP_v02_07\" \/><br \/>\n\t\t\t\t<img decoding=\"async\" src=\"https:\/\/en-gb.twinspiration.wpengine.treatwell.com\/wp-content\/uploads\/sites\/9\/2015\/07\/TW_Summer-Mens-Hair_Landingpage_MP_v02_10.jpg\" alt=\"TW_Summer-Mens-Hair_Landingpage_MP_v02_10\" \/><br \/>\n\t\t\t\t<img decoding=\"async\" src=\"https:\/\/en-gb.twinspiration.wpengine.treatwell.com\/wp-content\/uploads\/sites\/9\/2015\/07\/TW_Summer-Mens-Hair_Landingpage_MP_v02_14.jpg\" alt=\"TW_Summer-Mens-Hair_Landingpage_MP_v02_14\" \/><\/p>\n<p style=\"text-align: center;color: #d6cf8d\">Haarentfernung<\/p>\n<p style=\"text-align: center;font-weight: bold;color: #d6cf8d;font-size: 44px;line-height: 105%\">Fadentechnik, Waxing,<br \/>\nSugaring,wenn es weg<br \/>\nsoll, hast du die Wahl<\/p>\n<p style=\"text-align: left;font-weight: bold;color: #d6cf8d;font-size: 40px;line-height: 105%\">Fadentechnik, Waxing, Sugaring,<br \/>\nwenn es weg soll, hast du die Wahl<\/p>\n<p>\t\t\t<a href=\"https:\/\/www.treatwell.at\/orte\/behandlung-haarentfernung-mit-fadentechnik,herren-waxing\/angebot-typ-lokal\/in-at\/?mkt_params=GC~summer18_LC~menshairdach_PM~LP-slot_CM~waxing\" target=\"_self\" role=\"button\"><br \/>\n\t\t\t\t\t\t\tHaarentfernung buchen<br \/>\n\t\t\t\t\t<\/a><\/p>\n<p style=\"text-align: center;color: #78d64b\">Manik\u00fcre<\/p>\n<p style=\"text-align: center;font-weight: bold;color: #78d64b;font-size: 44px;line-height: 105%\">Schnell in Form <br \/>\ngefeilt und gepflegt. <br \/>\nKein Ding.<\/p>\n<p style=\"text-align: left;font-weight: bold;color: #78d64b;font-size: 40px;line-height: 105%\">Schnell in Form gefeilt und gepflegt.<br \/>\nKein Ding.<\/p>\n<p>\t\t\t<a href=\"https:\/\/www.treatwell.at\/orte\/behandlung-manikuere\/angebot-typ-lokal\/in-at\/?mkt_params=GC~summer18_LC~menshairdach_PM~LP-slot_CM~manicure\" target=\"_self\" role=\"button\"><br \/>\n\t\t\t\t\t\t\tHol&#8216; dir deine Man(n)i<br \/>\n\t\t\t\t\t<\/a><br \/>\n\t\t\t\t<img decoding=\"async\" src=\"https:\/\/en-gb.twinspiration.wpengine.treatwell.com\/wp-content\/uploads\/sites\/9\/2015\/07\/TW_Summer-Mens-Hair_Landingpage_MP_v02_18.jpg\" alt=\"TW_Summer-Mens-Hair_Landingpage_MP_v02_18\" \/><\/p>\n<p style=\"text-align: center;font-size: 52px;font-weight: bold;line-height: 105%\">Du hast Fragen,<br \/>\nwir die Antworten&#8230;<\/p>\n<p style=\"text-align: left;font-size: 40px;font-weight: bold;line-height: 105%\">Du hast Fragen, wir die Antworten&#8230;<\/p>\n<p>\t\t\t<img decoding=\"async\" src=\"https:\/\/en-gb.twinspiration.wpengine.treatwell.com\/wp-content\/uploads\/sites\/9\/2015\/07\/TW_Summer-Mens-Hair_Landingpage_MP_v02_21.jpg\" alt=\"\" \/>\t\t\t<\/p>\n<h1>Haar- und Barpflege Trends f\u00fcr 2018?<\/h1>\n<p style=\"text-align: left\">Ja, du kannst deinem individuellen Look treu bleiben und trotzdem den aktuellen Trends folgen. Dieses Jahr sind wir experimentierfreudiger denn je: Von raspelkurz bis zur Surfermatte und Schnurrbart. Da ist f\u00fcr jeden etwas dabei.<\/p>\n<p>\t\t\t<a href=\"\" target=\"_self\" role=\"button\"><br \/>\n\t\t\t\t\t\t\tMehr dazu<br \/>\n\t\t\t\t\t<\/a><br \/>\n<img decoding=\"async\" src=\"https:\/\/en-gb.twinspiration.wpengine.treatwell.com\/wp-content\/uploads\/sites\/9\/2015\/07\/TW_Summer-Mens-Hair_Landingpage_MP_v02_21.jpg\" alt=\"\" \/><br \/>\n\t\t\t\t<img decoding=\"async\" src=\"https:\/\/en-gb.twinspiration.wpengine.treatwell.com\/wp-content\/uploads\/sites\/9\/2015\/07\/TW_Summer-Mens-Hair_Landingpage_MP_v02_24-1.jpg\" alt=\"TW_Summer-Mens-Hair_Landingpage_MP_v02_24\" \/><\/p>\n<p style=\"text-align: left;font-weight: bold;font-size: 36px;line-height: 110%\">Den Spliss werden wir nicht wirklich vermissen<\/p>\n<p>\t\t\t<a href=\"https:\/\/www.treatwell.at\/orte\/behandlung-gruppe-friseur\/angebot-typ-lokal\/in-at\/?mkt_params=GC~summer18_LC~menshairdach_PM~LP-slot_CM~\" target=\"_self\" role=\"button\"><br \/>\n\t\t\t\t\t\t\tHaarschnitt buchen<br \/>\n\t\t\t\t\t<\/a><br \/>\n\t\t\t\t<img decoding=\"async\" src=\"https:\/\/en-gb.twinspiration.wpengine.treatwell.com\/wp-content\/uploads\/sites\/9\/2015\/07\/TW_Summer-Mens-Hair_Landingpage_MP_v02_26.jpg\" alt=\"TW_Summer-Mens-Hair_Landingpage_MP_v02_26\" \/><\/p>\n<p style=\"text-align: left;font-weight: bold;font-size: 36px;line-height: 110%\">Buch&#8216; dir ein Waxing und genie\u00df die extra Minuten unter der Dusche<\/p>\n<p>\t\t\t<a href=\"https:\/\/www.treatwell.at\/orte\/behandlung-gruppe-haarentfernung\/angebot-typ-lokal\/in-at\/?mkt_params=GC~summer18_LC~menshairdach_PM~LP-slot_CM~waxingwomen\" target=\"_self\" role=\"button\"><br \/>\n\t\t\t\t\t\t\tWaxing buchen<br \/>\n\t\t\t\t\t<\/a><br \/>\n\t\t\t\t<img decoding=\"async\" src=\"https:\/\/en-gb.twinspiration.wpengine.treatwell.com\/wp-content\/uploads\/sites\/9\/2015\/07\/TW_Summer-Mens-Hair_Landingpage_MP_v02_28.jpg\" alt=\"TW_Summer-Mens-Hair_Landingpage_MP_v02_28\" \/><\/p>\n<p style=\"text-align: left;font-weight: bold;font-size: 36px;line-height: 110%\">Ein bisschen Farbe macht den Tag sch\u00f6ner<\/p>\n<p>\t\t\t<a href=\"https:\/\/www.treatwell.at\/orte\/behandlung-manikuere\/angebot-typ-lokal\/in-at\/?mkt_params=GC~summer18_LC~menshairdach_PM~LP-slot_CM~manicure\" target=\"_self\" role=\"button\"><br \/>\n\t\t\t\t\t\t\tManik\u00fcre buchen<br \/>\n\t\t\t\t\t<\/a><br \/>\n\t\t\t\t<img decoding=\"async\" src=\"https:\/\/en-gb.twinspiration.wpengine.treatwell.com\/wp-content\/uploads\/sites\/9\/2015\/07\/TW_Summer-Mens-Hair_Landingpage_MP_v02_32.jpg\" alt=\"TW_Summer-Mens-Hair_Landingpage_MP_v02_32\" \/><\/p>\n<p style=\"text-align: left;font-weight: bold;color: #78d64b;font-size: 44px;line-height: 105%\">Wir verraten&#8217;s<\/p>\n<p style=\"text-align: left;font-weight: bold;color: #78d64b;font-size: 44px;line-height: 105%\">nicht<\/p>\n<p style=\"font-weight: bold;color: #78d64b;font-size: 40px;line-height: 105%\">Wir verraten&#8217;s nicht<\/p>\n<p style=\"text-align: left\">Buche Beauty im Office, unauff\u00e4llig w\u00e4hrend eines Meetings.<\/p>\n<p>\t\t\t<a href=\"https:\/\/itunes.apple.com\/at\/app\/treatwell\/id814443140\/?mkt_params=GC~summer18_LC~menshairdach_PM~LP-slot_CM~phone\" target=\"_self\" role=\"button\"><br \/>\n\t\t\t\t\t\t\tJetzt herunterladen<br \/>\n\t\t\t\t\t<\/a><br \/>\n\t\t\t\t<img decoding=\"async\" src=\"https:\/\/de-de.twinspiration.wpengine.treatwell.com\/wp-content\/uploads\/sites\/7\/2018\/05\/Phone_DACH.png\" alt=\"Phone_DACH\" \/><\/p>\n<p style=\"text-align: left\">www.treatwell.at<\/p>\n","protected":false},"excerpt":{"rendered":"<p>Finde dein n\u00e4chstes Treatment Finde dein n\u00e4chstes Treatment Der unkomplizierte und stressfreie Weg, um Haarschnitt, Bartpflege oder Man(n)ik\u00fcre zu buchen (Ja, Mani). Friseur Wenn deine Haare schon bis zu den Schultern reichen Wenn deine Haare schon bis zu den Schultern reichen Buche Last-Minute Bartpflege Schenk&#8216; deinem Bart ein bisschen Aufmerksamkeit Schenk&#8216; deinem Bart ein bisschen&hellip;<\/p>\n","protected":false},"author":117,"featured_media":0,"parent":0,"menu_order":0,"comment_status":"closed","ping_status":"closed","template":"","meta":{"inline_featured_image":false,"footnotes":""},"class_list":["post-7873","page","type-page","status-publish","hentry"],"yoast_head":"<!-- This site is optimized with the Yoast SEO plugin v27.5 - https:\/\/yoast.com\/product\/yoast-seo-wordpress\/ -->\n<title>Summer Men - Treatwell AT<\/title>\n<meta name=\"robots\" content=\"index, follow, max-snippet:-1, max-image-preview:large, max-video-preview:-1\" \/>\n<link rel=\"canonical\" href=\"https:\/\/www.treatwell.at/inspiration\/summer-men\/\" \/>\n<meta property=\"og:locale\" content=\"de_DE\" \/>\n<meta property=\"og:type\" content=\"article\" \/>\n<meta property=\"og:title\" content=\"Summer Men - Treatwell AT\" \/>\n<meta property=\"og:description\" content=\"Finde dein n\u00e4chstes Treatment Finde dein n\u00e4chstes Treatment Der unkomplizierte und stressfreie Weg, um Haarschnitt, Bartpflege oder Man(n)ik\u00fcre zu buchen (Ja, Mani). Friseur Wenn deine Haare schon bis zu den Schultern reichen Wenn deine Haare schon bis zu den Schultern reichen Buche Last-Minute Bartpflege Schenk&#8216; deinem Bart ein bisschen Aufmerksamkeit Schenk&#8216; deinem Bart ein bisschen&hellip;\" \/>\n<meta property=\"og:url\" content=\"https:\/\/www.treatwell.at/inspiration\/summer-men\/\" \/>\n<meta property=\"og:site_name\" content=\"Treatwell AT\" \/>\n<meta property=\"article:modified_time\" content=\"2018-07-26T07:36:55+00:00\" \/>\n<meta property=\"og:image\" content=\"https:\/\/de-de.twinspiration.wpengine.treatwell.com\/wp-content\/uploads\/sites\/7\/2015\/07\/DEAT_Hero_module.gif\" \/>\n<meta name=\"twitter:card\" content=\"summary_large_image\" \/>\n<meta name=\"twitter:label1\" content=\"Gesch\u00e4tzte Lesezeit\" \/>\n\t<meta name=\"twitter:data1\" content=\"1 Minute\" \/>\n<script type=\"application\/ld+json\" class=\"yoast-schema-graph\">{\"@context\":\"https:\\\/\\\/schema.org\",\"@graph\":[{\"@type\":\"WebPage\",\"@id\":\"https:\\\/\\\/www.treatwell.at/inspiration\\\/summer-men\\\/\",\"url\":\"https:\\\/\\\/www.treatwell.at/inspiration\\\/summer-men\\\/\",\"name\":\"Summer Men - Treatwell AT\",\"isPartOf\":{\"@id\":\"https:\\\/\\\/www.treatwell.at/inspiration\\\/#website\"},\"primaryImageOfPage\":{\"@id\":\"https:\\\/\\\/www.treatwell.at/inspiration\\\/summer-men\\\/#primaryimage\"},\"image\":{\"@id\":\"https:\\\/\\\/www.treatwell.at/inspiration\\\/summer-men\\\/#primaryimage\"},\"thumbnailUrl\":\"https:\\\/\\\/de-de.twinspiration.wpengine.treatwell.com\\\/wp-content\\\/uploads\\\/sites\\\/7\\\/2015\\\/07\\\/DEAT_Hero_module.gif\",\"datePublished\":\"2018-07-24T08:02:54+00:00\",\"dateModified\":\"2018-07-26T07:36:55+00:00\",\"breadcrumb\":{\"@id\":\"https:\\\/\\\/www.treatwell.at/inspiration\\\/summer-men\\\/#breadcrumb\"},\"inLanguage\":\"de-DE\",\"potentialAction\":[{\"@type\":\"ReadAction\",\"target\":[\"https:\\\/\\\/www.treatwell.at/inspiration\\\/summer-men\\\/\"]}]},{\"@type\":\"ImageObject\",\"inLanguage\":\"de-DE\",\"@id\":\"https:\\\/\\\/www.treatwell.at/inspiration\\\/summer-men\\\/#primaryimage\",\"url\":\"https:\\\/\\\/de-de.twinspiration.wpengine.treatwell.com\\\/wp-content\\\/uploads\\\/sites\\\/7\\\/2015\\\/07\\\/DEAT_Hero_module.gif\",\"contentUrl\":\"https:\\\/\\\/de-de.twinspiration.wpengine.treatwell.com\\\/wp-content\\\/uploads\\\/sites\\\/7\\\/2015\\\/07\\\/DEAT_Hero_module.gif\"},{\"@type\":\"BreadcrumbList\",\"@id\":\"https:\\\/\\\/www.treatwell.at/inspiration\\\/summer-men\\\/#breadcrumb\",\"itemListElement\":[{\"@type\":\"ListItem\",\"position\":1,\"name\":\"Home\",\"item\":\"https:\\\/\\\/www.treatwell.at/inspiration\\\/\"},{\"@type\":\"ListItem\",\"position\":2,\"name\":\"Summer Men\"}]},{\"@type\":\"WebSite\",\"@id\":\"https:\\\/\\\/www.treatwell.at/inspiration\\\/#website\",\"url\":\"https:\\\/\\\/www.treatwell.at/inspiration\\\/\",\"name\":\"Treatwell AT\",\"description\":\"\",\"potentialAction\":[{\"@type\":\"SearchAction\",\"target\":{\"@type\":\"EntryPoint\",\"urlTemplate\":\"https:\\\/\\\/www.treatwell.at/inspiration\\\/?s={search_term_string}\"},\"query-input\":{\"@type\":\"PropertyValueSpecification\",\"valueRequired\":true,\"valueName\":\"search_term_string\"}}],\"inLanguage\":\"de-DE\"}]}<\/script>\n<!-- \/ Yoast SEO plugin. -->","yoast_head_json":{"title":"Summer Men - Treatwell AT","robots":{"index":"index","follow":"follow","max-snippet":"max-snippet:-1","max-image-preview":"max-image-preview:large","max-video-preview":"max-video-preview:-1"},"canonical":"https:\/\/www.treatwell.at/inspiration\/summer-men\/","og_locale":"de_DE","og_type":"article","og_title":"Summer Men - Treatwell AT","og_description":"Finde dein n\u00e4chstes Treatment Finde dein n\u00e4chstes Treatment Der unkomplizierte und stressfreie Weg, um Haarschnitt, Bartpflege oder Man(n)ik\u00fcre zu buchen (Ja, Mani). Friseur Wenn deine Haare schon bis zu den Schultern reichen Wenn deine Haare schon bis zu den Schultern reichen Buche Last-Minute Bartpflege Schenk&#8216; deinem Bart ein bisschen Aufmerksamkeit Schenk&#8216; deinem Bart ein bisschen&hellip;","og_url":"https:\/\/www.treatwell.at/inspiration\/summer-men\/","og_site_name":"Treatwell AT","article_modified_time":"2018-07-26T07:36:55+00:00","og_image":[{"url":"https:\/\/de-de.twinspiration.wpengine.treatwell.com\/wp-content\/uploads\/sites\/7\/2015\/07\/DEAT_Hero_module.gif","type":"","width":"","height":""}],"twitter_card":"summary_large_image","twitter_misc":{"Gesch\u00e4tzte Lesezeit":"1 Minute"},"schema":{"@context":"https:\/\/schema.org","@graph":[{"@type":"WebPage","@id":"https:\/\/www.treatwell.at/inspiration\/summer-men\/","url":"https:\/\/www.treatwell.at/inspiration\/summer-men\/","name":"Summer Men - Treatwell AT","isPartOf":{"@id":"https:\/\/www.treatwell.at/inspiration\/#website"},"primaryImageOfPage":{"@id":"https:\/\/www.treatwell.at/inspiration\/summer-men\/#primaryimage"},"image":{"@id":"https:\/\/www.treatwell.at/inspiration\/summer-men\/#primaryimage"},"thumbnailUrl":"https:\/\/de-de.twinspiration.wpengine.treatwell.com\/wp-content\/uploads\/sites\/7\/2015\/07\/DEAT_Hero_module.gif","datePublished":"2018-07-24T08:02:54+00:00","dateModified":"2018-07-26T07:36:55+00:00","breadcrumb":{"@id":"https:\/\/www.treatwell.at/inspiration\/summer-men\/#breadcrumb"},"inLanguage":"de-DE","potentialAction":[{"@type":"ReadAction","target":["https:\/\/www.treatwell.at/inspiration\/summer-men\/"]}]},{"@type":"ImageObject","inLanguage":"de-DE","@id":"https:\/\/www.treatwell.at/inspiration\/summer-men\/#primaryimage","url":"https:\/\/de-de.twinspiration.wpengine.treatwell.com\/wp-content\/uploads\/sites\/7\/2015\/07\/DEAT_Hero_module.gif","contentUrl":"https:\/\/de-de.twinspiration.wpengine.treatwell.com\/wp-content\/uploads\/sites\/7\/2015\/07\/DEAT_Hero_module.gif"},{"@type":"BreadcrumbList","@id":"https:\/\/www.treatwell.at/inspiration\/summer-men\/#breadcrumb","itemListElement":[{"@type":"ListItem","position":1,"name":"Home","item":"https:\/\/www.treatwell.at/inspiration\/"},{"@type":"ListItem","position":2,"name":"Summer Men"}]},{"@type":"WebSite","@id":"https:\/\/www.treatwell.at/inspiration\/#website","url":"https:\/\/www.treatwell.at/inspiration\/","name":"Treatwell AT","description":"","potentialAction":[{"@type":"SearchAction","target":{"@type":"EntryPoint","urlTemplate":"https:\/\/www.treatwell.at/inspiration\/?s={search_term_string}"},"query-input":{"@type":"PropertyValueSpecification","valueRequired":true,"valueName":"search_term_string"}}],"inLanguage":"de-DE"}]}},"_links":{"self":[{"href":"https:\/\/www.treatwell.at\/inspiration\/wp-json\/wp\/v2\/pages\/7873","targetHints":{"allow":["GET"]}}],"collection":[{"href":"https:\/\/www.treatwell.at\/inspiration\/wp-json\/wp\/v2\/pages"}],"about":[{"href":"https:\/\/www.treatwell.at\/inspiration\/wp-json\/wp\/v2\/types\/page"}],"author":[{"embeddable":true,"href":"https:\/\/www.treatwell.at\/inspiration\/wp-json\/wp\/v2\/users\/117"}],"replies":[{"embeddable":true,"href":"https:\/\/www.treatwell.at\/inspiration\/wp-json\/wp\/v2\/comments?post=7873"}],"version-history":[{"count":0,"href":"https:\/\/www.treatwell.at\/inspiration\/wp-json\/wp\/v2\/pages\/7873\/revisions"}],"wp:attachment":[{"href":"https:\/\/www.treatwell.at\/inspiration\/wp-json\/wp\/v2\/media?parent=7873"}],"curies":[{"name":"wp","href":"https:\/\/api.w.org\/{rel}","templated":true}]}}