{"id":8682,"date":"2015-01-16T14:15:54","date_gmt":"2015-01-16T14:15:54","guid":{"rendered":"https:\/\/www.treatwell.co.uk\/inspiration\/?page_id=8682"},"modified":"2019-02-01T14:25:29","modified_gmt":"2019-02-01T14:25:29","slug":"valentines-beauty","status":"publish","type":"page","link":"https:\/\/www.treatwell.at/inspiration\/valentines-beauty\/","title":{"rendered":"Valentine 2019 &#8211; 2"},"content":{"rendered":"<p>&nbsp;<\/p>\n<p style=\"text-align: center;line-height: 100%\"><strong>F\u00fchl&#8216; dich&#8230; <\/strong><\/p>\n<p style=\"text-align: center;color: #ffffff;line-height: 130%\">gut, entspannt, verliebt, gl\u00fccklich&#8230; Mit einem Facial, Serienmarathon<br \/>\noder einer Massage? G\u00f6nn&#8216; dir eine Auszeit und tue dir selbst etwas Gutes.<\/p>\n<p><a role=\"button\" href=\"https:\/\/www.treatwell.at\/orte\/angebot-typ-lokal\/in-at\/?mkt_params=GC~valentine19_LC~dachlvalentine19_PM~LP-slot_CM~header\" target=\"_self\"><br \/>\nPlane Friseur und Beauty mit uns<br \/>\n<\/a><br \/>\n<img decoding=\"async\" src=\"https:\/\/www.treatwell.at/inspiration\/wp-content\/uploads\/sites\/5\/2019\/01\/1080x684_Landingpage_mobile.gif\" alt=\"1080x684_Landingpage_mobile\" \/><\/p>\n<p style=\"color: #ffffff;line-height: 120%;text-align: center\">gut, entspannt, verliebt, gl\u00fccklich&#8230; Mit einem Facial, Serienmarathon oder einer Massage?<br \/>\nG\u00f6nn&#8216; dir eine Auszeit und tue dir selbst etwas Gutes.<\/p>\n<p><a role=\"button\" href=\"https:\/\/www.treatwell.at\/orte\/angebot-typ-lokal\/in-at\/?mkt_params=GC~valentine19_LC~dachlvalentine19_PM~LP-slot_CM~header\" target=\"_self\"><br \/>\nPlane Friseur und Beauty mit uns<br \/>\n<\/a><br \/>\n<img decoding=\"async\" src=\"https:\/\/en-gb.twinspiration.wpengine.treatwell.com\/wp-content\/uploads\/sites\/9\/2019\/01\/Treatment-1.jpg\" alt=\"Treatment 1\" \/><\/p>\n<p style=\"text-align: center;font-weight: bold;font-size: 25px;color: #ffffff\">Waxing<\/p>\n<p><a role=\"button\" href=\"https:\/\/www.treatwell.at\/orte\/behandlung-gruppe-haarentfernung\/angebot-typ-lokal\/in-at\/?mkt_params=GC~valentine19_LC~dachlvalentine19_PM~LP-slot_CM~\" target=\"_self\"><br \/>\nJetzt buchen<br \/>\n<\/a><br \/>\n<img decoding=\"async\" src=\"https:\/\/en-gb.twinspiration.wpengine.treatwell.com\/wp-content\/uploads\/sites\/9\/2019\/01\/Treatment-2.jpg\" alt=\"Treatment 2\" \/><\/p>\n<p style=\"text-align: center;font-weight: bold;font-size: 25px;color: #ffffff\">Lashes<\/p>\n<p><a role=\"button\" href=\"https:\/\/www.treatwell.at\/orte\/behandlung-augenbrauen-wimpern-faerben,wimpernverlaengerung,wimpernwelle\/angebot-typ-lokal\/in-at\/?mkt_params=GC~valentine19_LC~dachlvalentine19_PM~LP-slot_CM~\" target=\"_self\"><br \/>\nJetzt buchen<br \/>\n<\/a><br \/>\n<img decoding=\"async\" src=\"https:\/\/en-gb.twinspiration.wpengine.treatwell.com\/wp-content\/uploads\/sites\/9\/2019\/01\/Treatment-3.jpg\" alt=\"Treatment 3\" \/><\/p>\n<p style=\"text-align: center;font-weight: bold;font-size: 25px;color: #ffffff\">N\u00e4gel<\/p>\n<p><a role=\"button\" href=\"https:\/\/www.treatwell.at\/orte\/behandlung-gruppe-nagel\/angebot-typ-lokal\/in-at\/?mkt_params=GC~valentine19_LC~dachlvalentine19_PM~LP-slot_CM~\" target=\"_self\"><br \/>\nJetzt buchen<br \/>\n<\/a><br \/>\n<img decoding=\"async\" src=\"https:\/\/en-gb.twinspiration.wpengine.treatwell.com\/wp-content\/uploads\/sites\/9\/2019\/01\/Treatment-4.jpg\" alt=\"Treatment 4\" \/><\/p>\n<p style=\"text-align: center;font-weight: bold;font-size: 25px;color: #ffffff\">Haarschnitt<\/p>\n<p><a role=\"button\" href=\"https:\/\/www.treatwell.at\/orte\/behandlung-gruppe-friseur\/angebot-typ-lokal\/in-at\/?mkt_params=GC~valentine19_LC~dachlvalentine19_PM~LP-slot_CM~\" target=\"_self\"><br \/>\nJetzt buchen<br \/>\n<\/a><br \/>\n<img decoding=\"async\" src=\"https:\/\/www.treatwell.at/inspiration\/wp-content\/uploads\/sites\/5\/2019\/01\/Title-01-DACH.png\" alt=\"Title 01 DACH\" \/><\/p>\n<p>Dinge die du in 60 Minuten machen k\u00f6nntest: Einen Flug von Berlin nach Frankfurt nehmen, drei Episoden bingen oder vom Hauptbahnhof Berlin zum Treatwell Office spazieren. Oder du g\u00f6nnst dir einfach eine Ganzk\u00f6rpermassage f\u00fcr pure Entspannung.<\/p>\n<p><a role=\"button\" href=\"https:\/\/www.treatwell.at\/orte\/behandlung-gruppe-massage\/angebot-typ-lokal\/in-at\/?mkt_params=GC~valentine19_LC~dachlvalentine19_PM~LP-slot_CM~hotstone\" target=\"_self\"><br \/>\nMassage buchen<br \/>\n<\/a><br \/>\n<img decoding=\"async\" src=\"https:\/\/en-gb.twinspiration.wpengine.treatwell.com\/wp-content\/uploads\/sites\/9\/2019\/01\/Image-01.jpg\" alt=\"Image 01\" \/><br \/>\n<img decoding=\"async\" src=\"https:\/\/en-gb.twinspiration.wpengine.treatwell.com\/wp-content\/uploads\/sites\/9\/2019\/01\/Image-02.png\" alt=\"Image 02\" \/><br \/>\n<img decoding=\"async\" src=\"https:\/\/www.treatwell.at/inspiration\/wp-content\/uploads\/sites\/5\/2019\/01\/Title-02-DACH.png\" alt=\"Title 02 DACH\" \/><\/p>\n<p>Geschenke auf den letzten Dr\u00fccker zu besorgen, kann anstrengend sein. Mit einem Geschenkgutschein ist das Problem im Handumdrehen gel\u00f6st. Ein Last-Minute Beauty Hack der sich lohnt.<\/p>\n<p><a role=\"button\" href=\"https:\/\/www.treatwell.at\/geschenkkarte\/?mkt_params=GC~valentine19_LC~dachlvalentine19_PM~LP-slot_CM~voucher\" target=\"_self\"><br \/>\nJetzt Geschenkgutschein kaufen<br \/>\n<\/a><br \/>\n<a role=\"button\" href=\"https:\/\/www.treatwell.at\/orte\/angebot-typ-lokal\/in-at\/?mkt_params=GC~valentine19_LC~dachlvalentine19_PM~LP-slot_CM~header\" target=\"_self\"><br \/>\nPlane Friseur und Beauty mit uns<br \/>\n<\/a><\/p>\n","protected":false},"excerpt":{"rendered":"<p>&nbsp; F\u00fchl&#8216; dich&#8230; gut, entspannt, verliebt, gl\u00fccklich&#8230; Mit einem Facial, Serienmarathon oder einer Massage? G\u00f6nn&#8216; dir eine Auszeit und tue dir selbst etwas Gutes. Plane Friseur und Beauty mit uns gut, entspannt, verliebt, gl\u00fccklich&#8230; Mit einem Facial, Serienmarathon oder einer Massage? G\u00f6nn&#8216; dir eine Auszeit und tue dir selbst etwas Gutes. Plane Friseur und Beauty&hellip;<\/p>\n","protected":false},"author":10,"featured_media":0,"parent":0,"menu_order":0,"comment_status":"closed","ping_status":"closed","template":"","meta":{"inline_featured_image":false,"footnotes":""},"class_list":["post-8682","page","type-page","status-publish","hentry"],"yoast_head":"<!-- This site is optimized with the Yoast SEO plugin v27.5 - https:\/\/yoast.com\/product\/yoast-seo-wordpress\/ -->\n<title>Valentinstag bei Treatwell | Tue dir was Gutes &amp; buche Beauty online<\/title>\n<meta name=\"description\" content=\"G\u00f6nn&#039; dir eine Auszeit und f\u00fchle dich entspannt mit einer Massage, erfrischt mit einer Gesichtsbehandlung, gl\u00fccklich mit neuen Wimpern. Jetzt Termin finden.\" \/>\n<meta name=\"robots\" content=\"index, follow, max-snippet:-1, max-image-preview:large, max-video-preview:-1\" \/>\n<link rel=\"canonical\" href=\"https:\/\/www.treatwell.at/inspiration\/valentines-beauty\/\" \/>\n<meta property=\"og:locale\" content=\"de_DE\" \/>\n<meta property=\"og:type\" content=\"article\" \/>\n<meta property=\"og:title\" content=\"Valentinstag bei Treatwell | Tue dir was Gutes &amp; buche Beauty online\" \/>\n<meta property=\"og:description\" content=\"G\u00f6nn&#039; dir eine Auszeit und f\u00fchle dich entspannt mit einer Massage, erfrischt mit einer Gesichtsbehandlung, gl\u00fccklich mit neuen Wimpern. Jetzt Termin finden.\" \/>\n<meta property=\"og:url\" content=\"https:\/\/www.treatwell.at/inspiration\/valentines-beauty\/\" \/>\n<meta property=\"og:site_name\" content=\"Treatwell AT\" \/>\n<meta property=\"article:modified_time\" content=\"2019-02-01T14:25:29+00:00\" \/>\n<meta property=\"og:image\" content=\"https:\/\/www.treatwell.at/inspiration\/wp-content\/uploads\/sites\/5\/2019\/01\/1080x684_Landingpage_mobile.gif\" \/>\n<meta name=\"twitter:card\" content=\"summary_large_image\" \/>\n<meta name=\"twitter:label1\" content=\"Gesch\u00e4tzte Lesezeit\" \/>\n\t<meta name=\"twitter:data1\" content=\"1 Minute\" \/>\n<script type=\"application\/ld+json\" class=\"yoast-schema-graph\">{\"@context\":\"https:\\\/\\\/schema.org\",\"@graph\":[{\"@type\":\"WebPage\",\"@id\":\"https:\\\/\\\/www.treatwell.at/inspiration\\\/valentines-beauty\\\/\",\"url\":\"https:\\\/\\\/www.treatwell.at/inspiration\\\/valentines-beauty\\\/\",\"name\":\"Valentinstag bei Treatwell | Tue dir was Gutes & buche Beauty online\",\"isPartOf\":{\"@id\":\"https:\\\/\\\/www.treatwell.at/inspiration\\\/#website\"},\"primaryImageOfPage\":{\"@id\":\"https:\\\/\\\/www.treatwell.at/inspiration\\\/valentines-beauty\\\/#primaryimage\"},\"image\":{\"@id\":\"https:\\\/\\\/www.treatwell.at/inspiration\\\/valentines-beauty\\\/#primaryimage\"},\"thumbnailUrl\":\"https:\\\/\\\/www.treatwell.at/inspiration\\\/wp-content\\\/uploads\\\/sites\\\/5\\\/2019\\\/01\\\/1080x684_Landingpage_mobile.gif\",\"datePublished\":\"2015-01-16T14:15:54+00:00\",\"dateModified\":\"2019-02-01T14:25:29+00:00\",\"description\":\"G\u00f6nn' dir eine Auszeit und f\u00fchle dich entspannt mit einer Massage, erfrischt mit einer Gesichtsbehandlung, gl\u00fccklich mit neuen Wimpern. Jetzt Termin finden.\",\"breadcrumb\":{\"@id\":\"https:\\\/\\\/www.treatwell.at/inspiration\\\/valentines-beauty\\\/#breadcrumb\"},\"inLanguage\":\"de-DE\",\"potentialAction\":[{\"@type\":\"ReadAction\",\"target\":[\"https:\\\/\\\/www.treatwell.at/inspiration\\\/valentines-beauty\\\/\"]}]},{\"@type\":\"ImageObject\",\"inLanguage\":\"de-DE\",\"@id\":\"https:\\\/\\\/www.treatwell.at/inspiration\\\/valentines-beauty\\\/#primaryimage\",\"url\":\"https:\\\/\\\/www.treatwell.at/inspiration\\\/wp-content\\\/uploads\\\/sites\\\/5\\\/2019\\\/01\\\/1080x684_Landingpage_mobile.gif\",\"contentUrl\":\"https:\\\/\\\/www.treatwell.at/inspiration\\\/wp-content\\\/uploads\\\/sites\\\/5\\\/2019\\\/01\\\/1080x684_Landingpage_mobile.gif\",\"width\":1080,\"height\":684},{\"@type\":\"BreadcrumbList\",\"@id\":\"https:\\\/\\\/www.treatwell.at/inspiration\\\/valentines-beauty\\\/#breadcrumb\",\"itemListElement\":[{\"@type\":\"ListItem\",\"position\":1,\"name\":\"Home\",\"item\":\"https:\\\/\\\/www.treatwell.at/inspiration\\\/\"},{\"@type\":\"ListItem\",\"position\":2,\"name\":\"Valentine 2019 &#8211; 2\"}]},{\"@type\":\"WebSite\",\"@id\":\"https:\\\/\\\/www.treatwell.at/inspiration\\\/#website\",\"url\":\"https:\\\/\\\/www.treatwell.at/inspiration\\\/\",\"name\":\"Treatwell AT\",\"description\":\"\",\"potentialAction\":[{\"@type\":\"SearchAction\",\"target\":{\"@type\":\"EntryPoint\",\"urlTemplate\":\"https:\\\/\\\/www.treatwell.at/inspiration\\\/?s={search_term_string}\"},\"query-input\":{\"@type\":\"PropertyValueSpecification\",\"valueRequired\":true,\"valueName\":\"search_term_string\"}}],\"inLanguage\":\"de-DE\"}]}<\/script>\n<!-- \/ Yoast SEO plugin. -->","yoast_head_json":{"title":"Valentinstag bei Treatwell | Tue dir was Gutes & buche Beauty online","description":"G\u00f6nn' dir eine Auszeit und f\u00fchle dich entspannt mit einer Massage, erfrischt mit einer Gesichtsbehandlung, gl\u00fccklich mit neuen Wimpern. Jetzt Termin finden.","robots":{"index":"index","follow":"follow","max-snippet":"max-snippet:-1","max-image-preview":"max-image-preview:large","max-video-preview":"max-video-preview:-1"},"canonical":"https:\/\/www.treatwell.at/inspiration\/valentines-beauty\/","og_locale":"de_DE","og_type":"article","og_title":"Valentinstag bei Treatwell | Tue dir was Gutes & buche Beauty online","og_description":"G\u00f6nn' dir eine Auszeit und f\u00fchle dich entspannt mit einer Massage, erfrischt mit einer Gesichtsbehandlung, gl\u00fccklich mit neuen Wimpern. Jetzt Termin finden.","og_url":"https:\/\/www.treatwell.at/inspiration\/valentines-beauty\/","og_site_name":"Treatwell AT","article_modified_time":"2019-02-01T14:25:29+00:00","og_image":[{"url":"https:\/\/www.treatwell.at/inspiration\/wp-content\/uploads\/sites\/5\/2019\/01\/1080x684_Landingpage_mobile.gif","type":"","width":"","height":""}],"twitter_card":"summary_large_image","twitter_misc":{"Gesch\u00e4tzte Lesezeit":"1 Minute"},"schema":{"@context":"https:\/\/schema.org","@graph":[{"@type":"WebPage","@id":"https:\/\/www.treatwell.at/inspiration\/valentines-beauty\/","url":"https:\/\/www.treatwell.at/inspiration\/valentines-beauty\/","name":"Valentinstag bei Treatwell | Tue dir was Gutes & buche Beauty online","isPartOf":{"@id":"https:\/\/www.treatwell.at/inspiration\/#website"},"primaryImageOfPage":{"@id":"https:\/\/www.treatwell.at/inspiration\/valentines-beauty\/#primaryimage"},"image":{"@id":"https:\/\/www.treatwell.at/inspiration\/valentines-beauty\/#primaryimage"},"thumbnailUrl":"https:\/\/www.treatwell.at/inspiration\/wp-content\/uploads\/sites\/5\/2019\/01\/1080x684_Landingpage_mobile.gif","datePublished":"2015-01-16T14:15:54+00:00","dateModified":"2019-02-01T14:25:29+00:00","description":"G\u00f6nn' dir eine Auszeit und f\u00fchle dich entspannt mit einer Massage, erfrischt mit einer Gesichtsbehandlung, gl\u00fccklich mit neuen Wimpern. Jetzt Termin finden.","breadcrumb":{"@id":"https:\/\/www.treatwell.at/inspiration\/valentines-beauty\/#breadcrumb"},"inLanguage":"de-DE","potentialAction":[{"@type":"ReadAction","target":["https:\/\/www.treatwell.at/inspiration\/valentines-beauty\/"]}]},{"@type":"ImageObject","inLanguage":"de-DE","@id":"https:\/\/www.treatwell.at/inspiration\/valentines-beauty\/#primaryimage","url":"https:\/\/www.treatwell.at/inspiration\/wp-content\/uploads\/sites\/5\/2019\/01\/1080x684_Landingpage_mobile.gif","contentUrl":"https:\/\/www.treatwell.at/inspiration\/wp-content\/uploads\/sites\/5\/2019\/01\/1080x684_Landingpage_mobile.gif","width":1080,"height":684},{"@type":"BreadcrumbList","@id":"https:\/\/www.treatwell.at/inspiration\/valentines-beauty\/#breadcrumb","itemListElement":[{"@type":"ListItem","position":1,"name":"Home","item":"https:\/\/www.treatwell.at/inspiration\/"},{"@type":"ListItem","position":2,"name":"Valentine 2019 &#8211; 2"}]},{"@type":"WebSite","@id":"https:\/\/www.treatwell.at/inspiration\/#website","url":"https:\/\/www.treatwell.at/inspiration\/","name":"Treatwell AT","description":"","potentialAction":[{"@type":"SearchAction","target":{"@type":"EntryPoint","urlTemplate":"https:\/\/www.treatwell.at/inspiration\/?s={search_term_string}"},"query-input":{"@type":"PropertyValueSpecification","valueRequired":true,"valueName":"search_term_string"}}],"inLanguage":"de-DE"}]}},"_links":{"self":[{"href":"https:\/\/www.treatwell.at\/inspiration\/wp-json\/wp\/v2\/pages\/8682","targetHints":{"allow":["GET"]}}],"collection":[{"href":"https:\/\/www.treatwell.at\/inspiration\/wp-json\/wp\/v2\/pages"}],"about":[{"href":"https:\/\/www.treatwell.at\/inspiration\/wp-json\/wp\/v2\/types\/page"}],"author":[{"embeddable":true,"href":"https:\/\/www.treatwell.at\/inspiration\/wp-json\/wp\/v2\/users\/10"}],"replies":[{"embeddable":true,"href":"https:\/\/www.treatwell.at\/inspiration\/wp-json\/wp\/v2\/comments?post=8682"}],"version-history":[{"count":0,"href":"https:\/\/www.treatwell.at\/inspiration\/wp-json\/wp\/v2\/pages\/8682\/revisions"}],"wp:attachment":[{"href":"https:\/\/www.treatwell.at\/inspiration\/wp-json\/wp\/v2\/media?parent=8682"}],"curies":[{"name":"wp","href":"https:\/\/api.w.org\/{rel}","templated":true}]}}