{"id":8741,"date":"2016-02-27T12:41:49","date_gmt":"2016-02-27T12:41:49","guid":{"rendered":"https:\/\/www.treatwell.at\/inspiration\/?page_id=8741"},"modified":"2019-03-04T16:29:42","modified_gmt":"2019-03-04T16:29:42","slug":"entdecke-deine-beauty-stadt","status":"publish","type":"page","link":"https:\/\/www.treatwell.at/inspiration\/entdecke-deine-beauty-stadt\/","title":{"rendered":"City Love &#8211; Wien"},"content":{"rendered":"<p>Ein neues Caf\u00e9 zu entdecken ist einfach: Man spaziert durch die Stra\u00dfen und hinter der n\u00e4chsten Ecke findet man eine kleine Oase mit wunderbarer Latte Art. Der perfekte Friseur dagegen kann durchaus aufwendiger sein. Lage, Interiour, Preis \u2013 viele Aspekte k\u00f6nnen eine Rolle spielen. Treatwell ist f\u00fcr euch da &amp; versorgt euch im M\u00e4rz mit den sch\u00f6nsten Salon-Guides der Saison.<\/p>\n<p>\t\t\t<a href=\"https:\/\/www.treatwell.at\/orte\/angebot-typ-lokal\/in-wien-at\/?mkt_params=GC~citylove19_LC~dachlcitylove19_PM~LP-slot_CM~\" target=\"_self\" role=\"button\"><br \/>\n\t\t\t\t\t\t\tJetzt Salons entdecken<br \/>\n\t\t\t\t\t<\/a><br \/>\n\t\t\t\t<img decoding=\"async\" src=\"https:\/\/www.treatwell.at/inspiration\/wp-content\/uploads\/sites\/5\/2019\/02\/Vienna.png\" alt=\"Vienna\" \/><\/p>\n<p style=\"font-size: 30px;line-height: 110%;font-weight: regular;text-align: left\">Die glatteste\u00a0Hauptstadt\n<\/p>\n<p style=\"font-size: 30px;line-height: 110%;font-weight: regular;text-align: left\">&amp; das am liebsten durch<\/p>\n<p style=\"font-size: 30px;line-height: 110%;font-weight: regular;text-align: left\">Sugaring.<\/p>\n<p>\t\t\t<a href=\"https:\/\/www.treatwell.at\/orte\/behandlung-gruppe-haarentfernung\/angebot-typ-lokal\/in-at\/?mkt_params=GC~citylove19_LC~dachlcitylove19_PM~LP-slot_CM~\" target=\"_self\" role=\"button\"><br \/>\n\t\t\t\t\t\t\tJetzt Haarentfernung buchen<br \/>\n\t\t\t\t\t<\/a><br \/>\n\t\t\t\t<img decoding=\"async\" src=\"https:\/\/it-it.twinspiration.wpengine.treatwell.com\/wp-content\/uploads\/sites\/8\/2019\/02\/Polaroids.png\" alt=\"Polaroids\" \/><br \/>\n\t\t\t\t<img decoding=\"async\" src=\"https:\/\/www.treatwell.at/inspiration\/wp-content\/uploads\/sites\/5\/2019\/03\/Dagys_Barbershop_-1.jpg\" alt=\"Dagys_Barbershop_ (1)\" \/><\/p>\n<p style=\"font-size: 60px;line-height: 110%;font-weight: bold;text-align: left\">Dein Beauty\u00a0<br \/>\n\u00a0 Stadt-Guide<\/p>\n<p style=\"font-size: 60px;line-height: 110%;font-weight: bold;text-align: left\">Dein Beauty\u00a0Stadt-Guide<\/p>\n<p>Immer auf der Suche, einen tollen neuen Salon zu entdecken? Salons mit dem gewissen Extra findet man nicht an jeder Strassenecke, deshalb haben wir dir die einen Salon-Guide erstellt. Viel Spa\u00df beim St\u00f6bern.<\/p>\n<p>\t\t\t<a href=\"https:\/\/www.treatwell.at\/treatment-files\/local-guide-wien-5-salons-in-deiner-stadt-mit-dem-gewissen-extra\/\" target=\"_self\" role=\"button\"><br \/>\n\t\t\t\t\t\t\tZum Guide<br \/>\n\t\t\t\t\t<\/a><\/p>\n<p style=\"font-size: 30px;line-height: 110%;font-weight: bold;text-align: left\">Name<br \/>\nsalon<\/p>\n<p>\t\t\t\t<img decoding=\"async\" src=\"https:\/\/it-it.twinspiration.wpengine.treatwell.com\/wp-content\/uploads\/sites\/8\/2019\/02\/Image-small.jpg\" alt=\"Image-small\" \/><\/p>\n<p>Lorem ipsum dolor sit amet,<br \/>\nconsectetur adipisicing elit, sed do<br \/>\neiusmod tempor incididunt ut.<\/p>\n<p>\t\t\t<a href=\"c\" target=\"_self\" role=\"button\"><br \/>\n\t\t\t\t\t\t\tDiscover more<br \/>\n\t\t\t\t\t<\/a><\/p>\n<p style=\"font-size: 30px;line-height: 110%;font-weight: bold;text-align: left;color: #ff808b\">Name<br \/>\nsalon<\/p>\n<p>\t\t\t\t<img decoding=\"async\" src=\"https:\/\/it-it.twinspiration.wpengine.treatwell.com\/wp-content\/uploads\/sites\/8\/2019\/02\/Image-small.jpg\" alt=\"Image-small\" \/><\/p>\n<p>Lorem ipsum dolor sit amet,<br \/>\nconsectetur adipisicing elit, sed do<br \/>\neiusmod tempor incididunt ut.<\/p>\n<p>\t\t\t<a href=\"c\" target=\"_self\" role=\"button\"><br \/>\n\t\t\t\t\t\t\tDiscover more<br \/>\n\t\t\t\t\t<\/a><\/p>\n<p style=\"font-size: 30px;line-height: 110%;font-weight: bold;text-align: left;color: #FFB500\">Name<br \/>\nsalon<\/p>\n<p>\t\t\t\t<img decoding=\"async\" src=\"https:\/\/it-it.twinspiration.wpengine.treatwell.com\/wp-content\/uploads\/sites\/8\/2019\/02\/Image-small.jpg\" alt=\"Image-small\" \/><\/p>\n<p>Lorem ipsum dolor sit amet,<br \/>\nconsectetur adipisicing elit, sed do<br \/>\neiusmod tempor incididunt ut.<\/p>\n<p>\t\t\t<a href=\"c\" target=\"_self\" role=\"button\"><br \/>\n\t\t\t\t\t\t\tDiscover more<br \/>\n\t\t\t\t\t<\/a><\/p>\n","protected":false},"excerpt":{"rendered":"<p>Ein neues Caf\u00e9 zu entdecken ist einfach: Man spaziert durch die Stra\u00dfen und hinter der n\u00e4chsten Ecke findet man eine kleine Oase mit wunderbarer Latte Art. Der perfekte Friseur dagegen kann durchaus aufwendiger sein. Lage, Interiour, Preis \u2013 viele Aspekte k\u00f6nnen eine Rolle spielen. Treatwell ist f\u00fcr euch da &amp; versorgt euch im M\u00e4rz mit&hellip;<\/p>\n","protected":false},"author":124,"featured_media":8743,"parent":0,"menu_order":0,"comment_status":"closed","ping_status":"closed","template":"","meta":{"inline_featured_image":false,"footnotes":""},"class_list":["post-8741","page","type-page","status-publish","has-post-thumbnail","hentry"],"yoast_head":"<!-- This site is optimized with the Yoast SEO plugin v27.4 - https:\/\/yoast.com\/product\/yoast-seo-wordpress\/ -->\n<title>Entdecke die sch\u00f6nen Seiten deiner Stadt | Beauty City Guide<\/title>\n<meta name=\"description\" content=\"Ein neues Caf\u00e9 zu entdecken ist einfach, der perfekte neue Friseur oder das kleine s\u00fc\u00dfe Nagelstudio dagegen schwieriger. Treatwell kennt immer die besten Salons in deiner N\u00e4he.\" \/>\n<meta name=\"robots\" content=\"index, follow, max-snippet:-1, max-image-preview:large, max-video-preview:-1\" \/>\n<link rel=\"canonical\" href=\"https:\/\/www.treatwell.at/inspiration\/entdecke-deine-beauty-stadt\/\" \/>\n<meta property=\"og:locale\" content=\"de_DE\" \/>\n<meta property=\"og:type\" content=\"article\" \/>\n<meta property=\"og:title\" content=\"Entdecke die sch\u00f6nen Seiten deiner Stadt | Beauty City Guide\" \/>\n<meta property=\"og:description\" content=\"Ein neues Caf\u00e9 zu entdecken ist einfach, der perfekte neue Friseur oder das kleine s\u00fc\u00dfe Nagelstudio dagegen schwieriger. Treatwell kennt immer die besten Salons in deiner N\u00e4he.\" \/>\n<meta property=\"og:url\" content=\"https:\/\/www.treatwell.at/inspiration\/entdecke-deine-beauty-stadt\/\" \/>\n<meta property=\"og:site_name\" content=\"Treatwell AT\" \/>\n<meta property=\"article:modified_time\" content=\"2019-03-04T16:29:42+00:00\" \/>\n<meta property=\"og:image\" content=\"https:\/\/www.treatwell.at/inspiration\/wp-content\/uploads\/sites\/5\/2019\/02\/hero_vienna.gif\" \/>\n\t<meta property=\"og:image:width\" content=\"1160\" \/>\n\t<meta property=\"og:image:height\" content=\"622\" \/>\n\t<meta property=\"og:image:type\" content=\"image\/gif\" \/>\n<meta name=\"twitter:card\" content=\"summary_large_image\" \/>\n<meta name=\"twitter:label1\" content=\"Gesch\u00e4tzte Lesezeit\" \/>\n\t<meta name=\"twitter:data1\" content=\"1 Minute\" \/>\n<script type=\"application\/ld+json\" class=\"yoast-schema-graph\">{\"@context\":\"https:\\\/\\\/schema.org\",\"@graph\":[{\"@type\":\"WebPage\",\"@id\":\"https:\\\/\\\/www.treatwell.at/inspiration\\\/entdecke-deine-beauty-stadt\\\/\",\"url\":\"https:\\\/\\\/www.treatwell.at/inspiration\\\/entdecke-deine-beauty-stadt\\\/\",\"name\":\"Entdecke die sch\u00f6nen Seiten deiner Stadt | Beauty City Guide\",\"isPartOf\":{\"@id\":\"https:\\\/\\\/www.treatwell.at/inspiration\\\/#website\"},\"primaryImageOfPage\":{\"@id\":\"https:\\\/\\\/www.treatwell.at/inspiration\\\/entdecke-deine-beauty-stadt\\\/#primaryimage\"},\"image\":{\"@id\":\"https:\\\/\\\/www.treatwell.at/inspiration\\\/entdecke-deine-beauty-stadt\\\/#primaryimage\"},\"thumbnailUrl\":\"https:\\\/\\\/www.treatwell.at/inspiration\\\/wp-content\\\/uploads\\\/sites\\\/5\\\/2019\\\/02\\\/hero_vienna.gif\",\"datePublished\":\"2016-02-27T12:41:49+00:00\",\"dateModified\":\"2019-03-04T16:29:42+00:00\",\"description\":\"Ein neues Caf\u00e9 zu entdecken ist einfach, der perfekte neue Friseur oder das kleine s\u00fc\u00dfe Nagelstudio dagegen schwieriger. Treatwell kennt immer die besten Salons in deiner N\u00e4he.\",\"breadcrumb\":{\"@id\":\"https:\\\/\\\/www.treatwell.at/inspiration\\\/entdecke-deine-beauty-stadt\\\/#breadcrumb\"},\"inLanguage\":\"de-DE\",\"potentialAction\":[{\"@type\":\"ReadAction\",\"target\":[\"https:\\\/\\\/www.treatwell.at/inspiration\\\/entdecke-deine-beauty-stadt\\\/\"]}]},{\"@type\":\"ImageObject\",\"inLanguage\":\"de-DE\",\"@id\":\"https:\\\/\\\/www.treatwell.at/inspiration\\\/entdecke-deine-beauty-stadt\\\/#primaryimage\",\"url\":\"https:\\\/\\\/www.treatwell.at/inspiration\\\/wp-content\\\/uploads\\\/sites\\\/5\\\/2019\\\/02\\\/hero_vienna.gif\",\"contentUrl\":\"https:\\\/\\\/www.treatwell.at/inspiration\\\/wp-content\\\/uploads\\\/sites\\\/5\\\/2019\\\/02\\\/hero_vienna.gif\",\"width\":1160,\"height\":622},{\"@type\":\"BreadcrumbList\",\"@id\":\"https:\\\/\\\/www.treatwell.at/inspiration\\\/entdecke-deine-beauty-stadt\\\/#breadcrumb\",\"itemListElement\":[{\"@type\":\"ListItem\",\"position\":1,\"name\":\"Home\",\"item\":\"https:\\\/\\\/www.treatwell.at/inspiration\\\/\"},{\"@type\":\"ListItem\",\"position\":2,\"name\":\"City Love &#8211; Wien\"}]},{\"@type\":\"WebSite\",\"@id\":\"https:\\\/\\\/www.treatwell.at/inspiration\\\/#website\",\"url\":\"https:\\\/\\\/www.treatwell.at/inspiration\\\/\",\"name\":\"Treatwell AT\",\"description\":\"\",\"potentialAction\":[{\"@type\":\"SearchAction\",\"target\":{\"@type\":\"EntryPoint\",\"urlTemplate\":\"https:\\\/\\\/www.treatwell.at/inspiration\\\/?s={search_term_string}\"},\"query-input\":{\"@type\":\"PropertyValueSpecification\",\"valueRequired\":true,\"valueName\":\"search_term_string\"}}],\"inLanguage\":\"de-DE\"}]}<\/script>\n<!-- \/ Yoast SEO plugin. -->","yoast_head_json":{"title":"Entdecke die sch\u00f6nen Seiten deiner Stadt | Beauty City Guide","description":"Ein neues Caf\u00e9 zu entdecken ist einfach, der perfekte neue Friseur oder das kleine s\u00fc\u00dfe Nagelstudio dagegen schwieriger. Treatwell kennt immer die besten Salons in deiner N\u00e4he.","robots":{"index":"index","follow":"follow","max-snippet":"max-snippet:-1","max-image-preview":"max-image-preview:large","max-video-preview":"max-video-preview:-1"},"canonical":"https:\/\/www.treatwell.at/inspiration\/entdecke-deine-beauty-stadt\/","og_locale":"de_DE","og_type":"article","og_title":"Entdecke die sch\u00f6nen Seiten deiner Stadt | Beauty City Guide","og_description":"Ein neues Caf\u00e9 zu entdecken ist einfach, der perfekte neue Friseur oder das kleine s\u00fc\u00dfe Nagelstudio dagegen schwieriger. Treatwell kennt immer die besten Salons in deiner N\u00e4he.","og_url":"https:\/\/www.treatwell.at/inspiration\/entdecke-deine-beauty-stadt\/","og_site_name":"Treatwell AT","article_modified_time":"2019-03-04T16:29:42+00:00","og_image":[{"width":1160,"height":622,"url":"https:\/\/www.treatwell.at/inspiration\/wp-content\/uploads\/sites\/5\/2019\/02\/hero_vienna.gif","type":"image\/gif"}],"twitter_card":"summary_large_image","twitter_misc":{"Gesch\u00e4tzte Lesezeit":"1 Minute"},"schema":{"@context":"https:\/\/schema.org","@graph":[{"@type":"WebPage","@id":"https:\/\/www.treatwell.at/inspiration\/entdecke-deine-beauty-stadt\/","url":"https:\/\/www.treatwell.at/inspiration\/entdecke-deine-beauty-stadt\/","name":"Entdecke die sch\u00f6nen Seiten deiner Stadt | Beauty City Guide","isPartOf":{"@id":"https:\/\/www.treatwell.at/inspiration\/#website"},"primaryImageOfPage":{"@id":"https:\/\/www.treatwell.at/inspiration\/entdecke-deine-beauty-stadt\/#primaryimage"},"image":{"@id":"https:\/\/www.treatwell.at/inspiration\/entdecke-deine-beauty-stadt\/#primaryimage"},"thumbnailUrl":"https:\/\/www.treatwell.at/inspiration\/wp-content\/uploads\/sites\/5\/2019\/02\/hero_vienna.gif","datePublished":"2016-02-27T12:41:49+00:00","dateModified":"2019-03-04T16:29:42+00:00","description":"Ein neues Caf\u00e9 zu entdecken ist einfach, der perfekte neue Friseur oder das kleine s\u00fc\u00dfe Nagelstudio dagegen schwieriger. Treatwell kennt immer die besten Salons in deiner N\u00e4he.","breadcrumb":{"@id":"https:\/\/www.treatwell.at/inspiration\/entdecke-deine-beauty-stadt\/#breadcrumb"},"inLanguage":"de-DE","potentialAction":[{"@type":"ReadAction","target":["https:\/\/www.treatwell.at/inspiration\/entdecke-deine-beauty-stadt\/"]}]},{"@type":"ImageObject","inLanguage":"de-DE","@id":"https:\/\/www.treatwell.at/inspiration\/entdecke-deine-beauty-stadt\/#primaryimage","url":"https:\/\/www.treatwell.at/inspiration\/wp-content\/uploads\/sites\/5\/2019\/02\/hero_vienna.gif","contentUrl":"https:\/\/www.treatwell.at/inspiration\/wp-content\/uploads\/sites\/5\/2019\/02\/hero_vienna.gif","width":1160,"height":622},{"@type":"BreadcrumbList","@id":"https:\/\/www.treatwell.at/inspiration\/entdecke-deine-beauty-stadt\/#breadcrumb","itemListElement":[{"@type":"ListItem","position":1,"name":"Home","item":"https:\/\/www.treatwell.at/inspiration\/"},{"@type":"ListItem","position":2,"name":"City Love &#8211; Wien"}]},{"@type":"WebSite","@id":"https:\/\/www.treatwell.at/inspiration\/#website","url":"https:\/\/www.treatwell.at/inspiration\/","name":"Treatwell AT","description":"","potentialAction":[{"@type":"SearchAction","target":{"@type":"EntryPoint","urlTemplate":"https:\/\/www.treatwell.at/inspiration\/?s={search_term_string}"},"query-input":{"@type":"PropertyValueSpecification","valueRequired":true,"valueName":"search_term_string"}}],"inLanguage":"de-DE"}]}},"_links":{"self":[{"href":"https:\/\/www.treatwell.at\/inspiration\/wp-json\/wp\/v2\/pages\/8741","targetHints":{"allow":["GET"]}}],"collection":[{"href":"https:\/\/www.treatwell.at\/inspiration\/wp-json\/wp\/v2\/pages"}],"about":[{"href":"https:\/\/www.treatwell.at\/inspiration\/wp-json\/wp\/v2\/types\/page"}],"author":[{"embeddable":true,"href":"https:\/\/www.treatwell.at\/inspiration\/wp-json\/wp\/v2\/users\/124"}],"replies":[{"embeddable":true,"href":"https:\/\/www.treatwell.at\/inspiration\/wp-json\/wp\/v2\/comments?post=8741"}],"version-history":[{"count":0,"href":"https:\/\/www.treatwell.at\/inspiration\/wp-json\/wp\/v2\/pages\/8741\/revisions"}],"wp:featuredmedia":[{"embeddable":true,"href":"https:\/\/www.treatwell.at\/inspiration\/wp-json\/wp\/v2\/media\/8743"}],"wp:attachment":[{"href":"https:\/\/www.treatwell.at\/inspiration\/wp-json\/wp\/v2\/media?parent=8741"}],"curies":[{"name":"wp","href":"https:\/\/api.w.org\/{rel}","templated":true}]}}