{"id":913,"date":"2016-06-15T15:54:35","date_gmt":"2016-06-15T15:54:35","guid":{"rendered":"http:\/\/www.treatwell.at\/inspiration\/?page_id=913"},"modified":"2017-02-14T17:51:44","modified_gmt":"2017-02-14T17:51:44","slug":"facebook-teilnahmebedingungen","status":"publish","type":"page","link":"https:\/\/www.treatwell.at/inspiration\/freunde-werben-freunde\/facebook-teilnahmebedingungen\/","title":{"rendered":"Facebook \u2013 Teilnahmebedingungen"},"content":{"rendered":"<h3>\n\t\tFacebook \u2013 Teilnahmebedingungen<br \/>\n\t<\/h3>\n<p>\t\t\t\t<img decoding=\"async\" src=\"https:\/\/www.treatwell.at/inspiration\/wp-content\/uploads\/sites\/5\/2016\/06\/lack-FB-AD-Promote-Page.jpg\" alt=\"lack FB AD Promote Page\" \/><\/p>\n<p><strong>Teilnahmebedingungen<\/strong><\/p>\n<p>\u00a0Diese Bedingungen\u00a0regeln die Teilnahme von Gewinnspielen auf den \u00f6sterreichischen Social Media Kan\u00e4len\u00a0von Treatwell:\u00a0Treatwell DACH GmbH<br \/>Zweigniederlassung Wien<br \/>Millennium Tower<br \/>Handelskai 94-96 <br \/>1200 Wien\u00a0<strong>Auf welchen Kan\u00e4len werden Gewinnspiele kommuniziert?<br \/><\/strong>Treatwell.at ver\u00f6ffentlich Gewinnspiele auf folgenden Social Media Kan\u00e4len: Facebook, Instagram, Twitter.\u00a0<strong>In welchem Zeitraum kann ich teilnehmen?<br \/><\/strong>Die Teilnahme am Gewinnspiel ist ab Ver\u00f6ffentlichung und zum kommunizierten Datum aktiv.\u00a0<strong>Teilnahmezeitr\u00e4ume der einzelnen Gewinnspiele:<\/strong>\u00a0<\/p>\n<ul>\n<li>Gewinnspiel-Post vom 1. August 2016, g\u00fcltig ab Ver\u00f6ffentlichung bis 7. August 2016, 23.59 Uhr.\u00a0<br \/>Gewinn:\n<ul>\n<li>ein Friseurbesuch (Waschen, Schneiden, F\u00f6hnen) in ausgew\u00e4hlten Salons\u00a0<\/li>\n<li>eine L&#8217;Or\u00e9al Professional Pro Fiber Behandlung\u00a0<\/li>\n<li>L&#8217;Or\u00e9al Professional Pro Fiber Produkte<\/li>\n<\/ul>\n<\/li>\n<li>Gewinnspiel-Post vom 7. Juli 2016, g\u00fcltig ab Ver\u00f6ffentlichung bis 17. Juli\u00a02016, 23.59 Uhr<br \/>Gewinn:\u00a0\n<ul>\n<li>eine Wellnessbehandlung im Salon \u201cHouse of Beauty\u201d gestellt von Treatwell<\/li>\n<li>ein Restaurantbesuch im Hauben-Restaurant Mercardo, gestellt von Bookatable<\/li>\n<li>ein Fahrten-Gutschein \u00a0im Wert von 50 \u20ac, gestellt durch <br \/>Uber<\/li>\n<\/ul>\n<\/li>\n<li>Gewinnspiel-Post vom 24. Juni 2016, g\u00fcltig ab Ver\u00f6ffentlichung bis 30. Juni 2016, 23.59 Uhr<br \/>Gewinn:\n<ul>\n<li>3 Kevin Murphy Produkt-Pakete im Gesamtwert von 100 Euro<\/li>\n<\/ul>\n<\/li>\n<\/ul>\n<p><strong><br \/>Wie kann ich teilnehmen und was ist zu beachten?\u00a0<\/strong><br \/>(1) Die Teilnahme erfolgt \u00fcber den jeweiligen Social Media Kanal\u00a0von Treatwell.at<\/p>\n<p>(2) Teilnahme erst ab 18 Jahre<\/p>\n<p>(3) Teilnehmer m\u00fcssen ihren gew\u00f6hnlichen Aufenthalt in \u00d6sterreich, Schweiz oder Deutschland\u00a0haben<\/p>\n<p>(4) Die Bekanntgabe des Gewinners l\u00e4uft \u00fcber die Kommentarfunktion von Facebook, \u00a0oder\u00a0\u00fcber die Kontaktdaten, die er\/sie in der Buchung angegeben hat. Gegebenenfalls kann der Gewinner \u00fcber die Privatnachricht-Funktion angeschrieben werden<\/p>\n<p>(5) Die Gewinner werden unter allen bis dahin mitspielenden Teilnehmern in den Tagen nach Beendigung des Gewinnspiels ausgelost<\/p>\n<p>(6) Der Preis wird nach der \u00dcbermittlung der Postadresse per Post \u00fcbersandt<\/p>\n<p>(7) Eine Barauszahlung der ausgespielten Werte erfolgt nicht. Ein Umtausch der Gewinne ist nicht m\u00f6glich<\/p>\n<p>(8) Jeder Teilnehmer kann maximal einen Preis gewinnen<\/p>\n<p>(9) Ausgeschlossen von der Teilnahme sind Mitarbeiter\/Innen der\u00a0Treatwell DACH GmbH\u00a0und andere mit der Erstellung und Durchf\u00fchrung des Gewinnspiels befasste Personen<\/p>\n<p>(10) Kann ein Preis einem Gewinner nicht zugestellt werden, wird der Preis erneut ausgespielt. Der Gewinner hat nach nicht erfolgreicher Zustellung keinen Anspruch mehr auf Herausgabe des Preises<\/p>\n<p>(11) Teilnehmer verpflichten sich keine rechtswidrigen Inhalte zu teilen. Kommentare, die gegen die Facebook Richtlinien, deutsches Recht und oder das Copyright versto\u00dfen werden nach Kenntnisnahme ohne Ank\u00fcndigung entfernt. Der Teilnehmer ist damit vom Gewinn ausgeschlossen<\/p>\n<p>(12)\u00a0Treatwell beh\u00e4lt sich das Recht vor, das Gewinnspiel anzupassen, zu \u00e4ndern oder abzubrechen, falls die Notwendigkeit besteht. Teilnehmer erkl\u00e4ren sich einverstanden, dass ihre Facebook Namen bei einem Gewinn \u00f6ffentlich auf der Treatwell Facebook Seite gepostet werden.<\/p>\n<p><b><br \/>Disclaimer<\/b><\/p>\n<p>Es gelten die Allgemeinen Gesch\u00e4ftsbedingungen von Facebook. Das Gewinnspiel steht in keiner Verbindung zu Facebook und wird in keiner Weise von Facebook gesponsert, unterst\u00fctzt oder organisiert. Ansprechpartner und Verantwortlicher ist alleine der Veranstalter. S\u00e4mtliche Fragen, Kommentare oder Beschwerden zum Gewinnspiel sind nicht an Facebook zu richten, sondern ebenfalls an den Veranstalter.<\/p>\n<p><b><br \/>Haftungsausschluss<\/b><\/p>\n<p>Der Veranstalter haftet in keiner Form f\u00fcr mittelbare oder unmittelbare Sch\u00e4den, die sich aus der Teilnahme an der Aktion oder der Nichterreichbarkeit des Internet-Servers ergeben, es sei denn, diese sind auf grob fahrl\u00e4ssiges oder vors\u00e4tzliches Handeln zur\u00fcckzuf\u00fchren, welches von dem Veranstalter zu vertreten ist.<\/p>\n<p><b><br \/>Datenschutz<\/b><\/p>\n<p>Soweit im Rahmen der Aktion personenbezogene Daten von Teilnehmern erfasst werden, werden diese vom Veranstalter ausschlie\u00dflich zum Zwecke der Durchf\u00fchrung der Aktion erhoben, verarbeitet und genutzt und k\u00f6nnen dauerhaft auf der Treatwell Facebook Fanpage ver\u00f6ffentlicht werden.<\/p>\n<p><b><br \/>Ausschluss des Rechtsweges<\/b><\/p>\n<p>Der Rechtsweg ist ausgeschlossen.<\/p>\n<p>\u00a0<\/p>\n","protected":false},"excerpt":{"rendered":"<p>Facebook \u2013 Teilnahmebedingungen Teilnahmebedingungen \u00a0Diese Bedingungen\u00a0regeln die Teilnahme von Gewinnspielen auf den \u00f6sterreichischen Social Media Kan\u00e4len\u00a0von Treatwell:\u00a0Treatwell DACH GmbHZweigniederlassung WienMillennium TowerHandelskai 94-96 1200 Wien\u00a0Auf welchen Kan\u00e4len werden Gewinnspiele kommuniziert?Treatwell.at ver\u00f6ffentlich Gewinnspiele auf folgenden Social Media Kan\u00e4len: Facebook, Instagram, Twitter.\u00a0In welchem Zeitraum kann ich teilnehmen?Die Teilnahme am Gewinnspiel ist ab Ver\u00f6ffentlichung und zum kommunizierten Datum aktiv.\u00a0Teilnahmezeitr\u00e4ume&hellip;<\/p>\n","protected":false},"author":10,"featured_media":0,"parent":1062,"menu_order":0,"comment_status":"closed","ping_status":"closed","template":"","meta":{"inline_featured_image":false,"footnotes":""},"class_list":["post-913","page","type-page","status-publish","hentry"],"yoast_head":"<!-- This site is optimized with the Yoast SEO plugin v27.3 - https:\/\/yoast.com\/product\/yoast-seo-wordpress\/ -->\n<title>Facebook \u2013 Teilnahmebedingungen - Treatwell AT<\/title>\n<meta name=\"robots\" content=\"index, follow, max-snippet:-1, max-image-preview:large, max-video-preview:-1\" \/>\n<link rel=\"canonical\" href=\"https:\/\/www.treatwell.at/inspiration\/freunde-werben-freunde\/facebook-teilnahmebedingungen\/\" \/>\n<meta property=\"og:locale\" content=\"de_DE\" \/>\n<meta property=\"og:type\" content=\"article\" \/>\n<meta property=\"og:title\" content=\"Facebook \u2013 Teilnahmebedingungen - Treatwell AT\" \/>\n<meta property=\"og:description\" content=\"Facebook \u2013 Teilnahmebedingungen Teilnahmebedingungen \u00a0Diese Bedingungen\u00a0regeln die Teilnahme von Gewinnspielen auf den \u00f6sterreichischen Social Media Kan\u00e4len\u00a0von Treatwell:\u00a0Treatwell DACH GmbHZweigniederlassung WienMillennium TowerHandelskai 94-96 1200 Wien\u00a0Auf welchen Kan\u00e4len werden Gewinnspiele kommuniziert?Treatwell.at ver\u00f6ffentlich Gewinnspiele auf folgenden Social Media Kan\u00e4len: Facebook, Instagram, Twitter.\u00a0In welchem Zeitraum kann ich teilnehmen?Die Teilnahme am Gewinnspiel ist ab Ver\u00f6ffentlichung und zum kommunizierten Datum aktiv.\u00a0Teilnahmezeitr\u00e4ume&hellip;\" \/>\n<meta property=\"og:url\" content=\"https:\/\/www.treatwell.at/inspiration\/freunde-werben-freunde\/facebook-teilnahmebedingungen\/\" \/>\n<meta property=\"og:site_name\" content=\"Treatwell AT\" \/>\n<meta property=\"article:modified_time\" content=\"2017-02-14T17:51:44+00:00\" \/>\n<meta property=\"og:image\" content=\"https:\/\/www.treatwell.at/inspiration\/wp-content\/uploads\/sites\/5\/2016\/06\/lack-FB-AD-Promote-Page.jpg\" \/>\n<meta name=\"twitter:card\" content=\"summary_large_image\" \/>\n<meta name=\"twitter:label1\" content=\"Gesch\u00e4tzte Lesezeit\" \/>\n\t<meta name=\"twitter:data1\" content=\"3 Minuten\" \/>\n<script type=\"application\/ld+json\" class=\"yoast-schema-graph\">{\"@context\":\"https:\\\/\\\/schema.org\",\"@graph\":[{\"@type\":\"WebPage\",\"@id\":\"https:\\\/\\\/www.treatwell.at/inspiration\\\/freunde-werben-freunde\\\/facebook-teilnahmebedingungen\\\/\",\"url\":\"https:\\\/\\\/www.treatwell.at/inspiration\\\/freunde-werben-freunde\\\/facebook-teilnahmebedingungen\\\/\",\"name\":\"Facebook \u2013 Teilnahmebedingungen - Treatwell AT\",\"isPartOf\":{\"@id\":\"https:\\\/\\\/www.treatwell.at/inspiration\\\/#website\"},\"primaryImageOfPage\":{\"@id\":\"https:\\\/\\\/www.treatwell.at/inspiration\\\/freunde-werben-freunde\\\/facebook-teilnahmebedingungen\\\/#primaryimage\"},\"image\":{\"@id\":\"https:\\\/\\\/www.treatwell.at/inspiration\\\/freunde-werben-freunde\\\/facebook-teilnahmebedingungen\\\/#primaryimage\"},\"thumbnailUrl\":\"https:\\\/\\\/www.treatwell.at/inspiration\\\/wp-content\\\/uploads\\\/sites\\\/5\\\/2016\\\/06\\\/lack-FB-AD-Promote-Page.jpg\",\"datePublished\":\"2016-06-15T15:54:35+00:00\",\"dateModified\":\"2017-02-14T17:51:44+00:00\",\"breadcrumb\":{\"@id\":\"https:\\\/\\\/www.treatwell.at/inspiration\\\/freunde-werben-freunde\\\/facebook-teilnahmebedingungen\\\/#breadcrumb\"},\"inLanguage\":\"de-DE\",\"potentialAction\":[{\"@type\":\"ReadAction\",\"target\":[\"https:\\\/\\\/www.treatwell.at/inspiration\\\/freunde-werben-freunde\\\/facebook-teilnahmebedingungen\\\/\"]}]},{\"@type\":\"ImageObject\",\"inLanguage\":\"de-DE\",\"@id\":\"https:\\\/\\\/www.treatwell.at/inspiration\\\/freunde-werben-freunde\\\/facebook-teilnahmebedingungen\\\/#primaryimage\",\"url\":\"https:\\\/\\\/www.treatwell.at/inspiration\\\/wp-content\\\/uploads\\\/sites\\\/5\\\/2016\\\/06\\\/lack-FB-AD-Promote-Page.jpg\",\"contentUrl\":\"https:\\\/\\\/www.treatwell.at/inspiration\\\/wp-content\\\/uploads\\\/sites\\\/5\\\/2016\\\/06\\\/lack-FB-AD-Promote-Page.jpg\",\"width\":1200,\"height\":444},{\"@type\":\"BreadcrumbList\",\"@id\":\"https:\\\/\\\/www.treatwell.at/inspiration\\\/freunde-werben-freunde\\\/facebook-teilnahmebedingungen\\\/#breadcrumb\",\"itemListElement\":[{\"@type\":\"ListItem\",\"position\":1,\"name\":\"Home\",\"item\":\"https:\\\/\\\/www.treatwell.at/inspiration\\\/\"},{\"@type\":\"ListItem\",\"position\":2,\"name\":\"Refer a friend\",\"item\":\"https:\\\/\\\/www.treatwell.at/inspiration\\\/freunde-werben-freunde\\\/\"},{\"@type\":\"ListItem\",\"position\":3,\"name\":\"Facebook \u2013 Teilnahmebedingungen\"}]},{\"@type\":\"WebSite\",\"@id\":\"https:\\\/\\\/www.treatwell.at/inspiration\\\/#website\",\"url\":\"https:\\\/\\\/www.treatwell.at/inspiration\\\/\",\"name\":\"Treatwell AT\",\"description\":\"\",\"potentialAction\":[{\"@type\":\"SearchAction\",\"target\":{\"@type\":\"EntryPoint\",\"urlTemplate\":\"https:\\\/\\\/www.treatwell.at/inspiration\\\/?s={search_term_string}\"},\"query-input\":{\"@type\":\"PropertyValueSpecification\",\"valueRequired\":true,\"valueName\":\"search_term_string\"}}],\"inLanguage\":\"de-DE\"}]}<\/script>\n<!-- \/ Yoast SEO plugin. -->","yoast_head_json":{"title":"Facebook \u2013 Teilnahmebedingungen - Treatwell AT","robots":{"index":"index","follow":"follow","max-snippet":"max-snippet:-1","max-image-preview":"max-image-preview:large","max-video-preview":"max-video-preview:-1"},"canonical":"https:\/\/www.treatwell.at/inspiration\/freunde-werben-freunde\/facebook-teilnahmebedingungen\/","og_locale":"de_DE","og_type":"article","og_title":"Facebook \u2013 Teilnahmebedingungen - Treatwell AT","og_description":"Facebook \u2013 Teilnahmebedingungen Teilnahmebedingungen \u00a0Diese Bedingungen\u00a0regeln die Teilnahme von Gewinnspielen auf den \u00f6sterreichischen Social Media Kan\u00e4len\u00a0von Treatwell:\u00a0Treatwell DACH GmbHZweigniederlassung WienMillennium TowerHandelskai 94-96 1200 Wien\u00a0Auf welchen Kan\u00e4len werden Gewinnspiele kommuniziert?Treatwell.at ver\u00f6ffentlich Gewinnspiele auf folgenden Social Media Kan\u00e4len: Facebook, Instagram, Twitter.\u00a0In welchem Zeitraum kann ich teilnehmen?Die Teilnahme am Gewinnspiel ist ab Ver\u00f6ffentlichung und zum kommunizierten Datum aktiv.\u00a0Teilnahmezeitr\u00e4ume&hellip;","og_url":"https:\/\/www.treatwell.at/inspiration\/freunde-werben-freunde\/facebook-teilnahmebedingungen\/","og_site_name":"Treatwell AT","article_modified_time":"2017-02-14T17:51:44+00:00","og_image":[{"url":"https:\/\/www.treatwell.at/inspiration\/wp-content\/uploads\/sites\/5\/2016\/06\/lack-FB-AD-Promote-Page.jpg","type":"","width":"","height":""}],"twitter_card":"summary_large_image","twitter_misc":{"Gesch\u00e4tzte Lesezeit":"3 Minuten"},"schema":{"@context":"https:\/\/schema.org","@graph":[{"@type":"WebPage","@id":"https:\/\/www.treatwell.at/inspiration\/freunde-werben-freunde\/facebook-teilnahmebedingungen\/","url":"https:\/\/www.treatwell.at/inspiration\/freunde-werben-freunde\/facebook-teilnahmebedingungen\/","name":"Facebook \u2013 Teilnahmebedingungen - Treatwell AT","isPartOf":{"@id":"https:\/\/www.treatwell.at/inspiration\/#website"},"primaryImageOfPage":{"@id":"https:\/\/www.treatwell.at/inspiration\/freunde-werben-freunde\/facebook-teilnahmebedingungen\/#primaryimage"},"image":{"@id":"https:\/\/www.treatwell.at/inspiration\/freunde-werben-freunde\/facebook-teilnahmebedingungen\/#primaryimage"},"thumbnailUrl":"https:\/\/www.treatwell.at/inspiration\/wp-content\/uploads\/sites\/5\/2016\/06\/lack-FB-AD-Promote-Page.jpg","datePublished":"2016-06-15T15:54:35+00:00","dateModified":"2017-02-14T17:51:44+00:00","breadcrumb":{"@id":"https:\/\/www.treatwell.at/inspiration\/freunde-werben-freunde\/facebook-teilnahmebedingungen\/#breadcrumb"},"inLanguage":"de-DE","potentialAction":[{"@type":"ReadAction","target":["https:\/\/www.treatwell.at/inspiration\/freunde-werben-freunde\/facebook-teilnahmebedingungen\/"]}]},{"@type":"ImageObject","inLanguage":"de-DE","@id":"https:\/\/www.treatwell.at/inspiration\/freunde-werben-freunde\/facebook-teilnahmebedingungen\/#primaryimage","url":"https:\/\/www.treatwell.at/inspiration\/wp-content\/uploads\/sites\/5\/2016\/06\/lack-FB-AD-Promote-Page.jpg","contentUrl":"https:\/\/www.treatwell.at/inspiration\/wp-content\/uploads\/sites\/5\/2016\/06\/lack-FB-AD-Promote-Page.jpg","width":1200,"height":444},{"@type":"BreadcrumbList","@id":"https:\/\/www.treatwell.at/inspiration\/freunde-werben-freunde\/facebook-teilnahmebedingungen\/#breadcrumb","itemListElement":[{"@type":"ListItem","position":1,"name":"Home","item":"https:\/\/www.treatwell.at/inspiration\/"},{"@type":"ListItem","position":2,"name":"Refer a friend","item":"https:\/\/www.treatwell.at/inspiration\/freunde-werben-freunde\/"},{"@type":"ListItem","position":3,"name":"Facebook \u2013 Teilnahmebedingungen"}]},{"@type":"WebSite","@id":"https:\/\/www.treatwell.at/inspiration\/#website","url":"https:\/\/www.treatwell.at/inspiration\/","name":"Treatwell AT","description":"","potentialAction":[{"@type":"SearchAction","target":{"@type":"EntryPoint","urlTemplate":"https:\/\/www.treatwell.at/inspiration\/?s={search_term_string}"},"query-input":{"@type":"PropertyValueSpecification","valueRequired":true,"valueName":"search_term_string"}}],"inLanguage":"de-DE"}]}},"_links":{"self":[{"href":"https:\/\/www.treatwell.at\/inspiration\/wp-json\/wp\/v2\/pages\/913","targetHints":{"allow":["GET"]}}],"collection":[{"href":"https:\/\/www.treatwell.at\/inspiration\/wp-json\/wp\/v2\/pages"}],"about":[{"href":"https:\/\/www.treatwell.at\/inspiration\/wp-json\/wp\/v2\/types\/page"}],"author":[{"embeddable":true,"href":"https:\/\/www.treatwell.at\/inspiration\/wp-json\/wp\/v2\/users\/10"}],"replies":[{"embeddable":true,"href":"https:\/\/www.treatwell.at\/inspiration\/wp-json\/wp\/v2\/comments?post=913"}],"version-history":[{"count":0,"href":"https:\/\/www.treatwell.at\/inspiration\/wp-json\/wp\/v2\/pages\/913\/revisions"}],"up":[{"embeddable":true,"href":"https:\/\/www.treatwell.at\/inspiration\/wp-json\/wp\/v2\/pages\/1062"}],"wp:attachment":[{"href":"https:\/\/www.treatwell.at\/inspiration\/wp-json\/wp\/v2\/media?parent=913"}],"curies":[{"name":"wp","href":"https:\/\/api.w.org\/{rel}","templated":true}]}}